{"id":9844,"date":"2023-03-23T13:07:13","date_gmt":"2023-03-23T12:07:13","guid":{"rendered":"https:\/\/lassiseouest.fr\/?post_type=product&#038;p=9844"},"modified":"2024-10-17T08:53:41","modified_gmt":"2024-10-17T06:53:41","slug":"assise-sur-mesure-ikea","status":"publish","type":"product","link":"https:\/\/lassiseouest.fr\/index.php\/produit\/assise-sur-mesure-ikea\/","title":{"rendered":"ASSISE SUR MESURE IKEA \u00ab\u00a0chaise STEFAN\u00a0\u00bb"},"content":{"rendered":"<p>Une assise de chaise \u201cSur mesure\u201d pour \u00e9pouser parfaitement votre chaise STEFAN\u201d<\/p>\n<p>Composition tissu au choix &#8211; A partir de 4 unit\u00e9s &#8211; Commande sur place avec la chaise \u00e0 habiller ou \u00ab\u00a0\u00e0 distance\u00a0\u00bb selon les \u00e9tapes suivantes :<br \/>\nEtape 1 : Envoyez-moi par mail une ou plusieurs photos pour d\u00e9terminer la faisabilit\u00e9 et le co\u00fbt<br \/>\nEtape 2 : Envoyez-moi vos mesures selon le sch\u00e9ma ci-dessous<br \/>\nEtape 3 : R\u00e9alisation et envoi d&rsquo;une assise en essai (cette derni\u00e8re est factur\u00e9e avec des frais de port)<br \/>\nEtape 4 : R\u00e9alisation et envoi des assises selon la quantit\u00e9 souhait\u00e9e (si satisfaction de l&rsquo;assise d&rsquo;essai)<\/p>\n<p>Options possibles :<br \/>\nD\u00e9houssable (en option) : + 3\u20ac \/assise<br \/>\nMousse Haute R\u00e9silience : + 6\u20ac \/assise<br \/>\nPossibilit\u00e9 : Mousse de substitution Haute r\u00e9silience de densit\u00e9 40kg\/m3<\/p>\n<h3>Une housse d\u2019assise de chaise \u201cSur mesure IKEA<\/h3>\n<p>Une assise de chaise faite sur mesure pour \u00e9pouser la forme des fameuses chaise STEFAN d\u2019IKEA.<\/p>\n<p>Vous avez une chaise paill\u00e9e \u00e9troite ? D\u00e9couvrez notre assise sur mesure \u201cmini\u201d<br \/>\n<a href=\"https:\/\/lassiseouest.fr\/index.php\/produit\/assise-sur-mesure-mini\/\">Mini<\/a> !<\/p>\n<h3>Un syst\u00e8me d\u2019attache unique<\/h3>\n<p>Notre <a href=\"https:\/\/lassiseouest.fr\/index.php\/concept\/\">syst\u00e8me d\u2019assise \u00e0 scratch brevet\u00e9<\/a> lui assure un maintien parfait et discret sur votre chaise.<br \/>\nNos assises sont ainsi plus stables que de simples galettes de chaise gr\u00e2ce \u00e0 leurs attaches velcro. Elles vous offrent 2,2cm d&rsquo;\u00e9paisseur gr\u00e2ce \u00e0 leur mousse polyether de premier choix, garantie d&rsquo;un excellent confort.<\/p>\n<h3>Recouvrez vos assises de chaise facilement<\/h3>\n<p>Gr\u00e2ce \u00e0 nos assises de chaise en tissu, changez de style en fonction de vos envies et des saisons. D\u00e9-scratchez, scratchez et vous voil\u00e0 avec des chaises toutes neuves !<br \/>\nRecouvrir vos assises de chaise en paille n&rsquo;a jamais \u00e9t\u00e9 aussi simple. Choisissez parmi nos nombreux tissus, il y en a pour tous les styles : graphique, tendance, uni, en lin, en simili cuir&#8230; Vous ne trouvez pas votre bonheur ? Contactez nous pour des <a href=\"https:\/\/lassiseouest.fr\/index.php\/produit\/assise-sur-mesure\/\">assises de chaise sur mesure<\/a> !<\/p>\n<h3>Entretien de votre housse<\/h3>\n<p>Pour les assises non d\u00e9houssables, nous vous recommandons un lavage \u00e0 la main, car la mousse de l&rsquo;assise ne supportera pas l&rsquo;essorage. Trempez l&rsquo;assise dans une baignoire ou une large bassine pour \u00e9viter les aur\u00e9oles, nettoyez avec du savon de Marseille, rincez puis \u00e9tendez sur un fil.<\/p>\n<h3>Assise de chaise Made in France<\/h3>\n<p>Depuis 2012, nous fabriquons nos produits en Loire Atlantique. Nos tissus et mati\u00e8res premi\u00e8res proviennent principalement de France et parfois d&rsquo;Europe. Elles sont s\u00e9lectionn\u00e9es par notre artisan et choisies pour leur qualit\u00e9 et leur r\u00e9sistance.<\/p>\n<h3><\/h3>\n","protected":false},"excerpt":{"rendered":"<p>Composition tissu au choix &#8211; A partir de 4 unit\u00e9s &#8211; <strong>Commande sur place avec la chaise \u00e0 habiller ou \u00ab\u00a0\u00e0 distance\u00a0\u00bb<\/strong><\/p>\n<p><a href=\"https:\/\/lassiseouest.fr\/wp-content\/uploads\/2017\/01\/Fermeture_\u00e9clair.jpg\">D\u00e9houssable (en option)<\/a><\/p>\n<p><a href=\"https:\/\/lassiseouest.fr\/wp-content\/uploads\/2017\/01\/Tableau-rep%C3%A8res-3.png\" target=\"_blank\" rel=\"noopener noreferrer\">Guide des tailles<\/a><\/p>\n<p>Doublure 50% coton &#8211; 50% polyester<\/p>\n<p>Garniture mousse poly\u00e9ther (21kg\/m3) ou mousse HR (haute r\u00e9silience) (40kg\/m3)<\/p>\n","protected":false},"featured_media":9849,"template":"","meta":{"_exactmetrics_skip_tracking":false,"_exactmetrics_sitenote_active":false,"_exactmetrics_sitenote_note":"","_exactmetrics_sitenote_category":0},"product_brand":[],"product_cat":[46,79],"product_tag":[],"class_list":{"0":"post-9844","1":"product","2":"type-product","3":"status-publish","4":"has-post-thumbnail","6":"product_cat-non-classe","7":"product_cat-sur-mesure","8":"pa_dehoussable-non","9":"pa_dehoussable-oui-3-e","10":"pa_taille-cuisine","11":"pa_taille-standard","13":"first","14":"outofstock","15":"shipping-taxable","16":"purchasable","17":"product-type-variable"},"yoast_head":"<!-- This site is optimized with the Yoast SEO plugin v27.4 - https:\/\/yoast.com\/product\/yoast-seo-wordpress\/ -->\n<title>&quot;Sur mesure Ik\u00e9a\u201d - assise de chaise STEFAN | L\u2019Assise Ouest<\/title>\n<meta name=\"description\" content=\"D\u00e9couvrez notre assise de chaise sur mesure \u00e0 la fameuse chaise IKEA STEFAN\" \/>\n<meta name=\"robots\" content=\"index, follow, max-snippet:-1, max-image-preview:large, max-video-preview:-1\" \/>\n<link rel=\"canonical\" href=\"https:\/\/lassiseouest.fr\/index.php\/produit\/assise-sur-mesure-ikea\/\" \/>\n<meta property=\"og:locale\" content=\"fr_FR\" \/>\n<meta property=\"og:type\" content=\"article\" \/>\n<meta property=\"og:title\" content=\"&quot;Sur mesure Ik\u00e9a\u201d - assise de chaise STEFAN | L\u2019Assise Ouest\" \/>\n<meta property=\"og:description\" content=\"D\u00e9couvrez notre assise de chaise sur mesure \u00e0 la fameuse chaise IKEA STEFAN\" \/>\n<meta property=\"og:url\" content=\"https:\/\/lassiseouest.fr\/index.php\/produit\/assise-sur-mesure-ikea\/\" \/>\n<meta property=\"og:site_name\" content=\"L&#039;Assise Ouest\" \/>\n<meta property=\"article:publisher\" content=\"https:\/\/www.facebook.com\/profile.php?id=100067985598745\" \/>\n<meta property=\"article:modified_time\" content=\"2024-10-17T06:53:41+00:00\" \/>\n<meta property=\"og:image\" content=\"https:\/\/lassiseouest.fr\/wp-content\/uploads\/2024\/02\/galette-de-chaise-ikea-3.jpg\" \/>\n\t<meta property=\"og:image:width\" content=\"600\" \/>\n\t<meta property=\"og:image:height\" content=\"600\" \/>\n\t<meta property=\"og:image:type\" content=\"image\/jpeg\" \/>\n<meta name=\"twitter:card\" content=\"summary_large_image\" \/>\n<meta name=\"twitter:label1\" content=\"Dur\u00e9e de lecture estim\u00e9e\" \/>\n\t<meta name=\"twitter:data1\" content=\"3 minutes\" \/>\n<script type=\"application\/ld+json\" class=\"yoast-schema-graph\">{\"@context\":\"https:\\\/\\\/schema.org\",\"@graph\":[{\"@type\":\"WebPage\",\"@id\":\"https:\\\/\\\/lassiseouest.fr\\\/index.php\\\/produit\\\/assise-sur-mesure-ikea\\\/\",\"url\":\"https:\\\/\\\/lassiseouest.fr\\\/index.php\\\/produit\\\/assise-sur-mesure-ikea\\\/\",\"name\":\"\\\"Sur mesure Ik\u00e9a\u201d - assise de chaise STEFAN | L\u2019Assise Ouest\",\"isPartOf\":{\"@id\":\"https:\\\/\\\/lassiseouest.fr\\\/#website\"},\"primaryImageOfPage\":{\"@id\":\"https:\\\/\\\/lassiseouest.fr\\\/index.php\\\/produit\\\/assise-sur-mesure-ikea\\\/#primaryimage\"},\"image\":{\"@id\":\"https:\\\/\\\/lassiseouest.fr\\\/index.php\\\/produit\\\/assise-sur-mesure-ikea\\\/#primaryimage\"},\"thumbnailUrl\":\"https:\\\/\\\/lassiseouest.fr\\\/wp-content\\\/uploads\\\/2024\\\/02\\\/galette-de-chaise-ikea-3.jpg\",\"datePublished\":\"2023-03-23T12:07:13+00:00\",\"dateModified\":\"2024-10-17T06:53:41+00:00\",\"description\":\"D\u00e9couvrez notre assise de chaise sur mesure \u00e0 la fameuse chaise IKEA STEFAN\",\"breadcrumb\":{\"@id\":\"https:\\\/\\\/lassiseouest.fr\\\/index.php\\\/produit\\\/assise-sur-mesure-ikea\\\/#breadcrumb\"},\"inLanguage\":\"fr-FR\",\"potentialAction\":[{\"@type\":\"ReadAction\",\"target\":[\"https:\\\/\\\/lassiseouest.fr\\\/index.php\\\/produit\\\/assise-sur-mesure-ikea\\\/\"]}]},{\"@type\":\"ImageObject\",\"inLanguage\":\"fr-FR\",\"@id\":\"https:\\\/\\\/lassiseouest.fr\\\/index.php\\\/produit\\\/assise-sur-mesure-ikea\\\/#primaryimage\",\"url\":\"https:\\\/\\\/lassiseouest.fr\\\/wp-content\\\/uploads\\\/2024\\\/02\\\/galette-de-chaise-ikea-3.jpg\",\"contentUrl\":\"https:\\\/\\\/lassiseouest.fr\\\/wp-content\\\/uploads\\\/2024\\\/02\\\/galette-de-chaise-ikea-3.jpg\",\"width\":600,\"height\":600},{\"@type\":\"BreadcrumbList\",\"@id\":\"https:\\\/\\\/lassiseouest.fr\\\/index.php\\\/produit\\\/assise-sur-mesure-ikea\\\/#breadcrumb\",\"itemListElement\":[{\"@type\":\"ListItem\",\"position\":1,\"name\":\"Accueil\",\"item\":\"https:\\\/\\\/lassiseouest.fr\\\/\"},{\"@type\":\"ListItem\",\"position\":2,\"name\":\"Boutique. livraison en point relais : 6,96\u20ac \\\/ A domicile : 13,20\u20ac. Fabrication en 24 \u00e0 48h.\",\"item\":\"https:\\\/\\\/lassiseouest.fr\\\/index.php\\\/boutique\\\/\"},{\"@type\":\"ListItem\",\"position\":3,\"name\":\"ASSISE SUR MESURE IKEA \u00ab\u00a0chaise STEFAN\u00a0\u00bb\"}]},{\"@type\":\"WebSite\",\"@id\":\"https:\\\/\\\/lassiseouest.fr\\\/#website\",\"url\":\"https:\\\/\\\/lassiseouest.fr\\\/\",\"name\":\"L'Assise Ouest\",\"description\":\"Nouvelle assise, Nouvelle chaise\",\"publisher\":{\"@id\":\"https:\\\/\\\/lassiseouest.fr\\\/#organization\"},\"potentialAction\":[{\"@type\":\"SearchAction\",\"target\":{\"@type\":\"EntryPoint\",\"urlTemplate\":\"https:\\\/\\\/lassiseouest.fr\\\/?s={search_term_string}\"},\"query-input\":{\"@type\":\"PropertyValueSpecification\",\"valueRequired\":true,\"valueName\":\"search_term_string\"}}],\"inLanguage\":\"fr-FR\"},{\"@type\":\"Organization\",\"@id\":\"https:\\\/\\\/lassiseouest.fr\\\/#organization\",\"name\":\"L'Assise Ouest\",\"url\":\"https:\\\/\\\/lassiseouest.fr\\\/\",\"logo\":{\"@type\":\"ImageObject\",\"inLanguage\":\"fr-FR\",\"@id\":\"https:\\\/\\\/lassiseouest.fr\\\/#\\\/schema\\\/logo\\\/image\\\/\",\"url\":\"https:\\\/\\\/lassiseouest.fr\\\/wp-content\\\/uploads\\\/2016\\\/09\\\/Logo-Assisse-de-lOuest-transparent-150x150-1.png\",\"contentUrl\":\"https:\\\/\\\/lassiseouest.fr\\\/wp-content\\\/uploads\\\/2016\\\/09\\\/Logo-Assisse-de-lOuest-transparent-150x150-1.png\",\"width\":150,\"height\":150,\"caption\":\"L'Assise Ouest\"},\"image\":{\"@id\":\"https:\\\/\\\/lassiseouest.fr\\\/#\\\/schema\\\/logo\\\/image\\\/\"},\"sameAs\":[\"https:\\\/\\\/www.facebook.com\\\/profile.php?id=100067985598745\",\"https:\\\/\\\/www.youtube.com\\\/channel\\\/UCQVzhUN8EGkq4yFk3oQ8YxA\",\"https:\\\/\\\/www.pinterest.fr\\\/lassiseouest\\\/pins\\\/\"]}]}<\/script>\n<!-- \/ Yoast SEO plugin. -->","yoast_head_json":{"title":"\"Sur mesure Ik\u00e9a\u201d - assise de chaise STEFAN | L\u2019Assise Ouest","description":"D\u00e9couvrez notre assise de chaise sur mesure \u00e0 la fameuse chaise IKEA STEFAN","robots":{"index":"index","follow":"follow","max-snippet":"max-snippet:-1","max-image-preview":"max-image-preview:large","max-video-preview":"max-video-preview:-1"},"canonical":"https:\/\/lassiseouest.fr\/index.php\/produit\/assise-sur-mesure-ikea\/","og_locale":"fr_FR","og_type":"article","og_title":"\"Sur mesure Ik\u00e9a\u201d - assise de chaise STEFAN | L\u2019Assise Ouest","og_description":"D\u00e9couvrez notre assise de chaise sur mesure \u00e0 la fameuse chaise IKEA STEFAN","og_url":"https:\/\/lassiseouest.fr\/index.php\/produit\/assise-sur-mesure-ikea\/","og_site_name":"L&#039;Assise Ouest","article_publisher":"https:\/\/www.facebook.com\/profile.php?id=100067985598745","article_modified_time":"2024-10-17T06:53:41+00:00","og_image":[{"width":600,"height":600,"url":"https:\/\/lassiseouest.fr\/wp-content\/uploads\/2024\/02\/galette-de-chaise-ikea-3.jpg","type":"image\/jpeg"}],"twitter_card":"summary_large_image","twitter_misc":{"Dur\u00e9e de lecture estim\u00e9e":"3 minutes"},"schema":{"@context":"https:\/\/schema.org","@graph":[{"@type":"WebPage","@id":"https:\/\/lassiseouest.fr\/index.php\/produit\/assise-sur-mesure-ikea\/","url":"https:\/\/lassiseouest.fr\/index.php\/produit\/assise-sur-mesure-ikea\/","name":"\"Sur mesure Ik\u00e9a\u201d - assise de chaise STEFAN | L\u2019Assise Ouest","isPartOf":{"@id":"https:\/\/lassiseouest.fr\/#website"},"primaryImageOfPage":{"@id":"https:\/\/lassiseouest.fr\/index.php\/produit\/assise-sur-mesure-ikea\/#primaryimage"},"image":{"@id":"https:\/\/lassiseouest.fr\/index.php\/produit\/assise-sur-mesure-ikea\/#primaryimage"},"thumbnailUrl":"https:\/\/lassiseouest.fr\/wp-content\/uploads\/2024\/02\/galette-de-chaise-ikea-3.jpg","datePublished":"2023-03-23T12:07:13+00:00","dateModified":"2024-10-17T06:53:41+00:00","description":"D\u00e9couvrez notre assise de chaise sur mesure \u00e0 la fameuse chaise IKEA STEFAN","breadcrumb":{"@id":"https:\/\/lassiseouest.fr\/index.php\/produit\/assise-sur-mesure-ikea\/#breadcrumb"},"inLanguage":"fr-FR","potentialAction":[{"@type":"ReadAction","target":["https:\/\/lassiseouest.fr\/index.php\/produit\/assise-sur-mesure-ikea\/"]}]},{"@type":"ImageObject","inLanguage":"fr-FR","@id":"https:\/\/lassiseouest.fr\/index.php\/produit\/assise-sur-mesure-ikea\/#primaryimage","url":"https:\/\/lassiseouest.fr\/wp-content\/uploads\/2024\/02\/galette-de-chaise-ikea-3.jpg","contentUrl":"https:\/\/lassiseouest.fr\/wp-content\/uploads\/2024\/02\/galette-de-chaise-ikea-3.jpg","width":600,"height":600},{"@type":"BreadcrumbList","@id":"https:\/\/lassiseouest.fr\/index.php\/produit\/assise-sur-mesure-ikea\/#breadcrumb","itemListElement":[{"@type":"ListItem","position":1,"name":"Accueil","item":"https:\/\/lassiseouest.fr\/"},{"@type":"ListItem","position":2,"name":"Boutique. livraison en point relais : 6,96\u20ac \/ A domicile : 13,20\u20ac. Fabrication en 24 \u00e0 48h.","item":"https:\/\/lassiseouest.fr\/index.php\/boutique\/"},{"@type":"ListItem","position":3,"name":"ASSISE SUR MESURE IKEA \u00ab\u00a0chaise STEFAN\u00a0\u00bb"}]},{"@type":"WebSite","@id":"https:\/\/lassiseouest.fr\/#website","url":"https:\/\/lassiseouest.fr\/","name":"L'Assise Ouest","description":"Nouvelle assise, Nouvelle chaise","publisher":{"@id":"https:\/\/lassiseouest.fr\/#organization"},"potentialAction":[{"@type":"SearchAction","target":{"@type":"EntryPoint","urlTemplate":"https:\/\/lassiseouest.fr\/?s={search_term_string}"},"query-input":{"@type":"PropertyValueSpecification","valueRequired":true,"valueName":"search_term_string"}}],"inLanguage":"fr-FR"},{"@type":"Organization","@id":"https:\/\/lassiseouest.fr\/#organization","name":"L'Assise Ouest","url":"https:\/\/lassiseouest.fr\/","logo":{"@type":"ImageObject","inLanguage":"fr-FR","@id":"https:\/\/lassiseouest.fr\/#\/schema\/logo\/image\/","url":"https:\/\/lassiseouest.fr\/wp-content\/uploads\/2016\/09\/Logo-Assisse-de-lOuest-transparent-150x150-1.png","contentUrl":"https:\/\/lassiseouest.fr\/wp-content\/uploads\/2016\/09\/Logo-Assisse-de-lOuest-transparent-150x150-1.png","width":150,"height":150,"caption":"L'Assise Ouest"},"image":{"@id":"https:\/\/lassiseouest.fr\/#\/schema\/logo\/image\/"},"sameAs":["https:\/\/www.facebook.com\/profile.php?id=100067985598745","https:\/\/www.youtube.com\/channel\/UCQVzhUN8EGkq4yFk3oQ8YxA","https:\/\/www.pinterest.fr\/lassiseouest\/pins\/"]}]}},"_links":{"self":[{"href":"https:\/\/lassiseouest.fr\/index.php\/wp-json\/wp\/v2\/product\/9844","targetHints":{"allow":["GET"]}}],"collection":[{"href":"https:\/\/lassiseouest.fr\/index.php\/wp-json\/wp\/v2\/product"}],"about":[{"href":"https:\/\/lassiseouest.fr\/index.php\/wp-json\/wp\/v2\/types\/product"}],"wp:featuredmedia":[{"embeddable":true,"href":"https:\/\/lassiseouest.fr\/index.php\/wp-json\/wp\/v2\/media\/9849"}],"wp:attachment":[{"href":"https:\/\/lassiseouest.fr\/index.php\/wp-json\/wp\/v2\/media?parent=9844"}],"wp:term":[{"taxonomy":"product_brand","embeddable":true,"href":"https:\/\/lassiseouest.fr\/index.php\/wp-json\/wp\/v2\/product_brand?post=9844"},{"taxonomy":"product_cat","embeddable":true,"href":"https:\/\/lassiseouest.fr\/index.php\/wp-json\/wp\/v2\/product_cat?post=9844"},{"taxonomy":"product_tag","embeddable":true,"href":"https:\/\/lassiseouest.fr\/index.php\/wp-json\/wp\/v2\/product_tag?post=9844"}],"curies":[{"name":"wp","href":"https:\/\/api.w.org\/{rel}","templated":true}]}}