{"id":9719,"date":"2020-12-20T14:38:00","date_gmt":"2020-12-20T13:38:00","guid":{"rendered":"https:\/\/lassiseouest.fr\/?post_type=product&#038;p=9719"},"modified":"2026-03-31T13:58:02","modified_gmt":"2026-03-31T11:58:02","slug":"assise-trimix-orange-bleu","status":"publish","type":"product","link":"https:\/\/lassiseouest.fr\/index.php\/produit\/assise-trimix-orange-bleu\/","title":{"rendered":"ASSISE TRIMIX Orange bleu &#8211; Les 5 derni\u00e8res"},"content":{"rendered":"<h3>Une galette de chaise \u00e0 rabats lumineuse<\/h3>\n<p>Du bleu, du orange, du blanc, du motif g\u00e9om\u00e9trique, la galette de chaise Trimix est \u00e0 la fois tendance et originale ! Avec du noir, du blanc ou du bois naturel, elle apporte de la vie \u00e0 votre int\u00e9rieur pour un style qui ne passe pas inaper\u00e7u. Cette construction de mille et un triangle vous ravira \u00e0 coup s\u00fbr !<\/p>\n<p>D\u00e9couvrez toutes nos <a href=\"https:\/\/lassiseouest.fr\/index.php\/categorie-produit\/couleur\/rouge\/\">galettes de chaise rouges<\/a> !<\/p>\n<p>Cette housse d\u2019assise existe aussi en\u00a0<a href=\"http:\/\/&quot;\u201dhttps:\/\/lassiseouest.fr\/index.php\/produit\/assise-trimix-bleu-vert\">bleu<\/a> vert!<\/p>\n<h3>Un syst\u00e8me d\u2019attache unique<\/h3>\n<p>Notre <a href=\"https:\/\/lassiseouest.fr\/index.php\/concept\/\">syst\u00e8me d\u2019assise \u00e0 scratch brevet\u00e9<\/a> lui assure un maintien parfait et discret sur votre chaise.<br \/>\nNos galettes de chaise \u00e0 rabats sont ainsi plus stables assises sont ainsi plus stables que de simples coussins gr\u00e2ce \u00e0 leur attaches velcro. Elles vous offrent 2,2cm d&rsquo;\u00e9paisseur gr\u00e2ce \u00e0 leur mousse polyether de premier choix, garantie d&rsquo;un excellent confort.<\/p>\n<h3>Recouvrez vos assises de chaise facilement<\/h3>\n<p>Gr\u00e2ce \u00e0 nos assises de chaise en tissu, changez de style en fonction de vos envies et des saisons. D\u00e9-scratchez, scratchez et vous voil\u00e0 avec des chaises toutes neuves !<br \/>\nRelooker une chaise en paille n&rsquo;a jamais \u00e9t\u00e9 aussi simple. Choisissez parmi nos nombreux tissus, il y en a pour tous les styles : graphique, tendance, uni, en lin, en simili cuir&#8230; Vous ne trouvez pas votre bonheur ? Contactez nous pour des <a href=\"https:\/\/lassiseouest.fr\/index.php\/produit\/assise-sur-mesure\/\">assises de chaise sur mesure<\/a> !<\/p>\n<h3>Une housse d&rsquo;assise lavable et d\u00e9houssable<\/h3>\n<p>Nous recommandons un lavage \u00e0 la main afin de ne pas d\u00e9t\u00e9riorer la mousse de vos assises. Faites tremper dans l&rsquo;eau temp\u00e9r\u00e9e dans une baignoire ou une large bassine afin d&rsquo;\u00e9viter les aur\u00e9oles, nettoyez avec du savon de Marseille, rincez sans essorer puis \u00e9tendez sur un fil. Si vous optez pour des galettes d\u00e9houssables, la housse peut \u00eatre lav\u00e9e en machine.<\/p>\n<h3>Assise de chaise Made in France<\/h3>\n<p>L&rsquo;Assise Ouest fabrique ses produits en France, dans notre atelier de Loire Atlantique. Les tissus et mati\u00e8res premi\u00e8res que nous utilisons proviennent principalement de France et parfois d&rsquo;Europe et sont s\u00e9lectionn\u00e9es par notre artisan et choisies pour leur qualit\u00e9 et leur r\u00e9sistance.<\/p>\n<h3>Composition<\/h3>\n<p>Composition tissu 100% coton &#8211; tissu imprim\u00e9 fin<\/p>\n<p>Doublure 50% coton &#8211; 50% polyester<\/p>\n<p>Garniture mousse poly\u00e9ther (21kg\/m<sup>3<\/sup>)<\/p>\n<p><img loading=\"lazy\" decoding=\"async\" class=\"alignnone size-medium wp-image-305\" src=\"https:\/\/lassiseouest.fr\/wp-content\/uploads\/2017\/01\/Tableau-rep\u00e8res-3-300x97.png\" alt=\"\" width=\"300\" height=\"97\" srcset=\"https:\/\/lassiseouest.fr\/wp-content\/uploads\/2017\/01\/Tableau-rep\u00e8res-3-300x97.png 300w, https:\/\/lassiseouest.fr\/wp-content\/uploads\/2017\/01\/Tableau-rep\u00e8res-3-600x194.png 600w, https:\/\/lassiseouest.fr\/wp-content\/uploads\/2017\/01\/Tableau-rep\u00e8res-3-768x248.png 768w, https:\/\/lassiseouest.fr\/wp-content\/uploads\/2017\/01\/Tableau-rep\u00e8res-3-1024x331.png 1024w, https:\/\/lassiseouest.fr\/wp-content\/uploads\/2017\/01\/Tableau-rep\u00e8res-3.png 1412w\" sizes=\"auto, (max-width: 300px) 100vw, 300px\" \/><img loading=\"lazy\" decoding=\"async\" class=\"alignnone size-medium wp-image-10076\" src=\"https:\/\/lassiseouest.fr\/wp-content\/uploads\/2024\/06\/chaise-schema-1-300x238.jpg\" alt=\"\" width=\"300\" height=\"238\" srcset=\"https:\/\/lassiseouest.fr\/wp-content\/uploads\/2024\/06\/chaise-schema-1-300x238.jpg 300w, https:\/\/lassiseouest.fr\/wp-content\/uploads\/2024\/06\/chaise-schema-1.jpg 354w\" sizes=\"auto, (max-width: 300px) 100vw, 300px\" \/><\/p>\n","protected":false},"excerpt":{"rendered":"<p>Cette galette de chaise \u00e0 scratch ne fait pas dans la demie mesure et c\u2019est pour \u00e7a qu\u2019on l\u2019aime ! On l\u2019imagine tout de suite dans une cuisine. Elle jouera la carte r\u00e9tro moderne. En plus, son syst\u00e8me d\u2019attache \u00e0 rabats velcro lui assure un excellent maintien.<\/p>\n<p>Composition tissu 100% coton &#8211; tissu imprim\u00e9 fin<\/p>\n<p><a href=\"https:\/\/lassiseouest.fr\/wp-content\/uploads\/2017\/01\/Fermeture_\u00e9clair.jpg\" target=\"_blank\" rel=\"noopener\">D\u00e9houssable (en option)<\/a><\/p>\n<p><a href=\"https:\/\/lassiseouest.fr\/wp-content\/uploads\/2017\/01\/Tableau-rep%C3%A8res-3.png\" target=\"_blank\" rel=\"noopener noreferrer\">Guide des tailles<\/a><\/p>\n<p><img loading=\"lazy\" decoding=\"async\" class=\"alignnone size-medium wp-image-10076\" src=\"https:\/\/lassiseouest.fr\/wp-content\/uploads\/2024\/06\/chaise-schema-1-300x238.jpg\" alt=\"\" width=\"300\" height=\"238\" srcset=\"https:\/\/lassiseouest.fr\/wp-content\/uploads\/2024\/06\/chaise-schema-1-300x238.jpg 300w, https:\/\/lassiseouest.fr\/wp-content\/uploads\/2024\/06\/chaise-schema-1.jpg 354w\" sizes=\"auto, (max-width: 300px) 100vw, 300px\" \/><\/p>\n","protected":false},"featured_media":9723,"template":"","meta":{"_exactmetrics_skip_tracking":false,"_exactmetrics_sitenote_active":false,"_exactmetrics_sitenote_note":"","_exactmetrics_sitenote_category":0},"product_brand":[],"product_cat":[17,30,18],"product_tag":[],"class_list":{"0":"post-9719","1":"product","2":"type-product","3":"status-publish","4":"has-post-thumbnail","6":"product_cat-geometrique","7":"product_cat-multicolore","8":"product_cat-promos","9":"pa_dehoussable-non","10":"pa_taille-cuisine","12":"first","13":"instock","14":"sale","15":"shipping-taxable","16":"purchasable","17":"product-type-variable"},"yoast_head":"<!-- This site is optimized with the Yoast SEO plugin v27.2 - https:\/\/yoast.com\/product\/yoast-seo-wordpress\/ -->\n<title>Galette de chaise trimix - &quot;orange bleu\u201d | L\u2019Assise Ouest<\/title>\n<meta name=\"description\" content=\"D\u00e9couvrez cette belle housse d\u2019assise de chaise aux motifs r\u00e9p\u00e9titifs, esprit r\u00e9tro, alli\u00e9s aux couleurs bleu et orange. Un tissu tendance pour relooker vos chaises ! Fabriqu\u00e9e en France.\" \/>\n<meta name=\"robots\" content=\"index, follow, max-snippet:-1, max-image-preview:large, max-video-preview:-1\" \/>\n<link rel=\"canonical\" href=\"https:\/\/lassiseouest.fr\/index.php\/produit\/assise-trimix-orange-bleu\/\" \/>\n<meta property=\"og:locale\" content=\"fr_FR\" \/>\n<meta property=\"og:type\" content=\"article\" \/>\n<meta property=\"og:title\" content=\"Galette de chaise trimix - &quot;orange bleu\u201d | L\u2019Assise Ouest\" \/>\n<meta property=\"og:description\" content=\"D\u00e9couvrez cette belle housse d\u2019assise de chaise aux motifs r\u00e9p\u00e9titifs, esprit r\u00e9tro, alli\u00e9s aux couleurs bleu et orange. Un tissu tendance pour relooker vos chaises ! Fabriqu\u00e9e en France.\" \/>\n<meta property=\"og:url\" content=\"https:\/\/lassiseouest.fr\/index.php\/produit\/assise-trimix-orange-bleu\/\" \/>\n<meta property=\"og:site_name\" content=\"L&#039;Assise Ouest\" \/>\n<meta property=\"article:publisher\" content=\"https:\/\/www.facebook.com\/profile.php?id=100067985598745\" \/>\n<meta property=\"article:modified_time\" content=\"2026-03-31T11:58:02+00:00\" \/>\n<meta property=\"og:image\" content=\"https:\/\/lassiseouest.fr\/wp-content\/uploads\/2023\/11\/Trimix-orange-bleu.jpg\" \/>\n\t<meta property=\"og:image:width\" content=\"600\" \/>\n\t<meta property=\"og:image:height\" content=\"579\" \/>\n\t<meta property=\"og:image:type\" content=\"image\/jpeg\" \/>\n<meta name=\"twitter:card\" content=\"summary_large_image\" \/>\n<meta name=\"twitter:label1\" content=\"Dur\u00e9e de lecture estim\u00e9e\" \/>\n\t<meta name=\"twitter:data1\" content=\"3 minutes\" \/>\n<script type=\"application\/ld+json\" class=\"yoast-schema-graph\">{\"@context\":\"https:\/\/schema.org\",\"@graph\":[{\"@type\":\"WebPage\",\"@id\":\"https:\/\/lassiseouest.fr\/index.php\/produit\/assise-trimix-orange-bleu\/\",\"url\":\"https:\/\/lassiseouest.fr\/index.php\/produit\/assise-trimix-orange-bleu\/\",\"name\":\"Galette de chaise trimix - \\\"orange bleu\u201d | L\u2019Assise Ouest\",\"isPartOf\":{\"@id\":\"https:\/\/lassiseouest.fr\/#website\"},\"primaryImageOfPage\":{\"@id\":\"https:\/\/lassiseouest.fr\/index.php\/produit\/assise-trimix-orange-bleu\/#primaryimage\"},\"image\":{\"@id\":\"https:\/\/lassiseouest.fr\/index.php\/produit\/assise-trimix-orange-bleu\/#primaryimage\"},\"thumbnailUrl\":\"https:\/\/lassiseouest.fr\/wp-content\/uploads\/2023\/11\/Trimix-orange-bleu.jpg\",\"datePublished\":\"2020-12-20T13:38:00+00:00\",\"dateModified\":\"2026-03-31T11:58:02+00:00\",\"description\":\"D\u00e9couvrez cette belle housse d\u2019assise de chaise aux motifs r\u00e9p\u00e9titifs, esprit r\u00e9tro, alli\u00e9s aux couleurs bleu et orange. Un tissu tendance pour relooker vos chaises ! Fabriqu\u00e9e en France.\",\"breadcrumb\":{\"@id\":\"https:\/\/lassiseouest.fr\/index.php\/produit\/assise-trimix-orange-bleu\/#breadcrumb\"},\"inLanguage\":\"fr-FR\",\"potentialAction\":[{\"@type\":\"ReadAction\",\"target\":[\"https:\/\/lassiseouest.fr\/index.php\/produit\/assise-trimix-orange-bleu\/\"]}]},{\"@type\":\"ImageObject\",\"inLanguage\":\"fr-FR\",\"@id\":\"https:\/\/lassiseouest.fr\/index.php\/produit\/assise-trimix-orange-bleu\/#primaryimage\",\"url\":\"https:\/\/lassiseouest.fr\/wp-content\/uploads\/2023\/11\/Trimix-orange-bleu.jpg\",\"contentUrl\":\"https:\/\/lassiseouest.fr\/wp-content\/uploads\/2023\/11\/Trimix-orange-bleu.jpg\",\"width\":600,\"height\":579},{\"@type\":\"BreadcrumbList\",\"@id\":\"https:\/\/lassiseouest.fr\/index.php\/produit\/assise-trimix-orange-bleu\/#breadcrumb\",\"itemListElement\":[{\"@type\":\"ListItem\",\"position\":1,\"name\":\"Accueil\",\"item\":\"https:\/\/lassiseouest.fr\/\"},{\"@type\":\"ListItem\",\"position\":2,\"name\":\"Boutique. livraison en point relais : 6,96\u20ac \/ A domicile : 13,20\u20ac. Fabrication en 24 \u00e0 48h.\",\"item\":\"https:\/\/lassiseouest.fr\/index.php\/boutique\/\"},{\"@type\":\"ListItem\",\"position\":3,\"name\":\"ASSISE TRIMIX Orange bleu &#8211; Les 5 derni\u00e8res\"}]},{\"@type\":\"WebSite\",\"@id\":\"https:\/\/lassiseouest.fr\/#website\",\"url\":\"https:\/\/lassiseouest.fr\/\",\"name\":\"L'Assise Ouest\",\"description\":\"Nouvelle assise, Nouvelle chaise\",\"publisher\":{\"@id\":\"https:\/\/lassiseouest.fr\/#organization\"},\"potentialAction\":[{\"@type\":\"SearchAction\",\"target\":{\"@type\":\"EntryPoint\",\"urlTemplate\":\"https:\/\/lassiseouest.fr\/?s={search_term_string}\"},\"query-input\":{\"@type\":\"PropertyValueSpecification\",\"valueRequired\":true,\"valueName\":\"search_term_string\"}}],\"inLanguage\":\"fr-FR\"},{\"@type\":\"Organization\",\"@id\":\"https:\/\/lassiseouest.fr\/#organization\",\"name\":\"L'Assise Ouest\",\"url\":\"https:\/\/lassiseouest.fr\/\",\"logo\":{\"@type\":\"ImageObject\",\"inLanguage\":\"fr-FR\",\"@id\":\"https:\/\/lassiseouest.fr\/#\/schema\/logo\/image\/\",\"url\":\"https:\/\/lassiseouest.fr\/wp-content\/uploads\/2016\/09\/Logo-Assisse-de-lOuest-transparent-150x150-1.png\",\"contentUrl\":\"https:\/\/lassiseouest.fr\/wp-content\/uploads\/2016\/09\/Logo-Assisse-de-lOuest-transparent-150x150-1.png\",\"width\":150,\"height\":150,\"caption\":\"L'Assise Ouest\"},\"image\":{\"@id\":\"https:\/\/lassiseouest.fr\/#\/schema\/logo\/image\/\"},\"sameAs\":[\"https:\/\/www.facebook.com\/profile.php?id=100067985598745\",\"https:\/\/www.youtube.com\/channel\/UCQVzhUN8EGkq4yFk3oQ8YxA\",\"https:\/\/www.pinterest.fr\/lassiseouest\/pins\/\"]}]}<\/script>\n<!-- \/ Yoast SEO plugin. -->","yoast_head_json":{"title":"Galette de chaise trimix - \"orange bleu\u201d | L\u2019Assise Ouest","description":"D\u00e9couvrez cette belle housse d\u2019assise de chaise aux motifs r\u00e9p\u00e9titifs, esprit r\u00e9tro, alli\u00e9s aux couleurs bleu et orange. Un tissu tendance pour relooker vos chaises ! Fabriqu\u00e9e en France.","robots":{"index":"index","follow":"follow","max-snippet":"max-snippet:-1","max-image-preview":"max-image-preview:large","max-video-preview":"max-video-preview:-1"},"canonical":"https:\/\/lassiseouest.fr\/index.php\/produit\/assise-trimix-orange-bleu\/","og_locale":"fr_FR","og_type":"article","og_title":"Galette de chaise trimix - \"orange bleu\u201d | L\u2019Assise Ouest","og_description":"D\u00e9couvrez cette belle housse d\u2019assise de chaise aux motifs r\u00e9p\u00e9titifs, esprit r\u00e9tro, alli\u00e9s aux couleurs bleu et orange. Un tissu tendance pour relooker vos chaises ! Fabriqu\u00e9e en France.","og_url":"https:\/\/lassiseouest.fr\/index.php\/produit\/assise-trimix-orange-bleu\/","og_site_name":"L&#039;Assise Ouest","article_publisher":"https:\/\/www.facebook.com\/profile.php?id=100067985598745","article_modified_time":"2026-03-31T11:58:02+00:00","og_image":[{"width":600,"height":579,"url":"https:\/\/lassiseouest.fr\/wp-content\/uploads\/2023\/11\/Trimix-orange-bleu.jpg","type":"image\/jpeg"}],"twitter_card":"summary_large_image","twitter_misc":{"Dur\u00e9e de lecture estim\u00e9e":"3 minutes"},"schema":{"@context":"https:\/\/schema.org","@graph":[{"@type":"WebPage","@id":"https:\/\/lassiseouest.fr\/index.php\/produit\/assise-trimix-orange-bleu\/","url":"https:\/\/lassiseouest.fr\/index.php\/produit\/assise-trimix-orange-bleu\/","name":"Galette de chaise trimix - \"orange bleu\u201d | L\u2019Assise Ouest","isPartOf":{"@id":"https:\/\/lassiseouest.fr\/#website"},"primaryImageOfPage":{"@id":"https:\/\/lassiseouest.fr\/index.php\/produit\/assise-trimix-orange-bleu\/#primaryimage"},"image":{"@id":"https:\/\/lassiseouest.fr\/index.php\/produit\/assise-trimix-orange-bleu\/#primaryimage"},"thumbnailUrl":"https:\/\/lassiseouest.fr\/wp-content\/uploads\/2023\/11\/Trimix-orange-bleu.jpg","datePublished":"2020-12-20T13:38:00+00:00","dateModified":"2026-03-31T11:58:02+00:00","description":"D\u00e9couvrez cette belle housse d\u2019assise de chaise aux motifs r\u00e9p\u00e9titifs, esprit r\u00e9tro, alli\u00e9s aux couleurs bleu et orange. Un tissu tendance pour relooker vos chaises ! Fabriqu\u00e9e en France.","breadcrumb":{"@id":"https:\/\/lassiseouest.fr\/index.php\/produit\/assise-trimix-orange-bleu\/#breadcrumb"},"inLanguage":"fr-FR","potentialAction":[{"@type":"ReadAction","target":["https:\/\/lassiseouest.fr\/index.php\/produit\/assise-trimix-orange-bleu\/"]}]},{"@type":"ImageObject","inLanguage":"fr-FR","@id":"https:\/\/lassiseouest.fr\/index.php\/produit\/assise-trimix-orange-bleu\/#primaryimage","url":"https:\/\/lassiseouest.fr\/wp-content\/uploads\/2023\/11\/Trimix-orange-bleu.jpg","contentUrl":"https:\/\/lassiseouest.fr\/wp-content\/uploads\/2023\/11\/Trimix-orange-bleu.jpg","width":600,"height":579},{"@type":"BreadcrumbList","@id":"https:\/\/lassiseouest.fr\/index.php\/produit\/assise-trimix-orange-bleu\/#breadcrumb","itemListElement":[{"@type":"ListItem","position":1,"name":"Accueil","item":"https:\/\/lassiseouest.fr\/"},{"@type":"ListItem","position":2,"name":"Boutique. livraison en point relais : 6,96\u20ac \/ A domicile : 13,20\u20ac. Fabrication en 24 \u00e0 48h.","item":"https:\/\/lassiseouest.fr\/index.php\/boutique\/"},{"@type":"ListItem","position":3,"name":"ASSISE TRIMIX Orange bleu &#8211; Les 5 derni\u00e8res"}]},{"@type":"WebSite","@id":"https:\/\/lassiseouest.fr\/#website","url":"https:\/\/lassiseouest.fr\/","name":"L'Assise Ouest","description":"Nouvelle assise, Nouvelle chaise","publisher":{"@id":"https:\/\/lassiseouest.fr\/#organization"},"potentialAction":[{"@type":"SearchAction","target":{"@type":"EntryPoint","urlTemplate":"https:\/\/lassiseouest.fr\/?s={search_term_string}"},"query-input":{"@type":"PropertyValueSpecification","valueRequired":true,"valueName":"search_term_string"}}],"inLanguage":"fr-FR"},{"@type":"Organization","@id":"https:\/\/lassiseouest.fr\/#organization","name":"L'Assise Ouest","url":"https:\/\/lassiseouest.fr\/","logo":{"@type":"ImageObject","inLanguage":"fr-FR","@id":"https:\/\/lassiseouest.fr\/#\/schema\/logo\/image\/","url":"https:\/\/lassiseouest.fr\/wp-content\/uploads\/2016\/09\/Logo-Assisse-de-lOuest-transparent-150x150-1.png","contentUrl":"https:\/\/lassiseouest.fr\/wp-content\/uploads\/2016\/09\/Logo-Assisse-de-lOuest-transparent-150x150-1.png","width":150,"height":150,"caption":"L'Assise Ouest"},"image":{"@id":"https:\/\/lassiseouest.fr\/#\/schema\/logo\/image\/"},"sameAs":["https:\/\/www.facebook.com\/profile.php?id=100067985598745","https:\/\/www.youtube.com\/channel\/UCQVzhUN8EGkq4yFk3oQ8YxA","https:\/\/www.pinterest.fr\/lassiseouest\/pins\/"]}]}},"_links":{"self":[{"href":"https:\/\/lassiseouest.fr\/index.php\/wp-json\/wp\/v2\/product\/9719","targetHints":{"allow":["GET"]}}],"collection":[{"href":"https:\/\/lassiseouest.fr\/index.php\/wp-json\/wp\/v2\/product"}],"about":[{"href":"https:\/\/lassiseouest.fr\/index.php\/wp-json\/wp\/v2\/types\/product"}],"wp:featuredmedia":[{"embeddable":true,"href":"https:\/\/lassiseouest.fr\/index.php\/wp-json\/wp\/v2\/media\/9723"}],"wp:attachment":[{"href":"https:\/\/lassiseouest.fr\/index.php\/wp-json\/wp\/v2\/media?parent=9719"}],"wp:term":[{"taxonomy":"product_brand","embeddable":true,"href":"https:\/\/lassiseouest.fr\/index.php\/wp-json\/wp\/v2\/product_brand?post=9719"},{"taxonomy":"product_cat","embeddable":true,"href":"https:\/\/lassiseouest.fr\/index.php\/wp-json\/wp\/v2\/product_cat?post=9719"},{"taxonomy":"product_tag","embeddable":true,"href":"https:\/\/lassiseouest.fr\/index.php\/wp-json\/wp\/v2\/product_tag?post=9719"}],"curies":[{"name":"wp","href":"https:\/\/api.w.org\/{rel}","templated":true}]}}