{"id":9483,"date":"2023-03-23T18:14:25","date_gmt":"2023-03-23T17:14:25","guid":{"rendered":"https:\/\/lassiseouest.fr\/?post_type=product&#038;p=9483"},"modified":"2026-02-02T09:44:24","modified_gmt":"2026-02-02T08:44:24","slug":"pouf-en-velours","status":"publish","type":"product","link":"https:\/\/lassiseouest.fr\/index.php\/produit\/pouf-en-velours\/","title":{"rendered":"POUF EN VELOURS"},"content":{"rendered":"<h3>Pouf en velours<\/h3>\n<p>Ce pouf en velours est fabriqu\u00e9 \u00e0 la main dans notre atelier. Le tissu en velours apportera une touche d\u00e9co haut de gamme \u00e0 votre int\u00e9rieur. C&rsquo;est un velours 100% polyester r\u00e9sistant. Son aspect \u00ab\u00a0alcantara\u00a0\u00bb vous s\u00e9duira \u00e0 coup s\u00fbr !!! Il servira d&rsquo;assise d&rsquo;appoint ou de repose pieds &#8230;<\/p>\n<p>Vous pr\u00e9f\u00e9rez des couleurs plus lumineuse ? D\u00e9couvrez toutes nos couleurs !<\/p>\n<h3>D\u00e9houssable<\/h3>\n<p>Le pouf est pourvu d&rsquo;un fermeture \u00e9clair dissimul\u00e9e sous le pouf. Retirez le garnissage et passez votre housse en machine \u00e0 30\u00b0.<\/p>\n<h3>Garnissage en chute de tissu<\/h3>\n<p>Qui a dit \u00ab\u00a0pouf\u00a0\u00bb dit remplissage. Le garnissage du pouf est fait uniquement de chute de tissu de l&rsquo;atelier. La confection g\u00e9n\u00e8re beaucoup de chutes qui souvent sont jet\u00e9es. Ici tout est r\u00e9cup\u00e9r\u00e9 !!<\/p>\n<p>Grace \u00e0 la quantit\u00e9 importante de chutes de tissu, le pouf est tr\u00e8s stable.<\/p>\n<h3>Pouf Made in France<\/h3>\n<p>Depuis 2012, nous fabriquons nos produits en Loire Atlantique. Nos tissus et mati\u00e8res premi\u00e8res proviennent principalement de France et parfois d&rsquo;Europe. Elles sont s\u00e9lectionn\u00e9es par notre artisan et choisies pour leur qualit\u00e9 et leur r\u00e9sistance.<\/p>\n<h3>Composition<\/h3>\n<p>Composition tissu 100% polyester &#8211; tissu velours<\/p>\n<p>Garnissage 100% chute de tissu<\/p>\n<p>Dimensions : Hauteur environ 45cm &#8211; Diam\u00e8tre environ 40cm<\/p>\n<p>Poids\/haute densit\u00e9 : environ 10kg<\/p>\n","protected":false},"excerpt":{"rendered":"<p>Ce pouf en velours est simple, ind\u00e9modable, r\u00e9sistant et stable. Il accompagnera facilement les meubles de votre salon.<\/p>\n<p>Composition tissu 100% polyester &#8211; tissu velours<\/p>\n<p>Dimensions : Hauteur environ 45cm &#8211; Diam\u00e8tre environ 40cm<\/p>\n<p>Poids\/haute densit\u00e9 : environ 10kg<\/p>\n","protected":false},"featured_media":9492,"template":"","meta":{"_exactmetrics_skip_tracking":false,"_exactmetrics_sitenote_active":false,"_exactmetrics_sitenote_note":"","_exactmetrics_sitenote_category":0},"product_brand":[],"product_cat":[22],"product_tag":[],"class_list":{"0":"post-9483","1":"product","2":"type-product","3":"status-publish","4":"has-post-thumbnail","6":"product_cat-gris","7":"pa_couleur-anthracite","9":"first","10":"outofstock","11":"shipping-taxable","12":"purchasable","13":"product-type-variable"},"yoast_head":"<!-- This site is optimized with the Yoast SEO plugin v27.5 - https:\/\/yoast.com\/product\/yoast-seo-wordpress\/ -->\n<title>Pouf en velours | L\u2019Assise Ouest<\/title>\n<meta name=\"description\" content=\"Ce pouf en velours est simple, r\u00e9sistant et d\u00e9houssable. Fabriqu\u00e9e en France\" \/>\n<meta name=\"robots\" content=\"index, follow, max-snippet:-1, max-image-preview:large, max-video-preview:-1\" \/>\n<link rel=\"canonical\" href=\"https:\/\/lassiseouest.fr\/index.php\/produit\/pouf-en-velours\/\" \/>\n<meta property=\"og:locale\" content=\"fr_FR\" \/>\n<meta property=\"og:type\" content=\"article\" \/>\n<meta property=\"og:title\" content=\"Pouf en velours | L\u2019Assise Ouest\" \/>\n<meta property=\"og:description\" content=\"Ce pouf en velours est simple, r\u00e9sistant et d\u00e9houssable. Fabriqu\u00e9e en France\" \/>\n<meta property=\"og:url\" content=\"https:\/\/lassiseouest.fr\/index.php\/produit\/pouf-en-velours\/\" \/>\n<meta property=\"og:site_name\" content=\"L&#039;Assise Ouest\" \/>\n<meta property=\"article:publisher\" content=\"https:\/\/www.facebook.com\/profile.php?id=100067985598745\" \/>\n<meta property=\"article:modified_time\" content=\"2026-02-02T08:44:24+00:00\" \/>\n<meta property=\"og:image\" content=\"https:\/\/lassiseouest.fr\/wp-content\/uploads\/2023\/06\/pour-en-velours-metal.jpg\" \/>\n\t<meta property=\"og:image:width\" content=\"600\" \/>\n\t<meta property=\"og:image:height\" content=\"600\" \/>\n\t<meta property=\"og:image:type\" content=\"image\/jpeg\" \/>\n<meta name=\"twitter:card\" content=\"summary_large_image\" \/>\n<meta name=\"twitter:label1\" content=\"Dur\u00e9e de lecture estim\u00e9e\" \/>\n\t<meta name=\"twitter:data1\" content=\"2 minutes\" \/>\n<script type=\"application\/ld+json\" class=\"yoast-schema-graph\">{\"@context\":\"https:\\\/\\\/schema.org\",\"@graph\":[{\"@type\":\"WebPage\",\"@id\":\"https:\\\/\\\/lassiseouest.fr\\\/index.php\\\/produit\\\/pouf-en-velours\\\/\",\"url\":\"https:\\\/\\\/lassiseouest.fr\\\/index.php\\\/produit\\\/pouf-en-velours\\\/\",\"name\":\"Pouf en velours | L\u2019Assise Ouest\",\"isPartOf\":{\"@id\":\"https:\\\/\\\/lassiseouest.fr\\\/#website\"},\"primaryImageOfPage\":{\"@id\":\"https:\\\/\\\/lassiseouest.fr\\\/index.php\\\/produit\\\/pouf-en-velours\\\/#primaryimage\"},\"image\":{\"@id\":\"https:\\\/\\\/lassiseouest.fr\\\/index.php\\\/produit\\\/pouf-en-velours\\\/#primaryimage\"},\"thumbnailUrl\":\"https:\\\/\\\/lassiseouest.fr\\\/wp-content\\\/uploads\\\/2023\\\/06\\\/pour-en-velours-metal.jpg\",\"datePublished\":\"2023-03-23T17:14:25+00:00\",\"dateModified\":\"2026-02-02T08:44:24+00:00\",\"description\":\"Ce pouf en velours est simple, r\u00e9sistant et d\u00e9houssable. Fabriqu\u00e9e en France\",\"breadcrumb\":{\"@id\":\"https:\\\/\\\/lassiseouest.fr\\\/index.php\\\/produit\\\/pouf-en-velours\\\/#breadcrumb\"},\"inLanguage\":\"fr-FR\",\"potentialAction\":[{\"@type\":\"ReadAction\",\"target\":[\"https:\\\/\\\/lassiseouest.fr\\\/index.php\\\/produit\\\/pouf-en-velours\\\/\"]}]},{\"@type\":\"ImageObject\",\"inLanguage\":\"fr-FR\",\"@id\":\"https:\\\/\\\/lassiseouest.fr\\\/index.php\\\/produit\\\/pouf-en-velours\\\/#primaryimage\",\"url\":\"https:\\\/\\\/lassiseouest.fr\\\/wp-content\\\/uploads\\\/2023\\\/06\\\/pour-en-velours-metal.jpg\",\"contentUrl\":\"https:\\\/\\\/lassiseouest.fr\\\/wp-content\\\/uploads\\\/2023\\\/06\\\/pour-en-velours-metal.jpg\",\"width\":600,\"height\":600},{\"@type\":\"BreadcrumbList\",\"@id\":\"https:\\\/\\\/lassiseouest.fr\\\/index.php\\\/produit\\\/pouf-en-velours\\\/#breadcrumb\",\"itemListElement\":[{\"@type\":\"ListItem\",\"position\":1,\"name\":\"Accueil\",\"item\":\"https:\\\/\\\/lassiseouest.fr\\\/\"},{\"@type\":\"ListItem\",\"position\":2,\"name\":\"Boutique. livraison en point relais : 6,96\u20ac \\\/ A domicile : 13,20\u20ac. Fabrication en 24 \u00e0 48h.\",\"item\":\"https:\\\/\\\/lassiseouest.fr\\\/index.php\\\/boutique\\\/\"},{\"@type\":\"ListItem\",\"position\":3,\"name\":\"POUF EN VELOURS\"}]},{\"@type\":\"WebSite\",\"@id\":\"https:\\\/\\\/lassiseouest.fr\\\/#website\",\"url\":\"https:\\\/\\\/lassiseouest.fr\\\/\",\"name\":\"L'Assise Ouest\",\"description\":\"Nouvelle assise, Nouvelle chaise\",\"publisher\":{\"@id\":\"https:\\\/\\\/lassiseouest.fr\\\/#organization\"},\"potentialAction\":[{\"@type\":\"SearchAction\",\"target\":{\"@type\":\"EntryPoint\",\"urlTemplate\":\"https:\\\/\\\/lassiseouest.fr\\\/?s={search_term_string}\"},\"query-input\":{\"@type\":\"PropertyValueSpecification\",\"valueRequired\":true,\"valueName\":\"search_term_string\"}}],\"inLanguage\":\"fr-FR\"},{\"@type\":\"Organization\",\"@id\":\"https:\\\/\\\/lassiseouest.fr\\\/#organization\",\"name\":\"L'Assise Ouest\",\"url\":\"https:\\\/\\\/lassiseouest.fr\\\/\",\"logo\":{\"@type\":\"ImageObject\",\"inLanguage\":\"fr-FR\",\"@id\":\"https:\\\/\\\/lassiseouest.fr\\\/#\\\/schema\\\/logo\\\/image\\\/\",\"url\":\"https:\\\/\\\/lassiseouest.fr\\\/wp-content\\\/uploads\\\/2016\\\/09\\\/Logo-Assisse-de-lOuest-transparent-150x150-1.png\",\"contentUrl\":\"https:\\\/\\\/lassiseouest.fr\\\/wp-content\\\/uploads\\\/2016\\\/09\\\/Logo-Assisse-de-lOuest-transparent-150x150-1.png\",\"width\":150,\"height\":150,\"caption\":\"L'Assise Ouest\"},\"image\":{\"@id\":\"https:\\\/\\\/lassiseouest.fr\\\/#\\\/schema\\\/logo\\\/image\\\/\"},\"sameAs\":[\"https:\\\/\\\/www.facebook.com\\\/profile.php?id=100067985598745\",\"https:\\\/\\\/www.youtube.com\\\/channel\\\/UCQVzhUN8EGkq4yFk3oQ8YxA\",\"https:\\\/\\\/www.pinterest.fr\\\/lassiseouest\\\/pins\\\/\"]}]}<\/script>\n<!-- \/ Yoast SEO plugin. -->","yoast_head_json":{"title":"Pouf en velours | L\u2019Assise Ouest","description":"Ce pouf en velours est simple, r\u00e9sistant et d\u00e9houssable. Fabriqu\u00e9e en France","robots":{"index":"index","follow":"follow","max-snippet":"max-snippet:-1","max-image-preview":"max-image-preview:large","max-video-preview":"max-video-preview:-1"},"canonical":"https:\/\/lassiseouest.fr\/index.php\/produit\/pouf-en-velours\/","og_locale":"fr_FR","og_type":"article","og_title":"Pouf en velours | L\u2019Assise Ouest","og_description":"Ce pouf en velours est simple, r\u00e9sistant et d\u00e9houssable. Fabriqu\u00e9e en France","og_url":"https:\/\/lassiseouest.fr\/index.php\/produit\/pouf-en-velours\/","og_site_name":"L&#039;Assise Ouest","article_publisher":"https:\/\/www.facebook.com\/profile.php?id=100067985598745","article_modified_time":"2026-02-02T08:44:24+00:00","og_image":[{"width":600,"height":600,"url":"https:\/\/lassiseouest.fr\/wp-content\/uploads\/2023\/06\/pour-en-velours-metal.jpg","type":"image\/jpeg"}],"twitter_card":"summary_large_image","twitter_misc":{"Dur\u00e9e de lecture estim\u00e9e":"2 minutes"},"schema":{"@context":"https:\/\/schema.org","@graph":[{"@type":"WebPage","@id":"https:\/\/lassiseouest.fr\/index.php\/produit\/pouf-en-velours\/","url":"https:\/\/lassiseouest.fr\/index.php\/produit\/pouf-en-velours\/","name":"Pouf en velours | L\u2019Assise Ouest","isPartOf":{"@id":"https:\/\/lassiseouest.fr\/#website"},"primaryImageOfPage":{"@id":"https:\/\/lassiseouest.fr\/index.php\/produit\/pouf-en-velours\/#primaryimage"},"image":{"@id":"https:\/\/lassiseouest.fr\/index.php\/produit\/pouf-en-velours\/#primaryimage"},"thumbnailUrl":"https:\/\/lassiseouest.fr\/wp-content\/uploads\/2023\/06\/pour-en-velours-metal.jpg","datePublished":"2023-03-23T17:14:25+00:00","dateModified":"2026-02-02T08:44:24+00:00","description":"Ce pouf en velours est simple, r\u00e9sistant et d\u00e9houssable. Fabriqu\u00e9e en France","breadcrumb":{"@id":"https:\/\/lassiseouest.fr\/index.php\/produit\/pouf-en-velours\/#breadcrumb"},"inLanguage":"fr-FR","potentialAction":[{"@type":"ReadAction","target":["https:\/\/lassiseouest.fr\/index.php\/produit\/pouf-en-velours\/"]}]},{"@type":"ImageObject","inLanguage":"fr-FR","@id":"https:\/\/lassiseouest.fr\/index.php\/produit\/pouf-en-velours\/#primaryimage","url":"https:\/\/lassiseouest.fr\/wp-content\/uploads\/2023\/06\/pour-en-velours-metal.jpg","contentUrl":"https:\/\/lassiseouest.fr\/wp-content\/uploads\/2023\/06\/pour-en-velours-metal.jpg","width":600,"height":600},{"@type":"BreadcrumbList","@id":"https:\/\/lassiseouest.fr\/index.php\/produit\/pouf-en-velours\/#breadcrumb","itemListElement":[{"@type":"ListItem","position":1,"name":"Accueil","item":"https:\/\/lassiseouest.fr\/"},{"@type":"ListItem","position":2,"name":"Boutique. livraison en point relais : 6,96\u20ac \/ A domicile : 13,20\u20ac. Fabrication en 24 \u00e0 48h.","item":"https:\/\/lassiseouest.fr\/index.php\/boutique\/"},{"@type":"ListItem","position":3,"name":"POUF EN VELOURS"}]},{"@type":"WebSite","@id":"https:\/\/lassiseouest.fr\/#website","url":"https:\/\/lassiseouest.fr\/","name":"L'Assise Ouest","description":"Nouvelle assise, Nouvelle chaise","publisher":{"@id":"https:\/\/lassiseouest.fr\/#organization"},"potentialAction":[{"@type":"SearchAction","target":{"@type":"EntryPoint","urlTemplate":"https:\/\/lassiseouest.fr\/?s={search_term_string}"},"query-input":{"@type":"PropertyValueSpecification","valueRequired":true,"valueName":"search_term_string"}}],"inLanguage":"fr-FR"},{"@type":"Organization","@id":"https:\/\/lassiseouest.fr\/#organization","name":"L'Assise Ouest","url":"https:\/\/lassiseouest.fr\/","logo":{"@type":"ImageObject","inLanguage":"fr-FR","@id":"https:\/\/lassiseouest.fr\/#\/schema\/logo\/image\/","url":"https:\/\/lassiseouest.fr\/wp-content\/uploads\/2016\/09\/Logo-Assisse-de-lOuest-transparent-150x150-1.png","contentUrl":"https:\/\/lassiseouest.fr\/wp-content\/uploads\/2016\/09\/Logo-Assisse-de-lOuest-transparent-150x150-1.png","width":150,"height":150,"caption":"L'Assise Ouest"},"image":{"@id":"https:\/\/lassiseouest.fr\/#\/schema\/logo\/image\/"},"sameAs":["https:\/\/www.facebook.com\/profile.php?id=100067985598745","https:\/\/www.youtube.com\/channel\/UCQVzhUN8EGkq4yFk3oQ8YxA","https:\/\/www.pinterest.fr\/lassiseouest\/pins\/"]}]}},"_links":{"self":[{"href":"https:\/\/lassiseouest.fr\/index.php\/wp-json\/wp\/v2\/product\/9483","targetHints":{"allow":["GET"]}}],"collection":[{"href":"https:\/\/lassiseouest.fr\/index.php\/wp-json\/wp\/v2\/product"}],"about":[{"href":"https:\/\/lassiseouest.fr\/index.php\/wp-json\/wp\/v2\/types\/product"}],"wp:featuredmedia":[{"embeddable":true,"href":"https:\/\/lassiseouest.fr\/index.php\/wp-json\/wp\/v2\/media\/9492"}],"wp:attachment":[{"href":"https:\/\/lassiseouest.fr\/index.php\/wp-json\/wp\/v2\/media?parent=9483"}],"wp:term":[{"taxonomy":"product_brand","embeddable":true,"href":"https:\/\/lassiseouest.fr\/index.php\/wp-json\/wp\/v2\/product_brand?post=9483"},{"taxonomy":"product_cat","embeddable":true,"href":"https:\/\/lassiseouest.fr\/index.php\/wp-json\/wp\/v2\/product_cat?post=9483"},{"taxonomy":"product_tag","embeddable":true,"href":"https:\/\/lassiseouest.fr\/index.php\/wp-json\/wp\/v2\/product_tag?post=9483"}],"curies":[{"name":"wp","href":"https:\/\/api.w.org\/{rel}","templated":true}]}}