{"id":9031,"date":"2023-03-05T17:28:07","date_gmt":"2023-03-05T16:28:07","guid":{"rendered":"https:\/\/lassiseouest.fr\/?post_type=product&#038;p=9031"},"modified":"2025-04-24T12:43:27","modified_gmt":"2025-04-24T10:43:27","slug":"assise-uni-indigo","status":"publish","type":"product","link":"https:\/\/lassiseouest.fr\/index.php\/produit\/assise-uni-indigo\/","title":{"rendered":"ASSISE UNI INDIGO"},"content":{"rendered":"<h3>Galette de chaise bleu p\u00e9trole avec velcro<\/h3>\n<p>Le bleu indigo est le nouveau bleu qui vient remplacer le bleu p\u00e9trole de ces derni\u00e8res ann\u00e9es. Surfer sur la tendance en optant pour nos jolies galettes de chaises bleu indigo. Avec une structure de chaise noire, blanche ou en bois naturel, elles se marieront \u00e0 la perfection. Et pourquoi pas oser le total look en peignant votre structure en bleu \u00e9galement ?<\/p>\n<p>Existe aussi en <a href=\"https:\/\/lassiseouest.fr\/index.php\/produit\/uni-gris-fonce\/a\">gris anthracite<\/a>.<\/p>\n<h3>Une galette de chaise \u00e0 rabats velcro<\/h3>\n<p>Notre <a href=\"https:\/\/lassiseouest.fr\/index.php\/concept\/\">syst\u00e8me d&rsquo;assise velcro brevet\u00e9<\/a> est unique et assure un excellent maintien sur la chaise. Les 4 rabats en tissu permettent de regarnir la chaise sur ses 4 c\u00f4t\u00e9s. La mousse int\u00e9rieur en poly\u00e9ther de 1er choix apporte du galbe, de la tenue et \u00e9videmment du confort \u00e0 l\u2019assise. Ses larges scratch d\u2019environ 10 cm assurent un excellent maintien et permettent d\u2019adapter l\u2019assise \u00e0 la chaise.<\/p>\n<h3>Recouvrez vos assises de chaise facilement<\/h3>\n<p>Gr\u00e2ce \u00e0 nos assises de chaise en tissu, changez de style en fonction de vos envies et des saisons. D\u00e9-scratchez, scratchez et vous voil\u00e0 avec des chaises toutes neuves !<br \/>\nRelooker une chaise en paille n&rsquo;a jamais \u00e9t\u00e9 aussi simple. Choisissez parmi nos nombreux tissus, il y en a pour tous les styles : graphique, tendance, uni, en lin, en simili cuir&#8230; Vous ne trouvez pas votre bonheur ? Contactez nous pour des <a href=\"https:\/\/lassiseouest.fr\/index.php\/produit\/assise-sur-mesure\/\">assises de chaise sur mesure<\/a> !<\/p>\n<h3>Entretien de votre housse<\/h3>\n<p>Si vous optez pour la version non d\u00e9houssable, nous vous recommandons un lavage \u00e0 la main, car la mousse de l&rsquo;assise ne supportera pas l&rsquo;essorage et la temp\u00e9rature. Trempez l&rsquo;assise dans une baignoire ou une large bassine pour \u00e9viter les aur\u00e9oles, nettoyez avec du savon de Marseille, rincez puis \u00e9tendez sur un fil.<\/p>\n<h3>Assise de chaise Made in France<\/h3>\n<p>Depuis 2012, nous fabriquons nos produits en Loire Atlantique. Nos tissus et mati\u00e8res premi\u00e8res proviennent principalement de France et parfois d&rsquo;Europe. Elles sont s\u00e9lectionn\u00e9es par notre artisan et choisies pour leur qualit\u00e9 et leur r\u00e9sistance.<\/p>\n<h3>Composition<\/h3>\n<p>Composition tissu 100% coton &#8211; tissu imprim\u00e9 mi-\u00e9pais<\/p>\n<p>Doublure 50% coton &#8211; 50% polyester<\/p>\n<p>Garniture mousse poly\u00e9ther (21kg\/m<sup>3<\/sup>)<\/p>\n<p><img loading=\"lazy\" decoding=\"async\" class=\"alignnone size-medium wp-image-305\" src=\"https:\/\/lassiseouest.fr\/wp-content\/uploads\/2017\/01\/Tableau-rep\u00e8res-3-300x97.png\" alt=\"\" width=\"300\" height=\"97\" srcset=\"https:\/\/lassiseouest.fr\/wp-content\/uploads\/2017\/01\/Tableau-rep\u00e8res-3-300x97.png 300w, https:\/\/lassiseouest.fr\/wp-content\/uploads\/2017\/01\/Tableau-rep\u00e8res-3-600x194.png 600w, https:\/\/lassiseouest.fr\/wp-content\/uploads\/2017\/01\/Tableau-rep\u00e8res-3-768x248.png 768w, https:\/\/lassiseouest.fr\/wp-content\/uploads\/2017\/01\/Tableau-rep\u00e8res-3-1024x331.png 1024w, https:\/\/lassiseouest.fr\/wp-content\/uploads\/2017\/01\/Tableau-rep\u00e8res-3.png 1412w\" sizes=\"auto, (max-width: 300px) 100vw, 300px\" \/><img loading=\"lazy\" decoding=\"async\" class=\"alignnone size-medium wp-image-10076\" src=\"https:\/\/lassiseouest.fr\/wp-content\/uploads\/2024\/06\/chaise-schema-1-300x238.jpg\" alt=\"\" width=\"300\" height=\"238\" srcset=\"https:\/\/lassiseouest.fr\/wp-content\/uploads\/2024\/06\/chaise-schema-1-300x238.jpg 300w, https:\/\/lassiseouest.fr\/wp-content\/uploads\/2024\/06\/chaise-schema-1.jpg 354w\" sizes=\"auto, (max-width: 300px) 100vw, 300px\" \/><\/p>\n","protected":false},"excerpt":{"rendered":"<p>Tr\u00e8s en vogue, le bleu indigo habillera vos chaises \u00e0 la perfection. Galette de chaise avec attache velcro pour un excellent maintien.<\/p>\n<p>Composition tissu 100% coton &#8211; tissu imprim\u00e9 mi-\u00e9pais<\/p>\n<p><a href=\"https:\/\/lassiseouest.fr\/wp-content\/uploads\/2017\/01\/Fermeture_\u00e9clair.jpg\" target=\"_blank\" rel=\"noopener\">D\u00e9houssable (en option)<\/a><\/p>\n<p><a href=\"https:\/\/lassiseouest.fr\/wp-content\/uploads\/2017\/01\/Tableau-rep%C3%A8res-3.png\" target=\"_blank\" rel=\"noopener noreferrer\">Guide des tailles<\/a><\/p>\n<p><img loading=\"lazy\" decoding=\"async\" class=\"alignnone size-medium wp-image-10076\" src=\"https:\/\/lassiseouest.fr\/wp-content\/uploads\/2024\/06\/chaise-schema-1-300x238.jpg\" alt=\"\" width=\"300\" height=\"238\" srcset=\"https:\/\/lassiseouest.fr\/wp-content\/uploads\/2024\/06\/chaise-schema-1-300x238.jpg 300w, https:\/\/lassiseouest.fr\/wp-content\/uploads\/2024\/06\/chaise-schema-1.jpg 354w\" sizes=\"auto, (max-width: 300px) 100vw, 300px\" \/><\/p>\n<p>&nbsp;<\/p>\n","protected":false},"featured_media":8939,"template":"","meta":{"_exactmetrics_skip_tracking":false,"_exactmetrics_sitenote_active":false,"_exactmetrics_sitenote_note":"","_exactmetrics_sitenote_category":0},"product_brand":[],"product_cat":[25,60],"product_tag":[],"class_list":{"0":"post-9031","1":"product","2":"type-product","3":"status-publish","4":"has-post-thumbnail","6":"product_cat-bleu","7":"product_cat-unis","8":"pa_dehoussable-non","9":"pa_dehoussable-oui-3-e","10":"pa_taille-cuisine","11":"pa_taille-standard","13":"first","14":"outofstock","15":"shipping-taxable","16":"purchasable","17":"product-type-variable"},"yoast_head":"<!-- This site is optimized with the Yoast SEO plugin v27.5 - https:\/\/yoast.com\/product\/yoast-seo-wordpress\/ -->\n<title>Galette de chaise bleu indigo avec velcro | L\u2019Assise Ouest<\/title>\n<meta name=\"description\" content=\"Fabriqu\u00e9e en France, notre galette de chaise bleu indigo vous offre un maintien unique gr\u00e2ce \u00e0 son syst\u00e8me d\u2019attache brevet\u00e9.\" \/>\n<meta name=\"robots\" content=\"index, follow, max-snippet:-1, max-image-preview:large, max-video-preview:-1\" \/>\n<link rel=\"canonical\" href=\"https:\/\/lassiseouest.fr\/index.php\/produit\/assise-uni-indigo\/\" \/>\n<meta property=\"og:locale\" content=\"fr_FR\" \/>\n<meta property=\"og:type\" content=\"article\" \/>\n<meta property=\"og:title\" content=\"Galette de chaise bleu indigo avec velcro | L\u2019Assise Ouest\" \/>\n<meta property=\"og:description\" content=\"Fabriqu\u00e9e en France, notre galette de chaise bleu indigo vous offre un maintien unique gr\u00e2ce \u00e0 son syst\u00e8me d\u2019attache brevet\u00e9.\" \/>\n<meta property=\"og:url\" content=\"https:\/\/lassiseouest.fr\/index.php\/produit\/assise-uni-indigo\/\" \/>\n<meta property=\"og:site_name\" content=\"L&#039;Assise Ouest\" \/>\n<meta property=\"article:publisher\" content=\"https:\/\/www.facebook.com\/profile.php?id=100067985598745\" \/>\n<meta property=\"article:modified_time\" content=\"2025-04-24T10:43:27+00:00\" \/>\n<meta property=\"og:image\" content=\"https:\/\/lassiseouest.fr\/wp-content\/uploads\/2022\/10\/uni-indigo-e1667583790683.jpg\" \/>\n\t<meta property=\"og:image:width\" content=\"600\" \/>\n\t<meta property=\"og:image:height\" content=\"570\" \/>\n\t<meta property=\"og:image:type\" content=\"image\/jpeg\" \/>\n<meta name=\"twitter:card\" content=\"summary_large_image\" \/>\n<meta name=\"twitter:label1\" content=\"Dur\u00e9e de lecture estim\u00e9e\" \/>\n\t<meta name=\"twitter:data1\" content=\"3 minutes\" \/>\n<script type=\"application\/ld+json\" class=\"yoast-schema-graph\">{\"@context\":\"https:\\\/\\\/schema.org\",\"@graph\":[{\"@type\":\"WebPage\",\"@id\":\"https:\\\/\\\/lassiseouest.fr\\\/index.php\\\/produit\\\/assise-uni-indigo\\\/\",\"url\":\"https:\\\/\\\/lassiseouest.fr\\\/index.php\\\/produit\\\/assise-uni-indigo\\\/\",\"name\":\"Galette de chaise bleu indigo avec velcro | L\u2019Assise Ouest\",\"isPartOf\":{\"@id\":\"https:\\\/\\\/lassiseouest.fr\\\/#website\"},\"primaryImageOfPage\":{\"@id\":\"https:\\\/\\\/lassiseouest.fr\\\/index.php\\\/produit\\\/assise-uni-indigo\\\/#primaryimage\"},\"image\":{\"@id\":\"https:\\\/\\\/lassiseouest.fr\\\/index.php\\\/produit\\\/assise-uni-indigo\\\/#primaryimage\"},\"thumbnailUrl\":\"https:\\\/\\\/lassiseouest.fr\\\/wp-content\\\/uploads\\\/2022\\\/10\\\/uni-indigo-e1667583790683.jpg\",\"datePublished\":\"2023-03-05T16:28:07+00:00\",\"dateModified\":\"2025-04-24T10:43:27+00:00\",\"description\":\"Fabriqu\u00e9e en France, notre galette de chaise bleu indigo vous offre un maintien unique gr\u00e2ce \u00e0 son syst\u00e8me d\u2019attache brevet\u00e9.\",\"breadcrumb\":{\"@id\":\"https:\\\/\\\/lassiseouest.fr\\\/index.php\\\/produit\\\/assise-uni-indigo\\\/#breadcrumb\"},\"inLanguage\":\"fr-FR\",\"potentialAction\":[{\"@type\":\"ReadAction\",\"target\":[\"https:\\\/\\\/lassiseouest.fr\\\/index.php\\\/produit\\\/assise-uni-indigo\\\/\"]}]},{\"@type\":\"ImageObject\",\"inLanguage\":\"fr-FR\",\"@id\":\"https:\\\/\\\/lassiseouest.fr\\\/index.php\\\/produit\\\/assise-uni-indigo\\\/#primaryimage\",\"url\":\"https:\\\/\\\/lassiseouest.fr\\\/wp-content\\\/uploads\\\/2022\\\/10\\\/uni-indigo-e1667583790683.jpg\",\"contentUrl\":\"https:\\\/\\\/lassiseouest.fr\\\/wp-content\\\/uploads\\\/2022\\\/10\\\/uni-indigo-e1667583790683.jpg\",\"width\":600,\"height\":570,\"caption\":\"tissu bleu indigo pour galette de chaise\"},{\"@type\":\"BreadcrumbList\",\"@id\":\"https:\\\/\\\/lassiseouest.fr\\\/index.php\\\/produit\\\/assise-uni-indigo\\\/#breadcrumb\",\"itemListElement\":[{\"@type\":\"ListItem\",\"position\":1,\"name\":\"Accueil\",\"item\":\"https:\\\/\\\/lassiseouest.fr\\\/\"},{\"@type\":\"ListItem\",\"position\":2,\"name\":\"Boutique. livraison en point relais : 6,96\u20ac \\\/ A domicile : 13,20\u20ac. Fabrication en 24 \u00e0 48h.\",\"item\":\"https:\\\/\\\/lassiseouest.fr\\\/index.php\\\/boutique\\\/\"},{\"@type\":\"ListItem\",\"position\":3,\"name\":\"ASSISE UNI INDIGO\"}]},{\"@type\":\"WebSite\",\"@id\":\"https:\\\/\\\/lassiseouest.fr\\\/#website\",\"url\":\"https:\\\/\\\/lassiseouest.fr\\\/\",\"name\":\"L'Assise Ouest\",\"description\":\"Nouvelle assise, Nouvelle chaise\",\"publisher\":{\"@id\":\"https:\\\/\\\/lassiseouest.fr\\\/#organization\"},\"potentialAction\":[{\"@type\":\"SearchAction\",\"target\":{\"@type\":\"EntryPoint\",\"urlTemplate\":\"https:\\\/\\\/lassiseouest.fr\\\/?s={search_term_string}\"},\"query-input\":{\"@type\":\"PropertyValueSpecification\",\"valueRequired\":true,\"valueName\":\"search_term_string\"}}],\"inLanguage\":\"fr-FR\"},{\"@type\":\"Organization\",\"@id\":\"https:\\\/\\\/lassiseouest.fr\\\/#organization\",\"name\":\"L'Assise Ouest\",\"url\":\"https:\\\/\\\/lassiseouest.fr\\\/\",\"logo\":{\"@type\":\"ImageObject\",\"inLanguage\":\"fr-FR\",\"@id\":\"https:\\\/\\\/lassiseouest.fr\\\/#\\\/schema\\\/logo\\\/image\\\/\",\"url\":\"https:\\\/\\\/lassiseouest.fr\\\/wp-content\\\/uploads\\\/2016\\\/09\\\/Logo-Assisse-de-lOuest-transparent-150x150-1.png\",\"contentUrl\":\"https:\\\/\\\/lassiseouest.fr\\\/wp-content\\\/uploads\\\/2016\\\/09\\\/Logo-Assisse-de-lOuest-transparent-150x150-1.png\",\"width\":150,\"height\":150,\"caption\":\"L'Assise Ouest\"},\"image\":{\"@id\":\"https:\\\/\\\/lassiseouest.fr\\\/#\\\/schema\\\/logo\\\/image\\\/\"},\"sameAs\":[\"https:\\\/\\\/www.facebook.com\\\/profile.php?id=100067985598745\",\"https:\\\/\\\/www.youtube.com\\\/channel\\\/UCQVzhUN8EGkq4yFk3oQ8YxA\",\"https:\\\/\\\/www.pinterest.fr\\\/lassiseouest\\\/pins\\\/\"]}]}<\/script>\n<!-- \/ Yoast SEO plugin. -->","yoast_head_json":{"title":"Galette de chaise bleu indigo avec velcro | L\u2019Assise Ouest","description":"Fabriqu\u00e9e en France, notre galette de chaise bleu indigo vous offre un maintien unique gr\u00e2ce \u00e0 son syst\u00e8me d\u2019attache brevet\u00e9.","robots":{"index":"index","follow":"follow","max-snippet":"max-snippet:-1","max-image-preview":"max-image-preview:large","max-video-preview":"max-video-preview:-1"},"canonical":"https:\/\/lassiseouest.fr\/index.php\/produit\/assise-uni-indigo\/","og_locale":"fr_FR","og_type":"article","og_title":"Galette de chaise bleu indigo avec velcro | L\u2019Assise Ouest","og_description":"Fabriqu\u00e9e en France, notre galette de chaise bleu indigo vous offre un maintien unique gr\u00e2ce \u00e0 son syst\u00e8me d\u2019attache brevet\u00e9.","og_url":"https:\/\/lassiseouest.fr\/index.php\/produit\/assise-uni-indigo\/","og_site_name":"L&#039;Assise Ouest","article_publisher":"https:\/\/www.facebook.com\/profile.php?id=100067985598745","article_modified_time":"2025-04-24T10:43:27+00:00","og_image":[{"width":600,"height":570,"url":"https:\/\/lassiseouest.fr\/wp-content\/uploads\/2022\/10\/uni-indigo-e1667583790683.jpg","type":"image\/jpeg"}],"twitter_card":"summary_large_image","twitter_misc":{"Dur\u00e9e de lecture estim\u00e9e":"3 minutes"},"schema":{"@context":"https:\/\/schema.org","@graph":[{"@type":"WebPage","@id":"https:\/\/lassiseouest.fr\/index.php\/produit\/assise-uni-indigo\/","url":"https:\/\/lassiseouest.fr\/index.php\/produit\/assise-uni-indigo\/","name":"Galette de chaise bleu indigo avec velcro | L\u2019Assise Ouest","isPartOf":{"@id":"https:\/\/lassiseouest.fr\/#website"},"primaryImageOfPage":{"@id":"https:\/\/lassiseouest.fr\/index.php\/produit\/assise-uni-indigo\/#primaryimage"},"image":{"@id":"https:\/\/lassiseouest.fr\/index.php\/produit\/assise-uni-indigo\/#primaryimage"},"thumbnailUrl":"https:\/\/lassiseouest.fr\/wp-content\/uploads\/2022\/10\/uni-indigo-e1667583790683.jpg","datePublished":"2023-03-05T16:28:07+00:00","dateModified":"2025-04-24T10:43:27+00:00","description":"Fabriqu\u00e9e en France, notre galette de chaise bleu indigo vous offre un maintien unique gr\u00e2ce \u00e0 son syst\u00e8me d\u2019attache brevet\u00e9.","breadcrumb":{"@id":"https:\/\/lassiseouest.fr\/index.php\/produit\/assise-uni-indigo\/#breadcrumb"},"inLanguage":"fr-FR","potentialAction":[{"@type":"ReadAction","target":["https:\/\/lassiseouest.fr\/index.php\/produit\/assise-uni-indigo\/"]}]},{"@type":"ImageObject","inLanguage":"fr-FR","@id":"https:\/\/lassiseouest.fr\/index.php\/produit\/assise-uni-indigo\/#primaryimage","url":"https:\/\/lassiseouest.fr\/wp-content\/uploads\/2022\/10\/uni-indigo-e1667583790683.jpg","contentUrl":"https:\/\/lassiseouest.fr\/wp-content\/uploads\/2022\/10\/uni-indigo-e1667583790683.jpg","width":600,"height":570,"caption":"tissu bleu indigo pour galette de chaise"},{"@type":"BreadcrumbList","@id":"https:\/\/lassiseouest.fr\/index.php\/produit\/assise-uni-indigo\/#breadcrumb","itemListElement":[{"@type":"ListItem","position":1,"name":"Accueil","item":"https:\/\/lassiseouest.fr\/"},{"@type":"ListItem","position":2,"name":"Boutique. livraison en point relais : 6,96\u20ac \/ A domicile : 13,20\u20ac. Fabrication en 24 \u00e0 48h.","item":"https:\/\/lassiseouest.fr\/index.php\/boutique\/"},{"@type":"ListItem","position":3,"name":"ASSISE UNI INDIGO"}]},{"@type":"WebSite","@id":"https:\/\/lassiseouest.fr\/#website","url":"https:\/\/lassiseouest.fr\/","name":"L'Assise Ouest","description":"Nouvelle assise, Nouvelle chaise","publisher":{"@id":"https:\/\/lassiseouest.fr\/#organization"},"potentialAction":[{"@type":"SearchAction","target":{"@type":"EntryPoint","urlTemplate":"https:\/\/lassiseouest.fr\/?s={search_term_string}"},"query-input":{"@type":"PropertyValueSpecification","valueRequired":true,"valueName":"search_term_string"}}],"inLanguage":"fr-FR"},{"@type":"Organization","@id":"https:\/\/lassiseouest.fr\/#organization","name":"L'Assise Ouest","url":"https:\/\/lassiseouest.fr\/","logo":{"@type":"ImageObject","inLanguage":"fr-FR","@id":"https:\/\/lassiseouest.fr\/#\/schema\/logo\/image\/","url":"https:\/\/lassiseouest.fr\/wp-content\/uploads\/2016\/09\/Logo-Assisse-de-lOuest-transparent-150x150-1.png","contentUrl":"https:\/\/lassiseouest.fr\/wp-content\/uploads\/2016\/09\/Logo-Assisse-de-lOuest-transparent-150x150-1.png","width":150,"height":150,"caption":"L'Assise Ouest"},"image":{"@id":"https:\/\/lassiseouest.fr\/#\/schema\/logo\/image\/"},"sameAs":["https:\/\/www.facebook.com\/profile.php?id=100067985598745","https:\/\/www.youtube.com\/channel\/UCQVzhUN8EGkq4yFk3oQ8YxA","https:\/\/www.pinterest.fr\/lassiseouest\/pins\/"]}]}},"_links":{"self":[{"href":"https:\/\/lassiseouest.fr\/index.php\/wp-json\/wp\/v2\/product\/9031","targetHints":{"allow":["GET"]}}],"collection":[{"href":"https:\/\/lassiseouest.fr\/index.php\/wp-json\/wp\/v2\/product"}],"about":[{"href":"https:\/\/lassiseouest.fr\/index.php\/wp-json\/wp\/v2\/types\/product"}],"wp:featuredmedia":[{"embeddable":true,"href":"https:\/\/lassiseouest.fr\/index.php\/wp-json\/wp\/v2\/media\/8939"}],"wp:attachment":[{"href":"https:\/\/lassiseouest.fr\/index.php\/wp-json\/wp\/v2\/media?parent=9031"}],"wp:term":[{"taxonomy":"product_brand","embeddable":true,"href":"https:\/\/lassiseouest.fr\/index.php\/wp-json\/wp\/v2\/product_brand?post=9031"},{"taxonomy":"product_cat","embeddable":true,"href":"https:\/\/lassiseouest.fr\/index.php\/wp-json\/wp\/v2\/product_cat?post=9031"},{"taxonomy":"product_tag","embeddable":true,"href":"https:\/\/lassiseouest.fr\/index.php\/wp-json\/wp\/v2\/product_tag?post=9031"}],"curies":[{"name":"wp","href":"https:\/\/api.w.org\/{rel}","templated":true}]}}