{"id":3573,"date":"2020-03-17T19:10:21","date_gmt":"2020-03-17T18:10:21","guid":{"rendered":"https:\/\/lassiseouest.fr\/?post_type=product&#038;p=3573"},"modified":"2026-02-02T13:09:06","modified_gmt":"2026-02-02T12:09:06","slug":"assise-solea","status":"publish","type":"product","link":"https:\/\/lassiseouest.fr\/index.php\/produit\/assise-solea\/","title":{"rendered":"ASSISE SOLEA &#8211; les 2 derni\u00e8res"},"content":{"rendered":"<p>Composition tissu 100% coton &#8211; tissu imprim\u00e9 mi-\u00e9pais<\/p>\n<p>Doublure 50% coton &#8211; 50% polyester<\/p>\n<p>Garniture mousse poly\u00e9ther (21kg\/m<sup>3<\/sup>)<\/p>\n<p><img loading=\"lazy\" decoding=\"async\" class=\"alignnone size-medium wp-image-305\" src=\"https:\/\/lassiseouest.fr\/wp-content\/uploads\/2017\/01\/Tableau-rep\u00e8res-3-300x97.png\" alt=\"\" width=\"300\" height=\"97\" srcset=\"https:\/\/lassiseouest.fr\/wp-content\/uploads\/2017\/01\/Tableau-rep\u00e8res-3-300x97.png 300w, https:\/\/lassiseouest.fr\/wp-content\/uploads\/2017\/01\/Tableau-rep\u00e8res-3-600x194.png 600w, https:\/\/lassiseouest.fr\/wp-content\/uploads\/2017\/01\/Tableau-rep\u00e8res-3-768x248.png 768w, https:\/\/lassiseouest.fr\/wp-content\/uploads\/2017\/01\/Tableau-rep\u00e8res-3-1024x331.png 1024w, https:\/\/lassiseouest.fr\/wp-content\/uploads\/2017\/01\/Tableau-rep\u00e8res-3.png 1412w\" sizes=\"auto, (max-width: 300px) 100vw, 300px\" \/><img loading=\"lazy\" decoding=\"async\" class=\"alignnone size-medium wp-image-10076\" src=\"https:\/\/lassiseouest.fr\/wp-content\/uploads\/2024\/06\/chaise-schema-1-300x238.jpg\" alt=\"\" width=\"300\" height=\"238\" srcset=\"https:\/\/lassiseouest.fr\/wp-content\/uploads\/2024\/06\/chaise-schema-1-300x238.jpg 300w, https:\/\/lassiseouest.fr\/wp-content\/uploads\/2024\/06\/chaise-schema-1.jpg 354w\" sizes=\"auto, (max-width: 300px) 100vw, 300px\" \/><\/p>\n","protected":false},"excerpt":{"rendered":"<p>Composition tissu 100% coton &#8211; tissu imprim\u00e9 mi-\u00e9pais<\/p>\n<p><a href=\"https:\/\/lassiseouest.fr\/wp-content\/uploads\/2017\/01\/Fermeture_\u00e9clair.jpg\" target=\"_blank\" rel=\"noopener\">D\u00e9houssable (en option)<\/a><\/p>\n<p><a href=\"https:\/\/lassiseouest.fr\/wp-content\/uploads\/2017\/01\/Tableau-rep%C3%A8res-3.png\" target=\"_blank\" rel=\"noopener noreferrer\">Guide des tailles<\/a><\/p>\n<p><img loading=\"lazy\" decoding=\"async\" class=\"alignnone size-medium wp-image-10076\" src=\"https:\/\/lassiseouest.fr\/wp-content\/uploads\/2024\/06\/chaise-schema-1-300x238.jpg\" alt=\"\" width=\"300\" height=\"238\" srcset=\"https:\/\/lassiseouest.fr\/wp-content\/uploads\/2024\/06\/chaise-schema-1-300x238.jpg 300w, https:\/\/lassiseouest.fr\/wp-content\/uploads\/2024\/06\/chaise-schema-1.jpg 354w\" sizes=\"auto, (max-width: 300px) 100vw, 300px\" \/><\/p>\n","protected":false},"featured_media":7154,"template":"","meta":{"_exactmetrics_skip_tracking":false,"_exactmetrics_sitenote_active":false,"_exactmetrics_sitenote_note":"","_exactmetrics_sitenote_category":0},"product_brand":[],"product_cat":[17,21,18,15],"product_tag":[],"class_list":{"0":"post-3573","1":"product","2":"type-product","3":"status-publish","4":"has-post-thumbnail","6":"product_cat-geometrique","7":"product_cat-naturel","8":"product_cat-promos","9":"product_cat-tendance","10":"pa_dehoussable-non","11":"pa_dehoussable-oui-3-e","12":"pa_taille-cuisine","13":"pa_taille-standard","15":"first","16":"instock","17":"sale","18":"shipping-taxable","19":"purchasable","20":"product-type-variable"},"yoast_head":"<!-- This site is optimized with the Yoast SEO plugin v27.3 - https:\/\/yoast.com\/product\/yoast-seo-wordpress\/ -->\n<title>galette coussin assise de chaise \u00e0 scratch tissu solea<\/title>\n<meta name=\"description\" content=\"galette, coussin ou assise de chaise de fabrication artisanale fran\u00e7aise en Loire-Atlantique avec un syst\u00e8me d&#039;attache par scratch ou velcro\" \/>\n<meta name=\"robots\" content=\"index, follow, max-snippet:-1, max-image-preview:large, max-video-preview:-1\" \/>\n<link rel=\"canonical\" href=\"https:\/\/lassiseouest.fr\/index.php\/produit\/assise-solea\/\" \/>\n<meta property=\"og:locale\" content=\"fr_FR\" \/>\n<meta property=\"og:type\" content=\"article\" \/>\n<meta property=\"og:title\" content=\"galette coussin assise de chaise \u00e0 scratch tissu solea\" \/>\n<meta property=\"og:description\" content=\"galette, coussin ou assise de chaise de fabrication artisanale fran\u00e7aise en Loire-Atlantique avec un syst\u00e8me d&#039;attache par scratch ou velcro\" \/>\n<meta property=\"og:url\" content=\"https:\/\/lassiseouest.fr\/index.php\/produit\/assise-solea\/\" \/>\n<meta property=\"og:site_name\" content=\"L&#039;Assise Ouest\" \/>\n<meta property=\"article:publisher\" content=\"https:\/\/www.facebook.com\/profile.php?id=100067985598745\" \/>\n<meta property=\"article:modified_time\" content=\"2026-02-02T12:09:06+00:00\" \/>\n<meta property=\"og:image\" content=\"https:\/\/lassiseouest.fr\/wp-content\/uploads\/2020\/11\/galette-de-chaise-solea.jpg\" \/>\n\t<meta property=\"og:image:width\" content=\"592\" \/>\n\t<meta property=\"og:image:height\" content=\"600\" \/>\n\t<meta property=\"og:image:type\" content=\"image\/jpeg\" \/>\n<meta name=\"twitter:card\" content=\"summary_large_image\" \/>\n<meta name=\"twitter:label1\" content=\"Dur\u00e9e de lecture estim\u00e9e\" \/>\n\t<meta name=\"twitter:data1\" content=\"1 minute\" \/>\n<script type=\"application\/ld+json\" class=\"yoast-schema-graph\">{\"@context\":\"https:\\\/\\\/schema.org\",\"@graph\":[{\"@type\":\"WebPage\",\"@id\":\"https:\\\/\\\/lassiseouest.fr\\\/index.php\\\/produit\\\/assise-solea\\\/\",\"url\":\"https:\\\/\\\/lassiseouest.fr\\\/index.php\\\/produit\\\/assise-solea\\\/\",\"name\":\"galette coussin assise de chaise \u00e0 scratch tissu solea\",\"isPartOf\":{\"@id\":\"https:\\\/\\\/lassiseouest.fr\\\/#website\"},\"primaryImageOfPage\":{\"@id\":\"https:\\\/\\\/lassiseouest.fr\\\/index.php\\\/produit\\\/assise-solea\\\/#primaryimage\"},\"image\":{\"@id\":\"https:\\\/\\\/lassiseouest.fr\\\/index.php\\\/produit\\\/assise-solea\\\/#primaryimage\"},\"thumbnailUrl\":\"https:\\\/\\\/lassiseouest.fr\\\/wp-content\\\/uploads\\\/2020\\\/11\\\/galette-de-chaise-solea.jpg\",\"datePublished\":\"2020-03-17T18:10:21+00:00\",\"dateModified\":\"2026-02-02T12:09:06+00:00\",\"description\":\"galette, coussin ou assise de chaise de fabrication artisanale fran\u00e7aise en Loire-Atlantique avec un syst\u00e8me d'attache par scratch ou velcro\",\"breadcrumb\":{\"@id\":\"https:\\\/\\\/lassiseouest.fr\\\/index.php\\\/produit\\\/assise-solea\\\/#breadcrumb\"},\"inLanguage\":\"fr-FR\",\"potentialAction\":[{\"@type\":\"ReadAction\",\"target\":[\"https:\\\/\\\/lassiseouest.fr\\\/index.php\\\/produit\\\/assise-solea\\\/\"]}]},{\"@type\":\"ImageObject\",\"inLanguage\":\"fr-FR\",\"@id\":\"https:\\\/\\\/lassiseouest.fr\\\/index.php\\\/produit\\\/assise-solea\\\/#primaryimage\",\"url\":\"https:\\\/\\\/lassiseouest.fr\\\/wp-content\\\/uploads\\\/2020\\\/11\\\/galette-de-chaise-solea.jpg\",\"contentUrl\":\"https:\\\/\\\/lassiseouest.fr\\\/wp-content\\\/uploads\\\/2020\\\/11\\\/galette-de-chaise-solea.jpg\",\"width\":592,\"height\":600},{\"@type\":\"BreadcrumbList\",\"@id\":\"https:\\\/\\\/lassiseouest.fr\\\/index.php\\\/produit\\\/assise-solea\\\/#breadcrumb\",\"itemListElement\":[{\"@type\":\"ListItem\",\"position\":1,\"name\":\"Accueil\",\"item\":\"https:\\\/\\\/lassiseouest.fr\\\/\"},{\"@type\":\"ListItem\",\"position\":2,\"name\":\"Boutique. livraison en point relais : 6,96\u20ac \\\/ A domicile : 13,20\u20ac. Fabrication en 24 \u00e0 48h.\",\"item\":\"https:\\\/\\\/lassiseouest.fr\\\/index.php\\\/boutique\\\/\"},{\"@type\":\"ListItem\",\"position\":3,\"name\":\"ASSISE SOLEA &#8211; les 2 derni\u00e8res\"}]},{\"@type\":\"WebSite\",\"@id\":\"https:\\\/\\\/lassiseouest.fr\\\/#website\",\"url\":\"https:\\\/\\\/lassiseouest.fr\\\/\",\"name\":\"L'Assise Ouest\",\"description\":\"Nouvelle assise, Nouvelle chaise\",\"publisher\":{\"@id\":\"https:\\\/\\\/lassiseouest.fr\\\/#organization\"},\"potentialAction\":[{\"@type\":\"SearchAction\",\"target\":{\"@type\":\"EntryPoint\",\"urlTemplate\":\"https:\\\/\\\/lassiseouest.fr\\\/?s={search_term_string}\"},\"query-input\":{\"@type\":\"PropertyValueSpecification\",\"valueRequired\":true,\"valueName\":\"search_term_string\"}}],\"inLanguage\":\"fr-FR\"},{\"@type\":\"Organization\",\"@id\":\"https:\\\/\\\/lassiseouest.fr\\\/#organization\",\"name\":\"L'Assise Ouest\",\"url\":\"https:\\\/\\\/lassiseouest.fr\\\/\",\"logo\":{\"@type\":\"ImageObject\",\"inLanguage\":\"fr-FR\",\"@id\":\"https:\\\/\\\/lassiseouest.fr\\\/#\\\/schema\\\/logo\\\/image\\\/\",\"url\":\"https:\\\/\\\/lassiseouest.fr\\\/wp-content\\\/uploads\\\/2016\\\/09\\\/Logo-Assisse-de-lOuest-transparent-150x150-1.png\",\"contentUrl\":\"https:\\\/\\\/lassiseouest.fr\\\/wp-content\\\/uploads\\\/2016\\\/09\\\/Logo-Assisse-de-lOuest-transparent-150x150-1.png\",\"width\":150,\"height\":150,\"caption\":\"L'Assise Ouest\"},\"image\":{\"@id\":\"https:\\\/\\\/lassiseouest.fr\\\/#\\\/schema\\\/logo\\\/image\\\/\"},\"sameAs\":[\"https:\\\/\\\/www.facebook.com\\\/profile.php?id=100067985598745\",\"https:\\\/\\\/www.youtube.com\\\/channel\\\/UCQVzhUN8EGkq4yFk3oQ8YxA\",\"https:\\\/\\\/www.pinterest.fr\\\/lassiseouest\\\/pins\\\/\"]}]}<\/script>\n<!-- \/ Yoast SEO plugin. -->","yoast_head_json":{"title":"galette coussin assise de chaise \u00e0 scratch tissu solea","description":"galette, coussin ou assise de chaise de fabrication artisanale fran\u00e7aise en Loire-Atlantique avec un syst\u00e8me d'attache par scratch ou velcro","robots":{"index":"index","follow":"follow","max-snippet":"max-snippet:-1","max-image-preview":"max-image-preview:large","max-video-preview":"max-video-preview:-1"},"canonical":"https:\/\/lassiseouest.fr\/index.php\/produit\/assise-solea\/","og_locale":"fr_FR","og_type":"article","og_title":"galette coussin assise de chaise \u00e0 scratch tissu solea","og_description":"galette, coussin ou assise de chaise de fabrication artisanale fran\u00e7aise en Loire-Atlantique avec un syst\u00e8me d'attache par scratch ou velcro","og_url":"https:\/\/lassiseouest.fr\/index.php\/produit\/assise-solea\/","og_site_name":"L&#039;Assise Ouest","article_publisher":"https:\/\/www.facebook.com\/profile.php?id=100067985598745","article_modified_time":"2026-02-02T12:09:06+00:00","og_image":[{"width":592,"height":600,"url":"https:\/\/lassiseouest.fr\/wp-content\/uploads\/2020\/11\/galette-de-chaise-solea.jpg","type":"image\/jpeg"}],"twitter_card":"summary_large_image","twitter_misc":{"Dur\u00e9e de lecture estim\u00e9e":"1 minute"},"schema":{"@context":"https:\/\/schema.org","@graph":[{"@type":"WebPage","@id":"https:\/\/lassiseouest.fr\/index.php\/produit\/assise-solea\/","url":"https:\/\/lassiseouest.fr\/index.php\/produit\/assise-solea\/","name":"galette coussin assise de chaise \u00e0 scratch tissu solea","isPartOf":{"@id":"https:\/\/lassiseouest.fr\/#website"},"primaryImageOfPage":{"@id":"https:\/\/lassiseouest.fr\/index.php\/produit\/assise-solea\/#primaryimage"},"image":{"@id":"https:\/\/lassiseouest.fr\/index.php\/produit\/assise-solea\/#primaryimage"},"thumbnailUrl":"https:\/\/lassiseouest.fr\/wp-content\/uploads\/2020\/11\/galette-de-chaise-solea.jpg","datePublished":"2020-03-17T18:10:21+00:00","dateModified":"2026-02-02T12:09:06+00:00","description":"galette, coussin ou assise de chaise de fabrication artisanale fran\u00e7aise en Loire-Atlantique avec un syst\u00e8me d'attache par scratch ou velcro","breadcrumb":{"@id":"https:\/\/lassiseouest.fr\/index.php\/produit\/assise-solea\/#breadcrumb"},"inLanguage":"fr-FR","potentialAction":[{"@type":"ReadAction","target":["https:\/\/lassiseouest.fr\/index.php\/produit\/assise-solea\/"]}]},{"@type":"ImageObject","inLanguage":"fr-FR","@id":"https:\/\/lassiseouest.fr\/index.php\/produit\/assise-solea\/#primaryimage","url":"https:\/\/lassiseouest.fr\/wp-content\/uploads\/2020\/11\/galette-de-chaise-solea.jpg","contentUrl":"https:\/\/lassiseouest.fr\/wp-content\/uploads\/2020\/11\/galette-de-chaise-solea.jpg","width":592,"height":600},{"@type":"BreadcrumbList","@id":"https:\/\/lassiseouest.fr\/index.php\/produit\/assise-solea\/#breadcrumb","itemListElement":[{"@type":"ListItem","position":1,"name":"Accueil","item":"https:\/\/lassiseouest.fr\/"},{"@type":"ListItem","position":2,"name":"Boutique. livraison en point relais : 6,96\u20ac \/ A domicile : 13,20\u20ac. Fabrication en 24 \u00e0 48h.","item":"https:\/\/lassiseouest.fr\/index.php\/boutique\/"},{"@type":"ListItem","position":3,"name":"ASSISE SOLEA &#8211; les 2 derni\u00e8res"}]},{"@type":"WebSite","@id":"https:\/\/lassiseouest.fr\/#website","url":"https:\/\/lassiseouest.fr\/","name":"L'Assise Ouest","description":"Nouvelle assise, Nouvelle chaise","publisher":{"@id":"https:\/\/lassiseouest.fr\/#organization"},"potentialAction":[{"@type":"SearchAction","target":{"@type":"EntryPoint","urlTemplate":"https:\/\/lassiseouest.fr\/?s={search_term_string}"},"query-input":{"@type":"PropertyValueSpecification","valueRequired":true,"valueName":"search_term_string"}}],"inLanguage":"fr-FR"},{"@type":"Organization","@id":"https:\/\/lassiseouest.fr\/#organization","name":"L'Assise Ouest","url":"https:\/\/lassiseouest.fr\/","logo":{"@type":"ImageObject","inLanguage":"fr-FR","@id":"https:\/\/lassiseouest.fr\/#\/schema\/logo\/image\/","url":"https:\/\/lassiseouest.fr\/wp-content\/uploads\/2016\/09\/Logo-Assisse-de-lOuest-transparent-150x150-1.png","contentUrl":"https:\/\/lassiseouest.fr\/wp-content\/uploads\/2016\/09\/Logo-Assisse-de-lOuest-transparent-150x150-1.png","width":150,"height":150,"caption":"L'Assise Ouest"},"image":{"@id":"https:\/\/lassiseouest.fr\/#\/schema\/logo\/image\/"},"sameAs":["https:\/\/www.facebook.com\/profile.php?id=100067985598745","https:\/\/www.youtube.com\/channel\/UCQVzhUN8EGkq4yFk3oQ8YxA","https:\/\/www.pinterest.fr\/lassiseouest\/pins\/"]}]}},"_links":{"self":[{"href":"https:\/\/lassiseouest.fr\/index.php\/wp-json\/wp\/v2\/product\/3573","targetHints":{"allow":["GET"]}}],"collection":[{"href":"https:\/\/lassiseouest.fr\/index.php\/wp-json\/wp\/v2\/product"}],"about":[{"href":"https:\/\/lassiseouest.fr\/index.php\/wp-json\/wp\/v2\/types\/product"}],"wp:featuredmedia":[{"embeddable":true,"href":"https:\/\/lassiseouest.fr\/index.php\/wp-json\/wp\/v2\/media\/7154"}],"wp:attachment":[{"href":"https:\/\/lassiseouest.fr\/index.php\/wp-json\/wp\/v2\/media?parent=3573"}],"wp:term":[{"taxonomy":"product_brand","embeddable":true,"href":"https:\/\/lassiseouest.fr\/index.php\/wp-json\/wp\/v2\/product_brand?post=3573"},{"taxonomy":"product_cat","embeddable":true,"href":"https:\/\/lassiseouest.fr\/index.php\/wp-json\/wp\/v2\/product_cat?post=3573"},{"taxonomy":"product_tag","embeddable":true,"href":"https:\/\/lassiseouest.fr\/index.php\/wp-json\/wp\/v2\/product_tag?post=3573"}],"curies":[{"name":"wp","href":"https:\/\/api.w.org\/{rel}","templated":true}]}}