{"id":10945,"date":"2020-03-05T16:41:16","date_gmt":"2020-03-05T15:41:16","guid":{"rendered":"https:\/\/lassiseouest.fr\/?post_type=product&#038;p=10945"},"modified":"2026-03-05T16:47:44","modified_gmt":"2026-03-05T15:47:44","slug":"assise-pili","status":"publish","type":"product","link":"https:\/\/lassiseouest.fr\/index.php\/produit\/assise-pili\/","title":{"rendered":"ASSISE PILI &#8211; Les 4 derni\u00e8res"},"content":{"rendered":"<h3>Une nouvelle assise de chaise<\/h3>\n<p>Un joli motif compos\u00e9 de fleurs comme 1000 feux d\u2019artifice, la formule parfaite pour r\u00e9nover ses anciennes chaises sans en faire trop. Une belle housse d\u2019assise de chaise classique et contemporaine, \u00e0 venir fixer tout simplement au-dessus de votre assise existante. Son style \u201cnature\u201d et sobre se mariera parfaitement avec du bois clair ou plus fonc\u00e9. L\u2019association avec d\u2019autres mati\u00e8res naturelles comme le lin, le rotin ou encore les branches de pampa vous plongera dans une ambiance zen et \u00e9pur\u00e9e.<\/p>\n<p>Vous pr\u00e9f\u00e9rez les assises plus color\u00e9es ? D\u00e9couvrez toutes nos <a href=\"https:\/\/lassiseouest.fr\/index.php\/categorie-produit\/couleur\/multicolore\/\">assises de chaise mutlicolore<\/a> !<\/p>\n<h3>Syst\u00e8me d\u2019assise \u00e0 scratch brevet\u00e9<\/h3>\n<p>Notre <a href=\"https:\/\/lassiseouest.fr\/index.php\/concept\/\">syst\u00e8me d&rsquo;assise velcro brevet\u00e9<\/a> est unique et assure un excellent maintien sur la chaise. Les rabats en tissu permettent de regarnir la chaise sur ses 4 c\u00f4t\u00e9s. La mousse int\u00e9rieur en poly\u00e9ther de 1er choix apporte du galbe, de la tenue et \u00e9videmment du confort \u00e0 l\u2019assise. Ses larges scratch d\u2019environ 10 cm assurent un excellent maintien et permettent d\u2019adapter l\u2019assise \u00e0 la chaise.<\/p>\n<h3>Recouvrez vos assises de chaise facilement<\/h3>\n<p>Gr\u00e2ce \u00e0 nos assises de chaise en tissu, changez de style en fonction de vos envies et des saisons. D\u00e9-scratchez, scratchez et vous voil\u00e0 avec des chaises toutes neuves !<br \/>\nRecouvrir vos assises de chaise en paille n&rsquo;a jamais \u00e9t\u00e9 aussi simple. Choisissez parmi nos nombreux tissus, il y en a pour tous les styles : graphique, tendance, uni, en lin, en simili cuir&#8230; Vous ne trouvez pas votre bonheur ? Contactez nous pour des <a href=\"https:\/\/lassiseouest.fr\/index.php\/produit\/assise-sur-mesure\/\">assises de chaise sur mesure<\/a> !<\/p>\n<h3>Entretien de votre housse<\/h3>\n<p>Nous recommandons un lavage \u00e0 la main afin de ne pas d\u00e9t\u00e9riorer la mousse de vos assises. Faites tremper dans l&rsquo;eau temp\u00e9r\u00e9e dans une baignoire ou une large bassine afin d&rsquo;\u00e9viter les aur\u00e9oles, nettoyez avec du savon de Marseille, rincez sans essorer puis \u00e9tendez sur un fil.<\/p>\n<h3>Assise de chaise Made in France<\/h3>\n<p>L&rsquo;Assise Ouest fabrique ses produits en France, dans notre atelier de Loire Atlantique. Les tissus et mati\u00e8res premi\u00e8res que nous utilisons proviennent principalement de France et parfois d&rsquo;Europe et sont s\u00e9lectionn\u00e9es par notre artisan et choisies pour leur qualit\u00e9 et leur r\u00e9sistance.<\/p>\n<h3>Composition<\/h3>\n<p>Composition tissu 100% coton &#8211; tissu imprim\u00e9 fin<\/p>\n<p>Doublure 50% coton &#8211; 50% polyester<\/p>\n<p>Garniture mousse poly\u00e9ther (21kg\/m<sup>3<\/sup>)<\/p>\n<p><img loading=\"lazy\" decoding=\"async\" class=\"alignnone size-medium wp-image-305\" src=\"https:\/\/lassiseouest.fr\/wp-content\/uploads\/2017\/01\/Tableau-rep\u00e8res-3-300x97.png\" alt=\"\" width=\"300\" height=\"97\" srcset=\"https:\/\/lassiseouest.fr\/wp-content\/uploads\/2017\/01\/Tableau-rep\u00e8res-3-300x97.png 300w, https:\/\/lassiseouest.fr\/wp-content\/uploads\/2017\/01\/Tableau-rep\u00e8res-3-600x194.png 600w, https:\/\/lassiseouest.fr\/wp-content\/uploads\/2017\/01\/Tableau-rep\u00e8res-3-768x248.png 768w, https:\/\/lassiseouest.fr\/wp-content\/uploads\/2017\/01\/Tableau-rep\u00e8res-3-1024x331.png 1024w, https:\/\/lassiseouest.fr\/wp-content\/uploads\/2017\/01\/Tableau-rep\u00e8res-3.png 1412w\" sizes=\"auto, (max-width: 300px) 100vw, 300px\" \/><img loading=\"lazy\" decoding=\"async\" class=\"alignnone size-medium wp-image-10076\" src=\"https:\/\/lassiseouest.fr\/wp-content\/uploads\/2024\/06\/chaise-schema-1-300x238.jpg\" alt=\"\" width=\"300\" height=\"238\" srcset=\"https:\/\/lassiseouest.fr\/wp-content\/uploads\/2024\/06\/chaise-schema-1-300x238.jpg 300w, https:\/\/lassiseouest.fr\/wp-content\/uploads\/2024\/06\/chaise-schema-1.jpg 354w\" sizes=\"auto, (max-width: 300px) 100vw, 300px\" \/><\/p>\n","protected":false},"excerpt":{"rendered":"<p>Jolie et passe partout, cette housse d\u2019assise de chaise vous permet de donner un coup de fra\u00eecheur \u00e0 vos chaises en toute discr\u00e9tion.<\/p>\n<p>Composition tissu 100% coton &#8211; tissu imprim\u00e9 fin<\/p>\n<p><a href=\"https:\/\/lassiseouest.fr\/wp-content\/uploads\/2017\/01\/Fermeture_\u00e9clair.jpg\" target=\"_blank\" rel=\"noopener\">D\u00e9houssable (en option)<\/a><\/p>\n<p><a href=\"https:\/\/lassiseouest.fr\/wp-content\/uploads\/2017\/01\/Tableau-rep%C3%A8res-3.png\" target=\"_blank\" rel=\"noopener noreferrer\">Guide des tailles<\/a><\/p>\n<p><img loading=\"lazy\" decoding=\"async\" class=\"alignnone size-medium wp-image-10076\" src=\"https:\/\/lassiseouest.fr\/wp-content\/uploads\/2024\/06\/chaise-schema-1-300x238.jpg\" alt=\"\" width=\"300\" height=\"238\" srcset=\"https:\/\/lassiseouest.fr\/wp-content\/uploads\/2024\/06\/chaise-schema-1-300x238.jpg 300w, https:\/\/lassiseouest.fr\/wp-content\/uploads\/2024\/06\/chaise-schema-1.jpg 354w\" sizes=\"auto, (max-width: 300px) 100vw, 300px\" \/><\/p>\n","protected":false},"featured_media":10950,"template":"","meta":{"_exactmetrics_skip_tracking":false,"_exactmetrics_sitenote_active":false,"_exactmetrics_sitenote_note":"","_exactmetrics_sitenote_category":0},"product_brand":[],"product_cat":[18],"product_tag":[],"class_list":{"0":"post-10945","1":"product","2":"type-product","3":"status-publish","4":"has-post-thumbnail","6":"product_cat-promos","7":"pa_dehoussable-non","8":"pa_taille-cuisine","10":"first","11":"instock","12":"sale","13":"shipping-taxable","14":"purchasable","15":"product-type-variable"},"yoast_head":"<!-- This site is optimized with the Yoast SEO plugin v27.4 - https:\/\/yoast.com\/product\/yoast-seo-wordpress\/ -->\n<title>&quot;Pili\u201d - Housse d\u2019assise de chaise kaki | L\u2019Assise Ouest<\/title>\n<meta name=\"description\" content=\"Relookez votre chaise en un clin d&#039;\u0153il avec cette housse d\u2019assise de chaise Pili\" \/>\n<meta name=\"robots\" content=\"index, follow, max-snippet:-1, max-image-preview:large, max-video-preview:-1\" \/>\n<link rel=\"canonical\" href=\"https:\/\/lassiseouest.fr\/index.php\/produit\/assise-pili\/\" \/>\n<meta property=\"og:locale\" content=\"fr_FR\" \/>\n<meta property=\"og:type\" content=\"article\" \/>\n<meta property=\"og:title\" content=\"&quot;Pili\u201d - Housse d\u2019assise de chaise kaki | L\u2019Assise Ouest\" \/>\n<meta property=\"og:description\" content=\"Relookez votre chaise en un clin d&#039;\u0153il avec cette housse d\u2019assise de chaise Pili\" \/>\n<meta property=\"og:url\" content=\"https:\/\/lassiseouest.fr\/index.php\/produit\/assise-pili\/\" \/>\n<meta property=\"og:site_name\" content=\"L&#039;Assise Ouest\" \/>\n<meta property=\"article:publisher\" content=\"https:\/\/www.facebook.com\/profile.php?id=100067985598745\" \/>\n<meta property=\"article:modified_time\" content=\"2026-03-05T15:47:44+00:00\" \/>\n<meta property=\"og:image\" content=\"https:\/\/lassiseouest.fr\/wp-content\/uploads\/2026\/03\/Pili.jpg\" \/>\n\t<meta property=\"og:image:width\" content=\"586\" \/>\n\t<meta property=\"og:image:height\" content=\"600\" \/>\n\t<meta property=\"og:image:type\" content=\"image\/jpeg\" \/>\n<meta name=\"twitter:card\" content=\"summary_large_image\" \/>\n<meta name=\"twitter:label1\" content=\"Dur\u00e9e de lecture estim\u00e9e\" \/>\n\t<meta name=\"twitter:data1\" content=\"3 minutes\" \/>\n<script type=\"application\/ld+json\" class=\"yoast-schema-graph\">{\"@context\":\"https:\\\/\\\/schema.org\",\"@graph\":[{\"@type\":\"WebPage\",\"@id\":\"https:\\\/\\\/lassiseouest.fr\\\/index.php\\\/produit\\\/assise-pili\\\/\",\"url\":\"https:\\\/\\\/lassiseouest.fr\\\/index.php\\\/produit\\\/assise-pili\\\/\",\"name\":\"\\\"Pili\u201d - Housse d\u2019assise de chaise kaki | L\u2019Assise Ouest\",\"isPartOf\":{\"@id\":\"https:\\\/\\\/lassiseouest.fr\\\/#website\"},\"primaryImageOfPage\":{\"@id\":\"https:\\\/\\\/lassiseouest.fr\\\/index.php\\\/produit\\\/assise-pili\\\/#primaryimage\"},\"image\":{\"@id\":\"https:\\\/\\\/lassiseouest.fr\\\/index.php\\\/produit\\\/assise-pili\\\/#primaryimage\"},\"thumbnailUrl\":\"https:\\\/\\\/lassiseouest.fr\\\/wp-content\\\/uploads\\\/2026\\\/03\\\/Pili.jpg\",\"datePublished\":\"2020-03-05T15:41:16+00:00\",\"dateModified\":\"2026-03-05T15:47:44+00:00\",\"description\":\"Relookez votre chaise en un clin d'\u0153il avec cette housse d\u2019assise de chaise Pili\",\"breadcrumb\":{\"@id\":\"https:\\\/\\\/lassiseouest.fr\\\/index.php\\\/produit\\\/assise-pili\\\/#breadcrumb\"},\"inLanguage\":\"fr-FR\",\"potentialAction\":[{\"@type\":\"ReadAction\",\"target\":[\"https:\\\/\\\/lassiseouest.fr\\\/index.php\\\/produit\\\/assise-pili\\\/\"]}]},{\"@type\":\"ImageObject\",\"inLanguage\":\"fr-FR\",\"@id\":\"https:\\\/\\\/lassiseouest.fr\\\/index.php\\\/produit\\\/assise-pili\\\/#primaryimage\",\"url\":\"https:\\\/\\\/lassiseouest.fr\\\/wp-content\\\/uploads\\\/2026\\\/03\\\/Pili.jpg\",\"contentUrl\":\"https:\\\/\\\/lassiseouest.fr\\\/wp-content\\\/uploads\\\/2026\\\/03\\\/Pili.jpg\",\"width\":586,\"height\":600},{\"@type\":\"BreadcrumbList\",\"@id\":\"https:\\\/\\\/lassiseouest.fr\\\/index.php\\\/produit\\\/assise-pili\\\/#breadcrumb\",\"itemListElement\":[{\"@type\":\"ListItem\",\"position\":1,\"name\":\"Accueil\",\"item\":\"https:\\\/\\\/lassiseouest.fr\\\/\"},{\"@type\":\"ListItem\",\"position\":2,\"name\":\"Boutique. livraison en point relais : 6,96\u20ac \\\/ A domicile : 13,20\u20ac. Fabrication en 24 \u00e0 48h.\",\"item\":\"https:\\\/\\\/lassiseouest.fr\\\/index.php\\\/boutique\\\/\"},{\"@type\":\"ListItem\",\"position\":3,\"name\":\"ASSISE PILI &#8211; Les 4 derni\u00e8res\"}]},{\"@type\":\"WebSite\",\"@id\":\"https:\\\/\\\/lassiseouest.fr\\\/#website\",\"url\":\"https:\\\/\\\/lassiseouest.fr\\\/\",\"name\":\"L'Assise Ouest\",\"description\":\"Nouvelle assise, Nouvelle chaise\",\"publisher\":{\"@id\":\"https:\\\/\\\/lassiseouest.fr\\\/#organization\"},\"potentialAction\":[{\"@type\":\"SearchAction\",\"target\":{\"@type\":\"EntryPoint\",\"urlTemplate\":\"https:\\\/\\\/lassiseouest.fr\\\/?s={search_term_string}\"},\"query-input\":{\"@type\":\"PropertyValueSpecification\",\"valueRequired\":true,\"valueName\":\"search_term_string\"}}],\"inLanguage\":\"fr-FR\"},{\"@type\":\"Organization\",\"@id\":\"https:\\\/\\\/lassiseouest.fr\\\/#organization\",\"name\":\"L'Assise Ouest\",\"url\":\"https:\\\/\\\/lassiseouest.fr\\\/\",\"logo\":{\"@type\":\"ImageObject\",\"inLanguage\":\"fr-FR\",\"@id\":\"https:\\\/\\\/lassiseouest.fr\\\/#\\\/schema\\\/logo\\\/image\\\/\",\"url\":\"https:\\\/\\\/lassiseouest.fr\\\/wp-content\\\/uploads\\\/2016\\\/09\\\/Logo-Assisse-de-lOuest-transparent-150x150-1.png\",\"contentUrl\":\"https:\\\/\\\/lassiseouest.fr\\\/wp-content\\\/uploads\\\/2016\\\/09\\\/Logo-Assisse-de-lOuest-transparent-150x150-1.png\",\"width\":150,\"height\":150,\"caption\":\"L'Assise Ouest\"},\"image\":{\"@id\":\"https:\\\/\\\/lassiseouest.fr\\\/#\\\/schema\\\/logo\\\/image\\\/\"},\"sameAs\":[\"https:\\\/\\\/www.facebook.com\\\/profile.php?id=100067985598745\",\"https:\\\/\\\/www.youtube.com\\\/channel\\\/UCQVzhUN8EGkq4yFk3oQ8YxA\",\"https:\\\/\\\/www.pinterest.fr\\\/lassiseouest\\\/pins\\\/\"]}]}<\/script>\n<!-- \/ Yoast SEO plugin. -->","yoast_head_json":{"title":"\"Pili\u201d - Housse d\u2019assise de chaise kaki | L\u2019Assise Ouest","description":"Relookez votre chaise en un clin d'\u0153il avec cette housse d\u2019assise de chaise Pili","robots":{"index":"index","follow":"follow","max-snippet":"max-snippet:-1","max-image-preview":"max-image-preview:large","max-video-preview":"max-video-preview:-1"},"canonical":"https:\/\/lassiseouest.fr\/index.php\/produit\/assise-pili\/","og_locale":"fr_FR","og_type":"article","og_title":"\"Pili\u201d - Housse d\u2019assise de chaise kaki | L\u2019Assise Ouest","og_description":"Relookez votre chaise en un clin d'\u0153il avec cette housse d\u2019assise de chaise Pili","og_url":"https:\/\/lassiseouest.fr\/index.php\/produit\/assise-pili\/","og_site_name":"L&#039;Assise Ouest","article_publisher":"https:\/\/www.facebook.com\/profile.php?id=100067985598745","article_modified_time":"2026-03-05T15:47:44+00:00","og_image":[{"width":586,"height":600,"url":"https:\/\/lassiseouest.fr\/wp-content\/uploads\/2026\/03\/Pili.jpg","type":"image\/jpeg"}],"twitter_card":"summary_large_image","twitter_misc":{"Dur\u00e9e de lecture estim\u00e9e":"3 minutes"},"schema":{"@context":"https:\/\/schema.org","@graph":[{"@type":"WebPage","@id":"https:\/\/lassiseouest.fr\/index.php\/produit\/assise-pili\/","url":"https:\/\/lassiseouest.fr\/index.php\/produit\/assise-pili\/","name":"\"Pili\u201d - Housse d\u2019assise de chaise kaki | L\u2019Assise Ouest","isPartOf":{"@id":"https:\/\/lassiseouest.fr\/#website"},"primaryImageOfPage":{"@id":"https:\/\/lassiseouest.fr\/index.php\/produit\/assise-pili\/#primaryimage"},"image":{"@id":"https:\/\/lassiseouest.fr\/index.php\/produit\/assise-pili\/#primaryimage"},"thumbnailUrl":"https:\/\/lassiseouest.fr\/wp-content\/uploads\/2026\/03\/Pili.jpg","datePublished":"2020-03-05T15:41:16+00:00","dateModified":"2026-03-05T15:47:44+00:00","description":"Relookez votre chaise en un clin d'\u0153il avec cette housse d\u2019assise de chaise Pili","breadcrumb":{"@id":"https:\/\/lassiseouest.fr\/index.php\/produit\/assise-pili\/#breadcrumb"},"inLanguage":"fr-FR","potentialAction":[{"@type":"ReadAction","target":["https:\/\/lassiseouest.fr\/index.php\/produit\/assise-pili\/"]}]},{"@type":"ImageObject","inLanguage":"fr-FR","@id":"https:\/\/lassiseouest.fr\/index.php\/produit\/assise-pili\/#primaryimage","url":"https:\/\/lassiseouest.fr\/wp-content\/uploads\/2026\/03\/Pili.jpg","contentUrl":"https:\/\/lassiseouest.fr\/wp-content\/uploads\/2026\/03\/Pili.jpg","width":586,"height":600},{"@type":"BreadcrumbList","@id":"https:\/\/lassiseouest.fr\/index.php\/produit\/assise-pili\/#breadcrumb","itemListElement":[{"@type":"ListItem","position":1,"name":"Accueil","item":"https:\/\/lassiseouest.fr\/"},{"@type":"ListItem","position":2,"name":"Boutique. livraison en point relais : 6,96\u20ac \/ A domicile : 13,20\u20ac. Fabrication en 24 \u00e0 48h.","item":"https:\/\/lassiseouest.fr\/index.php\/boutique\/"},{"@type":"ListItem","position":3,"name":"ASSISE PILI &#8211; Les 4 derni\u00e8res"}]},{"@type":"WebSite","@id":"https:\/\/lassiseouest.fr\/#website","url":"https:\/\/lassiseouest.fr\/","name":"L'Assise Ouest","description":"Nouvelle assise, Nouvelle chaise","publisher":{"@id":"https:\/\/lassiseouest.fr\/#organization"},"potentialAction":[{"@type":"SearchAction","target":{"@type":"EntryPoint","urlTemplate":"https:\/\/lassiseouest.fr\/?s={search_term_string}"},"query-input":{"@type":"PropertyValueSpecification","valueRequired":true,"valueName":"search_term_string"}}],"inLanguage":"fr-FR"},{"@type":"Organization","@id":"https:\/\/lassiseouest.fr\/#organization","name":"L'Assise Ouest","url":"https:\/\/lassiseouest.fr\/","logo":{"@type":"ImageObject","inLanguage":"fr-FR","@id":"https:\/\/lassiseouest.fr\/#\/schema\/logo\/image\/","url":"https:\/\/lassiseouest.fr\/wp-content\/uploads\/2016\/09\/Logo-Assisse-de-lOuest-transparent-150x150-1.png","contentUrl":"https:\/\/lassiseouest.fr\/wp-content\/uploads\/2016\/09\/Logo-Assisse-de-lOuest-transparent-150x150-1.png","width":150,"height":150,"caption":"L'Assise Ouest"},"image":{"@id":"https:\/\/lassiseouest.fr\/#\/schema\/logo\/image\/"},"sameAs":["https:\/\/www.facebook.com\/profile.php?id=100067985598745","https:\/\/www.youtube.com\/channel\/UCQVzhUN8EGkq4yFk3oQ8YxA","https:\/\/www.pinterest.fr\/lassiseouest\/pins\/"]}]}},"_links":{"self":[{"href":"https:\/\/lassiseouest.fr\/index.php\/wp-json\/wp\/v2\/product\/10945","targetHints":{"allow":["GET"]}}],"collection":[{"href":"https:\/\/lassiseouest.fr\/index.php\/wp-json\/wp\/v2\/product"}],"about":[{"href":"https:\/\/lassiseouest.fr\/index.php\/wp-json\/wp\/v2\/types\/product"}],"wp:featuredmedia":[{"embeddable":true,"href":"https:\/\/lassiseouest.fr\/index.php\/wp-json\/wp\/v2\/media\/10950"}],"wp:attachment":[{"href":"https:\/\/lassiseouest.fr\/index.php\/wp-json\/wp\/v2\/media?parent=10945"}],"wp:term":[{"taxonomy":"product_brand","embeddable":true,"href":"https:\/\/lassiseouest.fr\/index.php\/wp-json\/wp\/v2\/product_brand?post=10945"},{"taxonomy":"product_cat","embeddable":true,"href":"https:\/\/lassiseouest.fr\/index.php\/wp-json\/wp\/v2\/product_cat?post=10945"},{"taxonomy":"product_tag","embeddable":true,"href":"https:\/\/lassiseouest.fr\/index.php\/wp-json\/wp\/v2\/product_tag?post=10945"}],"curies":[{"name":"wp","href":"https:\/\/api.w.org\/{rel}","templated":true}]}}