{"id":10799,"date":"2025-12-04T13:00:47","date_gmt":"2025-12-04T12:00:47","guid":{"rendered":"https:\/\/lassiseouest.fr\/?post_type=product&#038;p=10799"},"modified":"2026-03-30T10:02:18","modified_gmt":"2026-03-30T08:02:18","slug":"assise-suerte","status":"publish","type":"product","link":"https:\/\/lassiseouest.fr\/index.php\/produit\/assise-suerte\/","title":{"rendered":"ASSISE SUERTE"},"content":{"rendered":"<h3>Une galette de chaise tendance<\/h3>\n<p>Tons naturel et fleurs font bon m\u00e9nage avec cette housse d\u2019assise de chaise. Le motif est travaill\u00e9 pour cr\u00e9er un mariage entre une fleur et un papillon. R\u00e9solument tendance, elle apporte une touche de modernit\u00e9 \u00e0 votre int\u00e9rieur, et la couleur naturel se marie \u00e0 la perfection avec des meubles noir, blanc ou bois naturel.<\/p>\n<p>Et si vous aimez le style naturel, faites un tour du c\u00f4t\u00e9 de nos <a href=\"https:\/\/lassiseouest.fr\/index.php\/categorie-produit\/matiere\/lin\/\">galettes de chaise en lin<\/a> !<\/p>\n<h3>Une galette de chaise \u00e0 rabats pour un maintien unique<\/h3>\n<p>Nos assises sont confectionn\u00e9es avec notre <a href=\"https:\/\/lassiseouest.fr\/index.php\/concept\/\">syst\u00e8me d&rsquo;attache brevet\u00e9<\/a> : des scratchs situ\u00e9s en dessous de la housse viennent se fixer \u00e0 votre chaise existante et assurent un excellent maintien. Leur largeur de 10cm permet d&rsquo;adapter la housse \u00e0 la taille de votre assise.<\/p>\n<h3>Relooking d&rsquo;une chaise en paille<\/h3>\n<p>Nos galettes de chaise \u00e0 scratch sont la solution facile et rapide pour r\u00e9nover vos chaises. Nos housses d&rsquo;assise trap\u00e9zo\u00efdales recouvrent vos assises de chaise en paille ou en bois en toute simplicit\u00e9 et offrent une seconde jeunesse \u00e0 vos assises.<\/p>\n<p>D\u00e9couvrez nos nombreux tissus aux styles, couleurs et motifs vari\u00e9s et trouvez celui qui compl\u00e9tera votre d\u00e9co.<br \/>\nVous h\u00e9sitez sur le motif de votre assise ? Craquez sur plusieurs tissus et changez de d\u00e9co au gr\u00e9 des saisons et de vos envies !<\/p>\n<h3>Une housse d&rsquo;assise lavable et d\u00e9houssable<\/h3>\n<p>Nous recommandons un lavage \u00e0 la main afin de ne pas d\u00e9t\u00e9riorer la mousse de vos assises. Faites tremper dans l&rsquo;eau temp\u00e9r\u00e9e dans une baignoire ou une large bassine afin d&rsquo;\u00e9viter les aur\u00e9oles, nettoyez avec du savon de Marseille, rincez sans essorer puis \u00e9tendez sur un fil. Si vous optez pour des galettes d\u00e9houssables, la housse peut \u00eatre lav\u00e9e en machine.<\/p>\n<h3>Assise de chaise Made in France<\/h3>\n<p>L&rsquo;Assise Ouest fabrique ses produits en France, dans notre atelier de Loire Atlantique. Les tissus et mati\u00e8res premi\u00e8res que nous utilisons proviennent principalement de France et parfois d&rsquo;Europe et sont s\u00e9lectionn\u00e9es par notre artisan et choisies pour leur qualit\u00e9 et leur r\u00e9sistance.<\/p>\n<h3>Composition<\/h3>\n<p>Composition tissu 100% coton &#8211; tissu imprim\u00e9 mi-\u00e9pais<\/p>\n<p>Doublure 50% coton &#8211; 50% polyester<\/p>\n<p>Garniture mousse poly\u00e9ther (21kg\/m<sup>3<\/sup>)<\/p>\n<p><img loading=\"lazy\" decoding=\"async\" class=\"alignnone size-medium wp-image-305\" src=\"https:\/\/lassiseouest.fr\/wp-content\/uploads\/2017\/01\/Tableau-rep\u00e8res-3-300x97.png\" alt=\"\" width=\"300\" height=\"97\" srcset=\"https:\/\/lassiseouest.fr\/wp-content\/uploads\/2017\/01\/Tableau-rep\u00e8res-3-300x97.png 300w, https:\/\/lassiseouest.fr\/wp-content\/uploads\/2017\/01\/Tableau-rep\u00e8res-3-600x194.png 600w, https:\/\/lassiseouest.fr\/wp-content\/uploads\/2017\/01\/Tableau-rep\u00e8res-3-768x248.png 768w, https:\/\/lassiseouest.fr\/wp-content\/uploads\/2017\/01\/Tableau-rep\u00e8res-3-1024x331.png 1024w, https:\/\/lassiseouest.fr\/wp-content\/uploads\/2017\/01\/Tableau-rep\u00e8res-3.png 1412w\" sizes=\"auto, (max-width: 300px) 100vw, 300px\" \/><img loading=\"lazy\" decoding=\"async\" class=\"alignnone size-medium wp-image-10076\" src=\"https:\/\/lassiseouest.fr\/wp-content\/uploads\/2024\/06\/chaise-schema-1-300x238.jpg\" alt=\"\" width=\"300\" height=\"238\" srcset=\"https:\/\/lassiseouest.fr\/wp-content\/uploads\/2024\/06\/chaise-schema-1-300x238.jpg 300w, https:\/\/lassiseouest.fr\/wp-content\/uploads\/2024\/06\/chaise-schema-1.jpg 354w\" sizes=\"auto, (max-width: 300px) 100vw, 300px\" \/><\/p>\n","protected":false},"excerpt":{"rendered":"<p>Des motifs tendance et nature avec ses fleurs, cette galette de chaise \u00e0 rabats coche toutes les cases !<\/p>\n<p><a href=\"https:\/\/lassiseouest.fr\/wp-content\/uploads\/2017\/01\/Fermeture_%C3%A9clair.jpg\" target=\"_blank\" rel=\"noopener\">D\u00e9houssable (en option)<\/a><\/p>\n<p><a href=\"https:\/\/lassiseouest.fr\/wp-content\/uploads\/2017\/01\/Tableau-rep%C3%A8res-3.png\" target=\"_blank\" rel=\"noopener\">Guide des tailles<\/a><\/p>\n<p><img loading=\"lazy\" decoding=\"async\" class=\"alignnone size-medium wp-image-10076\" src=\"https:\/\/lassiseouest.fr\/wp-content\/uploads\/2024\/06\/chaise-schema-1-300x238.jpg\" alt=\"\" width=\"300\" height=\"238\" srcset=\"https:\/\/lassiseouest.fr\/wp-content\/uploads\/2024\/06\/chaise-schema-1-300x238.jpg 300w, https:\/\/lassiseouest.fr\/wp-content\/uploads\/2024\/06\/chaise-schema-1.jpg 354w\" sizes=\"auto, (max-width: 300px) 100vw, 300px\" \/><\/p>\n","protected":false},"featured_media":10720,"template":"","meta":{"_exactmetrics_skip_tracking":false,"_exactmetrics_sitenote_active":false,"_exactmetrics_sitenote_note":"","_exactmetrics_sitenote_category":0},"product_brand":[],"product_cat":[63,61,21],"product_tag":[],"class_list":{"0":"post-10799","1":"product","2":"type-product","3":"status-publish","4":"has-post-thumbnail","6":"product_cat-dehoussable","7":"product_cat-nature-fleur","8":"product_cat-naturel","9":"pa_dehoussable-non","10":"pa_dehoussable-oui-3-e","11":"pa_taille-cuisine","12":"pa_taille-standard","14":"first","15":"instock","16":"shipping-taxable","17":"purchasable","18":"product-type-variable"},"yoast_head":"<!-- This site is optimized with the Yoast SEO plugin v27.4 - https:\/\/yoast.com\/product\/yoast-seo-wordpress\/ -->\n<title>Galette de chaise tendance - &quot;Suerte\u201d | L\u2019Assise Ouest<\/title>\n<meta name=\"description\" content=\"Des motifs tendance, une couleur naturel, cette galette de chaise est d\u00e9houssable.! Fabriqu\u00e9e en France.\" \/>\n<meta name=\"robots\" content=\"index, follow, max-snippet:-1, max-image-preview:large, max-video-preview:-1\" \/>\n<link rel=\"canonical\" href=\"https:\/\/lassiseouest.fr\/index.php\/produit\/assise-suerte\/\" \/>\n<meta property=\"og:locale\" content=\"fr_FR\" \/>\n<meta property=\"og:type\" content=\"article\" \/>\n<meta property=\"og:title\" content=\"Galette de chaise tendance - &quot;Suerte\u201d | L\u2019Assise Ouest\" \/>\n<meta property=\"og:description\" content=\"Des motifs tendance, une couleur naturel, cette galette de chaise est d\u00e9houssable.! Fabriqu\u00e9e en France.\" \/>\n<meta property=\"og:url\" content=\"https:\/\/lassiseouest.fr\/index.php\/produit\/assise-suerte\/\" \/>\n<meta property=\"og:site_name\" content=\"L&#039;Assise Ouest\" \/>\n<meta property=\"article:publisher\" content=\"https:\/\/www.facebook.com\/profile.php?id=100067985598745\" \/>\n<meta property=\"article:modified_time\" content=\"2026-03-30T08:02:18+00:00\" \/>\n<meta property=\"og:image\" content=\"https:\/\/lassiseouest.fr\/wp-content\/uploads\/2025\/09\/Suerte.jpg\" \/>\n\t<meta property=\"og:image:width\" content=\"584\" \/>\n\t<meta property=\"og:image:height\" content=\"600\" \/>\n\t<meta property=\"og:image:type\" content=\"image\/jpeg\" \/>\n<meta name=\"twitter:card\" content=\"summary_large_image\" \/>\n<meta name=\"twitter:label1\" content=\"Dur\u00e9e de lecture estim\u00e9e\" \/>\n\t<meta name=\"twitter:data1\" content=\"3 minutes\" \/>\n<script type=\"application\/ld+json\" class=\"yoast-schema-graph\">{\"@context\":\"https:\\\/\\\/schema.org\",\"@graph\":[{\"@type\":\"WebPage\",\"@id\":\"https:\\\/\\\/lassiseouest.fr\\\/index.php\\\/produit\\\/assise-suerte\\\/\",\"url\":\"https:\\\/\\\/lassiseouest.fr\\\/index.php\\\/produit\\\/assise-suerte\\\/\",\"name\":\"Galette de chaise tendance - \\\"Suerte\u201d | L\u2019Assise Ouest\",\"isPartOf\":{\"@id\":\"https:\\\/\\\/lassiseouest.fr\\\/#website\"},\"primaryImageOfPage\":{\"@id\":\"https:\\\/\\\/lassiseouest.fr\\\/index.php\\\/produit\\\/assise-suerte\\\/#primaryimage\"},\"image\":{\"@id\":\"https:\\\/\\\/lassiseouest.fr\\\/index.php\\\/produit\\\/assise-suerte\\\/#primaryimage\"},\"thumbnailUrl\":\"https:\\\/\\\/lassiseouest.fr\\\/wp-content\\\/uploads\\\/2025\\\/09\\\/Suerte.jpg\",\"datePublished\":\"2025-12-04T12:00:47+00:00\",\"dateModified\":\"2026-03-30T08:02:18+00:00\",\"description\":\"Des motifs tendance, une couleur naturel, cette galette de chaise est d\u00e9houssable.! Fabriqu\u00e9e en France.\",\"breadcrumb\":{\"@id\":\"https:\\\/\\\/lassiseouest.fr\\\/index.php\\\/produit\\\/assise-suerte\\\/#breadcrumb\"},\"inLanguage\":\"fr-FR\",\"potentialAction\":[{\"@type\":\"ReadAction\",\"target\":[\"https:\\\/\\\/lassiseouest.fr\\\/index.php\\\/produit\\\/assise-suerte\\\/\"]}]},{\"@type\":\"ImageObject\",\"inLanguage\":\"fr-FR\",\"@id\":\"https:\\\/\\\/lassiseouest.fr\\\/index.php\\\/produit\\\/assise-suerte\\\/#primaryimage\",\"url\":\"https:\\\/\\\/lassiseouest.fr\\\/wp-content\\\/uploads\\\/2025\\\/09\\\/Suerte.jpg\",\"contentUrl\":\"https:\\\/\\\/lassiseouest.fr\\\/wp-content\\\/uploads\\\/2025\\\/09\\\/Suerte.jpg\",\"width\":584,\"height\":600},{\"@type\":\"BreadcrumbList\",\"@id\":\"https:\\\/\\\/lassiseouest.fr\\\/index.php\\\/produit\\\/assise-suerte\\\/#breadcrumb\",\"itemListElement\":[{\"@type\":\"ListItem\",\"position\":1,\"name\":\"Accueil\",\"item\":\"https:\\\/\\\/lassiseouest.fr\\\/\"},{\"@type\":\"ListItem\",\"position\":2,\"name\":\"Boutique. livraison en point relais : 6,96\u20ac \\\/ A domicile : 13,20\u20ac. Fabrication en 24 \u00e0 48h.\",\"item\":\"https:\\\/\\\/lassiseouest.fr\\\/index.php\\\/boutique\\\/\"},{\"@type\":\"ListItem\",\"position\":3,\"name\":\"ASSISE SUERTE\"}]},{\"@type\":\"WebSite\",\"@id\":\"https:\\\/\\\/lassiseouest.fr\\\/#website\",\"url\":\"https:\\\/\\\/lassiseouest.fr\\\/\",\"name\":\"L'Assise Ouest\",\"description\":\"Nouvelle assise, Nouvelle chaise\",\"publisher\":{\"@id\":\"https:\\\/\\\/lassiseouest.fr\\\/#organization\"},\"potentialAction\":[{\"@type\":\"SearchAction\",\"target\":{\"@type\":\"EntryPoint\",\"urlTemplate\":\"https:\\\/\\\/lassiseouest.fr\\\/?s={search_term_string}\"},\"query-input\":{\"@type\":\"PropertyValueSpecification\",\"valueRequired\":true,\"valueName\":\"search_term_string\"}}],\"inLanguage\":\"fr-FR\"},{\"@type\":\"Organization\",\"@id\":\"https:\\\/\\\/lassiseouest.fr\\\/#organization\",\"name\":\"L'Assise Ouest\",\"url\":\"https:\\\/\\\/lassiseouest.fr\\\/\",\"logo\":{\"@type\":\"ImageObject\",\"inLanguage\":\"fr-FR\",\"@id\":\"https:\\\/\\\/lassiseouest.fr\\\/#\\\/schema\\\/logo\\\/image\\\/\",\"url\":\"https:\\\/\\\/lassiseouest.fr\\\/wp-content\\\/uploads\\\/2016\\\/09\\\/Logo-Assisse-de-lOuest-transparent-150x150-1.png\",\"contentUrl\":\"https:\\\/\\\/lassiseouest.fr\\\/wp-content\\\/uploads\\\/2016\\\/09\\\/Logo-Assisse-de-lOuest-transparent-150x150-1.png\",\"width\":150,\"height\":150,\"caption\":\"L'Assise Ouest\"},\"image\":{\"@id\":\"https:\\\/\\\/lassiseouest.fr\\\/#\\\/schema\\\/logo\\\/image\\\/\"},\"sameAs\":[\"https:\\\/\\\/www.facebook.com\\\/profile.php?id=100067985598745\",\"https:\\\/\\\/www.youtube.com\\\/channel\\\/UCQVzhUN8EGkq4yFk3oQ8YxA\",\"https:\\\/\\\/www.pinterest.fr\\\/lassiseouest\\\/pins\\\/\"]}]}<\/script>\n<!-- \/ Yoast SEO plugin. -->","yoast_head_json":{"title":"Galette de chaise tendance - \"Suerte\u201d | L\u2019Assise Ouest","description":"Des motifs tendance, une couleur naturel, cette galette de chaise est d\u00e9houssable.! Fabriqu\u00e9e en France.","robots":{"index":"index","follow":"follow","max-snippet":"max-snippet:-1","max-image-preview":"max-image-preview:large","max-video-preview":"max-video-preview:-1"},"canonical":"https:\/\/lassiseouest.fr\/index.php\/produit\/assise-suerte\/","og_locale":"fr_FR","og_type":"article","og_title":"Galette de chaise tendance - \"Suerte\u201d | L\u2019Assise Ouest","og_description":"Des motifs tendance, une couleur naturel, cette galette de chaise est d\u00e9houssable.! Fabriqu\u00e9e en France.","og_url":"https:\/\/lassiseouest.fr\/index.php\/produit\/assise-suerte\/","og_site_name":"L&#039;Assise Ouest","article_publisher":"https:\/\/www.facebook.com\/profile.php?id=100067985598745","article_modified_time":"2026-03-30T08:02:18+00:00","og_image":[{"width":584,"height":600,"url":"https:\/\/lassiseouest.fr\/wp-content\/uploads\/2025\/09\/Suerte.jpg","type":"image\/jpeg"}],"twitter_card":"summary_large_image","twitter_misc":{"Dur\u00e9e de lecture estim\u00e9e":"3 minutes"},"schema":{"@context":"https:\/\/schema.org","@graph":[{"@type":"WebPage","@id":"https:\/\/lassiseouest.fr\/index.php\/produit\/assise-suerte\/","url":"https:\/\/lassiseouest.fr\/index.php\/produit\/assise-suerte\/","name":"Galette de chaise tendance - \"Suerte\u201d | L\u2019Assise Ouest","isPartOf":{"@id":"https:\/\/lassiseouest.fr\/#website"},"primaryImageOfPage":{"@id":"https:\/\/lassiseouest.fr\/index.php\/produit\/assise-suerte\/#primaryimage"},"image":{"@id":"https:\/\/lassiseouest.fr\/index.php\/produit\/assise-suerte\/#primaryimage"},"thumbnailUrl":"https:\/\/lassiseouest.fr\/wp-content\/uploads\/2025\/09\/Suerte.jpg","datePublished":"2025-12-04T12:00:47+00:00","dateModified":"2026-03-30T08:02:18+00:00","description":"Des motifs tendance, une couleur naturel, cette galette de chaise est d\u00e9houssable.! Fabriqu\u00e9e en France.","breadcrumb":{"@id":"https:\/\/lassiseouest.fr\/index.php\/produit\/assise-suerte\/#breadcrumb"},"inLanguage":"fr-FR","potentialAction":[{"@type":"ReadAction","target":["https:\/\/lassiseouest.fr\/index.php\/produit\/assise-suerte\/"]}]},{"@type":"ImageObject","inLanguage":"fr-FR","@id":"https:\/\/lassiseouest.fr\/index.php\/produit\/assise-suerte\/#primaryimage","url":"https:\/\/lassiseouest.fr\/wp-content\/uploads\/2025\/09\/Suerte.jpg","contentUrl":"https:\/\/lassiseouest.fr\/wp-content\/uploads\/2025\/09\/Suerte.jpg","width":584,"height":600},{"@type":"BreadcrumbList","@id":"https:\/\/lassiseouest.fr\/index.php\/produit\/assise-suerte\/#breadcrumb","itemListElement":[{"@type":"ListItem","position":1,"name":"Accueil","item":"https:\/\/lassiseouest.fr\/"},{"@type":"ListItem","position":2,"name":"Boutique. livraison en point relais : 6,96\u20ac \/ A domicile : 13,20\u20ac. Fabrication en 24 \u00e0 48h.","item":"https:\/\/lassiseouest.fr\/index.php\/boutique\/"},{"@type":"ListItem","position":3,"name":"ASSISE SUERTE"}]},{"@type":"WebSite","@id":"https:\/\/lassiseouest.fr\/#website","url":"https:\/\/lassiseouest.fr\/","name":"L'Assise Ouest","description":"Nouvelle assise, Nouvelle chaise","publisher":{"@id":"https:\/\/lassiseouest.fr\/#organization"},"potentialAction":[{"@type":"SearchAction","target":{"@type":"EntryPoint","urlTemplate":"https:\/\/lassiseouest.fr\/?s={search_term_string}"},"query-input":{"@type":"PropertyValueSpecification","valueRequired":true,"valueName":"search_term_string"}}],"inLanguage":"fr-FR"},{"@type":"Organization","@id":"https:\/\/lassiseouest.fr\/#organization","name":"L'Assise Ouest","url":"https:\/\/lassiseouest.fr\/","logo":{"@type":"ImageObject","inLanguage":"fr-FR","@id":"https:\/\/lassiseouest.fr\/#\/schema\/logo\/image\/","url":"https:\/\/lassiseouest.fr\/wp-content\/uploads\/2016\/09\/Logo-Assisse-de-lOuest-transparent-150x150-1.png","contentUrl":"https:\/\/lassiseouest.fr\/wp-content\/uploads\/2016\/09\/Logo-Assisse-de-lOuest-transparent-150x150-1.png","width":150,"height":150,"caption":"L'Assise Ouest"},"image":{"@id":"https:\/\/lassiseouest.fr\/#\/schema\/logo\/image\/"},"sameAs":["https:\/\/www.facebook.com\/profile.php?id=100067985598745","https:\/\/www.youtube.com\/channel\/UCQVzhUN8EGkq4yFk3oQ8YxA","https:\/\/www.pinterest.fr\/lassiseouest\/pins\/"]}]}},"_links":{"self":[{"href":"https:\/\/lassiseouest.fr\/index.php\/wp-json\/wp\/v2\/product\/10799","targetHints":{"allow":["GET"]}}],"collection":[{"href":"https:\/\/lassiseouest.fr\/index.php\/wp-json\/wp\/v2\/product"}],"about":[{"href":"https:\/\/lassiseouest.fr\/index.php\/wp-json\/wp\/v2\/types\/product"}],"wp:featuredmedia":[{"embeddable":true,"href":"https:\/\/lassiseouest.fr\/index.php\/wp-json\/wp\/v2\/media\/10720"}],"wp:attachment":[{"href":"https:\/\/lassiseouest.fr\/index.php\/wp-json\/wp\/v2\/media?parent=10799"}],"wp:term":[{"taxonomy":"product_brand","embeddable":true,"href":"https:\/\/lassiseouest.fr\/index.php\/wp-json\/wp\/v2\/product_brand?post=10799"},{"taxonomy":"product_cat","embeddable":true,"href":"https:\/\/lassiseouest.fr\/index.php\/wp-json\/wp\/v2\/product_cat?post=10799"},{"taxonomy":"product_tag","embeddable":true,"href":"https:\/\/lassiseouest.fr\/index.php\/wp-json\/wp\/v2\/product_tag?post=10799"}],"curies":[{"name":"wp","href":"https:\/\/api.w.org\/{rel}","templated":true}]}}