{"id":10492,"date":"2025-04-25T15:59:32","date_gmt":"2025-04-25T13:59:32","guid":{"rendered":"https:\/\/lassiseouest.fr\/?post_type=product&#038;p=10492"},"modified":"2026-01-26T15:26:37","modified_gmt":"2026-01-26T14:26:37","slug":"assise-cervin","status":"publish","type":"product","link":"https:\/\/lassiseouest.fr\/index.php\/produit\/assise-cervin\/","title":{"rendered":"ASSISE CERVIN"},"content":{"rendered":"<h3>Housse d\u2019assise de chaise \u00e0 fleurs<\/h3>\n<p>C\u2019est le tissu de r\u00e9f\u00e9rence des zones vallon\u00e9e. Cervin rouge saura vous s\u00e9duire, que vous soyez, en montagne ou \u00e0 la campagne. Il ravira aussi ceux qui veulent apporter une touche chaleureuse \u00e0 leur int\u00e9rieur. Admirez ce joli motif \u201ctiss\u00e9 teint\u201d de qualit\u00e9 : Un style ind\u00e9modable pour embellir vos chaises en paille.<\/p>\n<p>Et si vous aimez le style naturel, faites un tour du c\u00f4t\u00e9 de nos <a href=\"https:\/\/lassiseouest.fr\/index.php\/categorie-produit\/matiere\/lin\/\">galettes de chaise en lin<\/a> !<\/p>\n<h3>Une galette de chaise \u00e0 rabats<\/h3>\n<p>Notre <a href=\"https:\/\/lassiseouest.fr\/index.php\/concept\/\">syst\u00e8me d&rsquo;assise velcro brevet\u00e9<\/a> est unique et assure un excellent maintien sur la chaise. Les 4 rabats en tissu permettent de regarnir la chaise sur ses 4 c\u00f4t\u00e9s. La mousse int\u00e9rieur en poly\u00e9ther de 1er choix apporte du galbe, de la tenue et \u00e9videmment du confort \u00e0 l\u2019assise. Ses larges scratch d\u2019environ 10 cm assurent un excellent maintien et permettent d\u2019adapter l\u2019assise \u00e0 la chaise.<\/p>\n<h3>Recouvrez vos assises de chaise facilement<\/h3>\n<p>Gr\u00e2ce \u00e0 nos assises de chaise en tissu, changez de style en fonction de vos envies et des saisons. D\u00e9-scratchez, scratchez et vous voil\u00e0 avec des chaises toutes neuves !<br \/>\nRelooker une chaise en paille n&rsquo;a jamais \u00e9t\u00e9 aussi simple. Choisissez parmi nos nombreux tissus, il y en a pour tous les styles : graphique, tendance, uni, en lin, en simili cuir&#8230; Vous ne trouvez pas votre bonheur ? Contactez nous pour des <a href=\"https:\/\/lassiseouest.fr\/index.php\/produit\/assise-sur-mesure\/\">assises de chaise sur mesure<\/a> !<\/p>\n<h3>Galette de chaise lavable et d\u00e9houssable<\/h3>\n<p>Lavage \u00e0 la main : tremper enti\u00e8rement dans une baignoire afin d\u2019\u00e9viter les aur\u00e9oles, nettoyer au savon de Marseille, rincer et \u00e9tendre sur un fil avec le linge habituel.<br \/>\nLa version d\u00e9houssable peut \u00eatre lav\u00e9e en machine.<\/p>\n<h3>Assise de chaise Made in France<\/h3>\n<p>Depuis 2012, nous fabriquons nos produits en Loire Atlantique. Nos tissus et mati\u00e8res premi\u00e8res proviennent principalement de France et parfois d&rsquo;Europe. Elles sont s\u00e9lectionn\u00e9es par notre artisan et choisies pour leur qualit\u00e9 et leur r\u00e9sistance.<\/p>\n<h3>Composition<\/h3>\n<p>Composition tissu 100% coton &#8211; tissu imprim\u00e9 mi-\u00e9pais<\/p>\n<p>Doublure 50% coton &#8211; 50% polyester<\/p>\n<p>Garniture mousse poly\u00e9ther (21kg\/m<sup>3<\/sup>)<\/p>\n<p><img loading=\"lazy\" decoding=\"async\" class=\"alignnone size-medium wp-image-305\" src=\"https:\/\/lassiseouest.fr\/wp-content\/uploads\/2017\/01\/Tableau-rep\u00e8res-3-300x97.png\" alt=\"\" width=\"300\" height=\"97\" srcset=\"https:\/\/lassiseouest.fr\/wp-content\/uploads\/2017\/01\/Tableau-rep\u00e8res-3-300x97.png 300w, https:\/\/lassiseouest.fr\/wp-content\/uploads\/2017\/01\/Tableau-rep\u00e8res-3-600x194.png 600w, https:\/\/lassiseouest.fr\/wp-content\/uploads\/2017\/01\/Tableau-rep\u00e8res-3-768x248.png 768w, https:\/\/lassiseouest.fr\/wp-content\/uploads\/2017\/01\/Tableau-rep\u00e8res-3-1024x331.png 1024w, https:\/\/lassiseouest.fr\/wp-content\/uploads\/2017\/01\/Tableau-rep\u00e8res-3.png 1412w\" sizes=\"auto, (max-width: 300px) 100vw, 300px\" \/><img loading=\"lazy\" decoding=\"async\" class=\"alignnone size-medium wp-image-10076\" src=\"https:\/\/lassiseouest.fr\/wp-content\/uploads\/2024\/06\/chaise-schema-1-300x238.jpg\" alt=\"\" width=\"300\" height=\"238\" srcset=\"https:\/\/lassiseouest.fr\/wp-content\/uploads\/2024\/06\/chaise-schema-1-300x238.jpg 300w, https:\/\/lassiseouest.fr\/wp-content\/uploads\/2024\/06\/chaise-schema-1.jpg 354w\" sizes=\"auto, (max-width: 300px) 100vw, 300px\" \/><\/p>\n","protected":false},"excerpt":{"rendered":"<p>Ce magnifique motif \u00e0 coeurs apportera douceur et po\u00e9sie \u00e0 votre int\u00e9rieur. Son syst\u00e8me d\u2019attache \u00e0 rabats velcro brevet\u00e9 lui assure un excellent maintien.<\/p>\n<p>Composition tissu 100% coton \u2013 tissu imprim\u00e9 mi-\u00e9pais<\/p>\n<p><a href=\"https:\/\/lassiseouest.fr\/wp-content\/uploads\/2017\/01\/Fermeture_%C3%A9clair.jpg\" target=\"_blank\" rel=\"noopener\">D\u00e9houssable (en option)<\/a><\/p>\n<p><a href=\"https:\/\/lassiseouest.fr\/wp-content\/uploads\/2017\/01\/Tableau-rep%C3%A8res-3.png\" target=\"_blank\" rel=\"noopener\">Guide des tailles<\/a><\/p>\n<p><img loading=\"lazy\" decoding=\"async\" class=\"alignnone size-medium wp-image-10076\" src=\"https:\/\/lassiseouest.fr\/wp-content\/uploads\/2024\/06\/chaise-schema-1-300x238.jpg\" alt=\"\" width=\"300\" height=\"238\" srcset=\"https:\/\/lassiseouest.fr\/wp-content\/uploads\/2024\/06\/chaise-schema-1-300x238.jpg 300w, https:\/\/lassiseouest.fr\/wp-content\/uploads\/2024\/06\/chaise-schema-1.jpg 354w\" sizes=\"auto, (max-width: 300px) 100vw, 300px\" \/><\/p>\n","protected":false},"featured_media":10457,"template":"","meta":{"_exactmetrics_skip_tracking":false,"_exactmetrics_sitenote_active":false,"_exactmetrics_sitenote_note":"","_exactmetrics_sitenote_category":0},"product_brand":[],"product_cat":[12,63,23],"product_tag":[],"class_list":{"0":"post-10492","1":"product","2":"type-product","3":"status-publish","4":"has-post-thumbnail","6":"product_cat-classique","7":"product_cat-dehoussable","8":"product_cat-rouge","9":"pa_dehoussable-non","10":"pa_dehoussable-oui-3-e","11":"pa_taille-cuisine","12":"pa_taille-standard","14":"first","15":"instock","16":"shipping-taxable","17":"purchasable","18":"product-type-variable"},"yoast_head":"<!-- This site is optimized with the Yoast SEO plugin v27.5 - https:\/\/yoast.com\/product\/yoast-seo-wordpress\/ -->\n<title>Galette de chaise \u00e0 coeur - &quot;Cervin\u201d | L\u2019Assise Ouest<\/title>\n<meta name=\"description\" content=\"Un tiss\u00e9 teint de qualit\u00e9, un classique des montagnes. Cervin rouge est ind\u00e9modable. Syst\u00e8me d\u2019attache unique. Fabriqu\u00e9 en France.\" \/>\n<meta name=\"robots\" content=\"index, follow, max-snippet:-1, max-image-preview:large, max-video-preview:-1\" \/>\n<link rel=\"canonical\" href=\"https:\/\/lassiseouest.fr\/index.php\/produit\/assise-cervin\/\" \/>\n<meta property=\"og:locale\" content=\"fr_FR\" \/>\n<meta property=\"og:type\" content=\"article\" \/>\n<meta property=\"og:title\" content=\"Galette de chaise \u00e0 coeur - &quot;Cervin\u201d | L\u2019Assise Ouest\" \/>\n<meta property=\"og:description\" content=\"Un tiss\u00e9 teint de qualit\u00e9, un classique des montagnes. Cervin rouge est ind\u00e9modable. Syst\u00e8me d\u2019attache unique. Fabriqu\u00e9 en France.\" \/>\n<meta property=\"og:url\" content=\"https:\/\/lassiseouest.fr\/index.php\/produit\/assise-cervin\/\" \/>\n<meta property=\"og:site_name\" content=\"L&#039;Assise Ouest\" \/>\n<meta property=\"article:publisher\" content=\"https:\/\/www.facebook.com\/profile.php?id=100067985598745\" \/>\n<meta property=\"article:modified_time\" content=\"2026-01-26T14:26:37+00:00\" \/>\n<meta property=\"og:image\" content=\"https:\/\/lassiseouest.fr\/wp-content\/uploads\/2025\/04\/Cervin.jpg\" \/>\n\t<meta property=\"og:image:width\" content=\"532\" \/>\n\t<meta property=\"og:image:height\" content=\"600\" \/>\n\t<meta property=\"og:image:type\" content=\"image\/jpeg\" \/>\n<meta name=\"twitter:card\" content=\"summary_large_image\" \/>\n<meta name=\"twitter:label1\" content=\"Dur\u00e9e de lecture estim\u00e9e\" \/>\n\t<meta name=\"twitter:data1\" content=\"3 minutes\" \/>\n<script type=\"application\/ld+json\" class=\"yoast-schema-graph\">{\"@context\":\"https:\\\/\\\/schema.org\",\"@graph\":[{\"@type\":\"WebPage\",\"@id\":\"https:\\\/\\\/lassiseouest.fr\\\/index.php\\\/produit\\\/assise-cervin\\\/\",\"url\":\"https:\\\/\\\/lassiseouest.fr\\\/index.php\\\/produit\\\/assise-cervin\\\/\",\"name\":\"Galette de chaise \u00e0 coeur - \\\"Cervin\u201d | L\u2019Assise Ouest\",\"isPartOf\":{\"@id\":\"https:\\\/\\\/lassiseouest.fr\\\/#website\"},\"primaryImageOfPage\":{\"@id\":\"https:\\\/\\\/lassiseouest.fr\\\/index.php\\\/produit\\\/assise-cervin\\\/#primaryimage\"},\"image\":{\"@id\":\"https:\\\/\\\/lassiseouest.fr\\\/index.php\\\/produit\\\/assise-cervin\\\/#primaryimage\"},\"thumbnailUrl\":\"https:\\\/\\\/lassiseouest.fr\\\/wp-content\\\/uploads\\\/2025\\\/04\\\/Cervin.jpg\",\"datePublished\":\"2025-04-25T13:59:32+00:00\",\"dateModified\":\"2026-01-26T14:26:37+00:00\",\"description\":\"Un tiss\u00e9 teint de qualit\u00e9, un classique des montagnes. Cervin rouge est ind\u00e9modable. Syst\u00e8me d\u2019attache unique. Fabriqu\u00e9 en France.\",\"breadcrumb\":{\"@id\":\"https:\\\/\\\/lassiseouest.fr\\\/index.php\\\/produit\\\/assise-cervin\\\/#breadcrumb\"},\"inLanguage\":\"fr-FR\",\"potentialAction\":[{\"@type\":\"ReadAction\",\"target\":[\"https:\\\/\\\/lassiseouest.fr\\\/index.php\\\/produit\\\/assise-cervin\\\/\"]}]},{\"@type\":\"ImageObject\",\"inLanguage\":\"fr-FR\",\"@id\":\"https:\\\/\\\/lassiseouest.fr\\\/index.php\\\/produit\\\/assise-cervin\\\/#primaryimage\",\"url\":\"https:\\\/\\\/lassiseouest.fr\\\/wp-content\\\/uploads\\\/2025\\\/04\\\/Cervin.jpg\",\"contentUrl\":\"https:\\\/\\\/lassiseouest.fr\\\/wp-content\\\/uploads\\\/2025\\\/04\\\/Cervin.jpg\",\"width\":532,\"height\":600},{\"@type\":\"BreadcrumbList\",\"@id\":\"https:\\\/\\\/lassiseouest.fr\\\/index.php\\\/produit\\\/assise-cervin\\\/#breadcrumb\",\"itemListElement\":[{\"@type\":\"ListItem\",\"position\":1,\"name\":\"Accueil\",\"item\":\"https:\\\/\\\/lassiseouest.fr\\\/\"},{\"@type\":\"ListItem\",\"position\":2,\"name\":\"Boutique. livraison en point relais : 6,96\u20ac \\\/ A domicile : 13,20\u20ac. Fabrication en 24 \u00e0 48h.\",\"item\":\"https:\\\/\\\/lassiseouest.fr\\\/index.php\\\/boutique\\\/\"},{\"@type\":\"ListItem\",\"position\":3,\"name\":\"ASSISE CERVIN\"}]},{\"@type\":\"WebSite\",\"@id\":\"https:\\\/\\\/lassiseouest.fr\\\/#website\",\"url\":\"https:\\\/\\\/lassiseouest.fr\\\/\",\"name\":\"L'Assise Ouest\",\"description\":\"Nouvelle assise, Nouvelle chaise\",\"publisher\":{\"@id\":\"https:\\\/\\\/lassiseouest.fr\\\/#organization\"},\"potentialAction\":[{\"@type\":\"SearchAction\",\"target\":{\"@type\":\"EntryPoint\",\"urlTemplate\":\"https:\\\/\\\/lassiseouest.fr\\\/?s={search_term_string}\"},\"query-input\":{\"@type\":\"PropertyValueSpecification\",\"valueRequired\":true,\"valueName\":\"search_term_string\"}}],\"inLanguage\":\"fr-FR\"},{\"@type\":\"Organization\",\"@id\":\"https:\\\/\\\/lassiseouest.fr\\\/#organization\",\"name\":\"L'Assise Ouest\",\"url\":\"https:\\\/\\\/lassiseouest.fr\\\/\",\"logo\":{\"@type\":\"ImageObject\",\"inLanguage\":\"fr-FR\",\"@id\":\"https:\\\/\\\/lassiseouest.fr\\\/#\\\/schema\\\/logo\\\/image\\\/\",\"url\":\"https:\\\/\\\/lassiseouest.fr\\\/wp-content\\\/uploads\\\/2016\\\/09\\\/Logo-Assisse-de-lOuest-transparent-150x150-1.png\",\"contentUrl\":\"https:\\\/\\\/lassiseouest.fr\\\/wp-content\\\/uploads\\\/2016\\\/09\\\/Logo-Assisse-de-lOuest-transparent-150x150-1.png\",\"width\":150,\"height\":150,\"caption\":\"L'Assise Ouest\"},\"image\":{\"@id\":\"https:\\\/\\\/lassiseouest.fr\\\/#\\\/schema\\\/logo\\\/image\\\/\"},\"sameAs\":[\"https:\\\/\\\/www.facebook.com\\\/profile.php?id=100067985598745\",\"https:\\\/\\\/www.youtube.com\\\/channel\\\/UCQVzhUN8EGkq4yFk3oQ8YxA\",\"https:\\\/\\\/www.pinterest.fr\\\/lassiseouest\\\/pins\\\/\"]}]}<\/script>\n<!-- \/ Yoast SEO plugin. -->","yoast_head_json":{"title":"Galette de chaise \u00e0 coeur - \"Cervin\u201d | L\u2019Assise Ouest","description":"Un tiss\u00e9 teint de qualit\u00e9, un classique des montagnes. Cervin rouge est ind\u00e9modable. Syst\u00e8me d\u2019attache unique. Fabriqu\u00e9 en France.","robots":{"index":"index","follow":"follow","max-snippet":"max-snippet:-1","max-image-preview":"max-image-preview:large","max-video-preview":"max-video-preview:-1"},"canonical":"https:\/\/lassiseouest.fr\/index.php\/produit\/assise-cervin\/","og_locale":"fr_FR","og_type":"article","og_title":"Galette de chaise \u00e0 coeur - \"Cervin\u201d | L\u2019Assise Ouest","og_description":"Un tiss\u00e9 teint de qualit\u00e9, un classique des montagnes. Cervin rouge est ind\u00e9modable. Syst\u00e8me d\u2019attache unique. Fabriqu\u00e9 en France.","og_url":"https:\/\/lassiseouest.fr\/index.php\/produit\/assise-cervin\/","og_site_name":"L&#039;Assise Ouest","article_publisher":"https:\/\/www.facebook.com\/profile.php?id=100067985598745","article_modified_time":"2026-01-26T14:26:37+00:00","og_image":[{"width":532,"height":600,"url":"https:\/\/lassiseouest.fr\/wp-content\/uploads\/2025\/04\/Cervin.jpg","type":"image\/jpeg"}],"twitter_card":"summary_large_image","twitter_misc":{"Dur\u00e9e de lecture estim\u00e9e":"3 minutes"},"schema":{"@context":"https:\/\/schema.org","@graph":[{"@type":"WebPage","@id":"https:\/\/lassiseouest.fr\/index.php\/produit\/assise-cervin\/","url":"https:\/\/lassiseouest.fr\/index.php\/produit\/assise-cervin\/","name":"Galette de chaise \u00e0 coeur - \"Cervin\u201d | L\u2019Assise Ouest","isPartOf":{"@id":"https:\/\/lassiseouest.fr\/#website"},"primaryImageOfPage":{"@id":"https:\/\/lassiseouest.fr\/index.php\/produit\/assise-cervin\/#primaryimage"},"image":{"@id":"https:\/\/lassiseouest.fr\/index.php\/produit\/assise-cervin\/#primaryimage"},"thumbnailUrl":"https:\/\/lassiseouest.fr\/wp-content\/uploads\/2025\/04\/Cervin.jpg","datePublished":"2025-04-25T13:59:32+00:00","dateModified":"2026-01-26T14:26:37+00:00","description":"Un tiss\u00e9 teint de qualit\u00e9, un classique des montagnes. Cervin rouge est ind\u00e9modable. Syst\u00e8me d\u2019attache unique. Fabriqu\u00e9 en France.","breadcrumb":{"@id":"https:\/\/lassiseouest.fr\/index.php\/produit\/assise-cervin\/#breadcrumb"},"inLanguage":"fr-FR","potentialAction":[{"@type":"ReadAction","target":["https:\/\/lassiseouest.fr\/index.php\/produit\/assise-cervin\/"]}]},{"@type":"ImageObject","inLanguage":"fr-FR","@id":"https:\/\/lassiseouest.fr\/index.php\/produit\/assise-cervin\/#primaryimage","url":"https:\/\/lassiseouest.fr\/wp-content\/uploads\/2025\/04\/Cervin.jpg","contentUrl":"https:\/\/lassiseouest.fr\/wp-content\/uploads\/2025\/04\/Cervin.jpg","width":532,"height":600},{"@type":"BreadcrumbList","@id":"https:\/\/lassiseouest.fr\/index.php\/produit\/assise-cervin\/#breadcrumb","itemListElement":[{"@type":"ListItem","position":1,"name":"Accueil","item":"https:\/\/lassiseouest.fr\/"},{"@type":"ListItem","position":2,"name":"Boutique. livraison en point relais : 6,96\u20ac \/ A domicile : 13,20\u20ac. Fabrication en 24 \u00e0 48h.","item":"https:\/\/lassiseouest.fr\/index.php\/boutique\/"},{"@type":"ListItem","position":3,"name":"ASSISE CERVIN"}]},{"@type":"WebSite","@id":"https:\/\/lassiseouest.fr\/#website","url":"https:\/\/lassiseouest.fr\/","name":"L'Assise Ouest","description":"Nouvelle assise, Nouvelle chaise","publisher":{"@id":"https:\/\/lassiseouest.fr\/#organization"},"potentialAction":[{"@type":"SearchAction","target":{"@type":"EntryPoint","urlTemplate":"https:\/\/lassiseouest.fr\/?s={search_term_string}"},"query-input":{"@type":"PropertyValueSpecification","valueRequired":true,"valueName":"search_term_string"}}],"inLanguage":"fr-FR"},{"@type":"Organization","@id":"https:\/\/lassiseouest.fr\/#organization","name":"L'Assise Ouest","url":"https:\/\/lassiseouest.fr\/","logo":{"@type":"ImageObject","inLanguage":"fr-FR","@id":"https:\/\/lassiseouest.fr\/#\/schema\/logo\/image\/","url":"https:\/\/lassiseouest.fr\/wp-content\/uploads\/2016\/09\/Logo-Assisse-de-lOuest-transparent-150x150-1.png","contentUrl":"https:\/\/lassiseouest.fr\/wp-content\/uploads\/2016\/09\/Logo-Assisse-de-lOuest-transparent-150x150-1.png","width":150,"height":150,"caption":"L'Assise Ouest"},"image":{"@id":"https:\/\/lassiseouest.fr\/#\/schema\/logo\/image\/"},"sameAs":["https:\/\/www.facebook.com\/profile.php?id=100067985598745","https:\/\/www.youtube.com\/channel\/UCQVzhUN8EGkq4yFk3oQ8YxA","https:\/\/www.pinterest.fr\/lassiseouest\/pins\/"]}]}},"_links":{"self":[{"href":"https:\/\/lassiseouest.fr\/index.php\/wp-json\/wp\/v2\/product\/10492","targetHints":{"allow":["GET"]}}],"collection":[{"href":"https:\/\/lassiseouest.fr\/index.php\/wp-json\/wp\/v2\/product"}],"about":[{"href":"https:\/\/lassiseouest.fr\/index.php\/wp-json\/wp\/v2\/types\/product"}],"wp:featuredmedia":[{"embeddable":true,"href":"https:\/\/lassiseouest.fr\/index.php\/wp-json\/wp\/v2\/media\/10457"}],"wp:attachment":[{"href":"https:\/\/lassiseouest.fr\/index.php\/wp-json\/wp\/v2\/media?parent=10492"}],"wp:term":[{"taxonomy":"product_brand","embeddable":true,"href":"https:\/\/lassiseouest.fr\/index.php\/wp-json\/wp\/v2\/product_brand?post=10492"},{"taxonomy":"product_cat","embeddable":true,"href":"https:\/\/lassiseouest.fr\/index.php\/wp-json\/wp\/v2\/product_cat?post=10492"},{"taxonomy":"product_tag","embeddable":true,"href":"https:\/\/lassiseouest.fr\/index.php\/wp-json\/wp\/v2\/product_tag?post=10492"}],"curies":[{"name":"wp","href":"https:\/\/api.w.org\/{rel}","templated":true}]}}