{"id":10453,"date":"2025-04-25T13:56:31","date_gmt":"2025-04-25T11:56:31","guid":{"rendered":"https:\/\/lassiseouest.fr\/?post_type=product&#038;p=10453"},"modified":"2026-03-30T09:58:11","modified_gmt":"2026-03-30T07:58:11","slug":"assise-clematite","status":"publish","type":"product","link":"https:\/\/lassiseouest.fr\/index.php\/produit\/assise-clematite\/","title":{"rendered":"ASSISE CLEMATITE"},"content":{"rendered":"<h3>Une housse d\u2019assise haut de gamme<\/h3>\n<p>L\u2019assise Cl\u00e9matite est le compromis parfait entre douceur, po\u00e9sie et modernit\u00e9, pour les amateurs de d\u00e9co nature, de charme ou m\u00eame shabby chic. Sa couleur claire surmont\u00e9e de tr\u00e8s l\u00e9ger points rouge, tout en finesse, s\u2019accordent avec des mati\u00e8res comme le bois, le lin, les couleurs claires et des meubles de style rustique. C\u2019est le choix par excellence pour r\u00e9nover les chaises d\u2019une maison de charme !<\/p>\n<p>Vous aimez les tons naturels ? D\u00e9couvrez toutes nos <a href=\"https:\/\/lassiseouest.fr\/index.php\/categorie-produit\/couleur\/naturel\/\">assises de chaise aux tons nature<\/a> !<\/p>\n<h3>Un maintien unique gr\u00e2ce \u00e0 son syst\u00e8me d&rsquo;attache \u00e0 scratch<\/h3>\n<p>Nos assises sont confectionn\u00e9es avec notre <a href=\"https:\/\/lassiseouest.fr\/index.php\/concept\/\">syst\u00e8me d&rsquo;attache brevet\u00e9<\/a> : des scratchs situ\u00e9s en dessous de la housse viennent se fixer \u00e0 votre chaise existante et assurent un excellent maintien. Leur largeur de 10cm permet d&rsquo;adapter la housse \u00e0 la taille de votre assise.<\/p>\n<h3>Relookez vos chaises en un clin d&rsquo;\u0153il !<\/h3>\n<p>Nos galettes de chaise \u00e0 scratch sont la solution facile et rapide pour r\u00e9nover vos chaises. Nos produits sont trap\u00e9zo\u00efdales pour recouvrir vos assises de chaise en paille ou en bois en toute simplicit\u00e9 et offrir une seconde jeunesse \u00e0 vos assises.<\/p>\n<p>D\u00e9couvrez nos nombreux tissus aux styles, couleurs et motifs vari\u00e9s et trouvez celui qui compl\u00e9tera votre d\u00e9co.<br \/>\nVous h\u00e9sitez sur le motif de votre assise ? Craquez sur plusieurs tissus et changez de d\u00e9co au gr\u00e9 des saisons et de vos envies !<\/p>\n<h3>Entretien de votre housse<\/h3>\n<p>Nous recommandons un lavage \u00e0 la main afin de ne pas d\u00e9t\u00e9riorer la mousse de vos assises. Faites tremper dans l&rsquo;eau temp\u00e9r\u00e9e dans une baignoire ou une large bassine afin d&rsquo;\u00e9viter les aur\u00e9oles, nettoyez avec du savon de Marseille, rincez sans essorer puis \u00e9tendez sur un fil.<\/p>\n<h3>Assise de chaise Made in France<\/h3>\n<p>L&rsquo;Assise Ouest fabrique ses produits en France, dans notre atelier de Loire Atlantique. Les tissus et mati\u00e8res premi\u00e8res que nous utilisons proviennent principalement de France et parfois d&rsquo;Europe et sont s\u00e9lectionn\u00e9es par notre artisan et choisies pour leur qualit\u00e9 et leur r\u00e9sistance.<\/p>\n<h3>Composition<\/h3>\n<p>Composition tissu 100% coton &#8211; tissu imprim\u00e9 fin<\/p>\n<p>Doublure 50% coton &#8211; 50% polyester<\/p>\n<p>Garniture mousse poly\u00e9ther (21kg\/m<sup>3<\/sup>)<\/p>\n<p><img loading=\"lazy\" decoding=\"async\" class=\"alignnone size-medium wp-image-305\" src=\"https:\/\/lassiseouest.fr\/wp-content\/uploads\/2017\/01\/Tableau-rep\u00e8res-3-300x97.png\" alt=\"\" width=\"300\" height=\"97\" srcset=\"https:\/\/lassiseouest.fr\/wp-content\/uploads\/2017\/01\/Tableau-rep\u00e8res-3-300x97.png 300w, https:\/\/lassiseouest.fr\/wp-content\/uploads\/2017\/01\/Tableau-rep\u00e8res-3-600x194.png 600w, https:\/\/lassiseouest.fr\/wp-content\/uploads\/2017\/01\/Tableau-rep\u00e8res-3-768x248.png 768w, https:\/\/lassiseouest.fr\/wp-content\/uploads\/2017\/01\/Tableau-rep\u00e8res-3-1024x331.png 1024w, https:\/\/lassiseouest.fr\/wp-content\/uploads\/2017\/01\/Tableau-rep\u00e8res-3.png 1412w\" sizes=\"auto, (max-width: 300px) 100vw, 300px\" \/><img loading=\"lazy\" decoding=\"async\" class=\"alignnone size-medium wp-image-10076\" src=\"https:\/\/lassiseouest.fr\/wp-content\/uploads\/2024\/06\/chaise-schema-1-300x238.jpg\" alt=\"\" width=\"300\" height=\"238\" srcset=\"https:\/\/lassiseouest.fr\/wp-content\/uploads\/2024\/06\/chaise-schema-1-300x238.jpg 300w, https:\/\/lassiseouest.fr\/wp-content\/uploads\/2024\/06\/chaise-schema-1.jpg 354w\" sizes=\"auto, (max-width: 300px) 100vw, 300px\" \/><\/p>\n","protected":false},"excerpt":{"rendered":"<p>Pour un int\u00e9rieur doux et po\u00e9tique, relookez votre chaise avec cette housse d\u2019assise au motif graphique.<\/p>\n<p>Composition tissu 100% coton &#8211; tissu imprim\u00e9 fin<\/p>\n<p><a href=\"https:\/\/lassiseouest.fr\/wp-content\/uploads\/2017\/01\/Fermeture_\u00e9clair.jpg\" target=\"_blank\" rel=\"noopener\">D\u00e9houssable (en option)<\/a><\/p>\n<p><a href=\"https:\/\/lassiseouest.fr\/wp-content\/uploads\/2017\/01\/Tableau-rep%C3%A8res-3.png\" target=\"_blank\" rel=\"noopener noreferrer\">Guide des tailles<\/a><\/p>\n<p><img loading=\"lazy\" decoding=\"async\" class=\"alignnone size-medium wp-image-10076\" src=\"https:\/\/lassiseouest.fr\/wp-content\/uploads\/2024\/06\/chaise-schema-1-300x238.jpg\" alt=\"\" width=\"300\" height=\"238\" srcset=\"https:\/\/lassiseouest.fr\/wp-content\/uploads\/2024\/06\/chaise-schema-1-300x238.jpg 300w, https:\/\/lassiseouest.fr\/wp-content\/uploads\/2024\/06\/chaise-schema-1.jpg 354w\" sizes=\"auto, (max-width: 300px) 100vw, 300px\" \/><\/p>\n","protected":false},"featured_media":10381,"template":"","meta":{"_exactmetrics_skip_tracking":false,"_exactmetrics_sitenote_active":false,"_exactmetrics_sitenote_note":"","_exactmetrics_sitenote_category":0},"product_brand":[],"product_cat":[63,21],"product_tag":[],"class_list":{"0":"post-10453","1":"product","2":"type-product","3":"status-publish","4":"has-post-thumbnail","6":"product_cat-dehoussable","7":"product_cat-naturel","8":"pa_dehoussable-non","9":"pa_dehoussable-oui-3-e","10":"pa_taille-cuisine","11":"pa_taille-standard","13":"first","14":"outofstock","15":"shipping-taxable","16":"purchasable","17":"product-type-variable"},"yoast_head":"<!-- This site is optimized with the Yoast SEO plugin v27.3 - https:\/\/yoast.com\/product\/yoast-seo-wordpress\/ -->\n<title>Coussin de chaise \u201cCl\u00e9matite\u201d - Chic et sobre | L\u2019Assise Ouest<\/title>\n<meta name=\"description\" content=\"Cl\u00e9matite, c\u2019est la d\u00e9licatesse par excellence. Une assise de chaise discr\u00e8te, toute en finesse avec sa couleur naturelle pour un int\u00e9rieur de charme\" \/>\n<meta name=\"robots\" content=\"index, follow, max-snippet:-1, max-image-preview:large, max-video-preview:-1\" \/>\n<link rel=\"canonical\" href=\"https:\/\/lassiseouest.fr\/index.php\/produit\/assise-clematite\/\" \/>\n<meta property=\"og:locale\" content=\"fr_FR\" \/>\n<meta property=\"og:type\" content=\"article\" \/>\n<meta property=\"og:title\" content=\"Coussin de chaise \u201cCl\u00e9matite\u201d - Chic et sobre | L\u2019Assise Ouest\" \/>\n<meta property=\"og:description\" content=\"Cl\u00e9matite, c\u2019est la d\u00e9licatesse par excellence. Une assise de chaise discr\u00e8te, toute en finesse avec sa couleur naturelle pour un int\u00e9rieur de charme\" \/>\n<meta property=\"og:url\" content=\"https:\/\/lassiseouest.fr\/index.php\/produit\/assise-clematite\/\" \/>\n<meta property=\"og:site_name\" content=\"L&#039;Assise Ouest\" \/>\n<meta property=\"article:publisher\" content=\"https:\/\/www.facebook.com\/profile.php?id=100067985598745\" \/>\n<meta property=\"article:modified_time\" content=\"2026-03-30T07:58:11+00:00\" \/>\n<meta property=\"og:image\" content=\"https:\/\/lassiseouest.fr\/wp-content\/uploads\/2025\/03\/CLEMATITE.jpg\" \/>\n\t<meta property=\"og:image:width\" content=\"578\" \/>\n\t<meta property=\"og:image:height\" content=\"600\" \/>\n\t<meta property=\"og:image:type\" content=\"image\/jpeg\" \/>\n<meta name=\"twitter:card\" content=\"summary_large_image\" \/>\n<meta name=\"twitter:label1\" content=\"Dur\u00e9e de lecture estim\u00e9e\" \/>\n\t<meta name=\"twitter:data1\" content=\"3 minutes\" \/>\n<script type=\"application\/ld+json\" class=\"yoast-schema-graph\">{\"@context\":\"https:\\\/\\\/schema.org\",\"@graph\":[{\"@type\":\"WebPage\",\"@id\":\"https:\\\/\\\/lassiseouest.fr\\\/index.php\\\/produit\\\/assise-clematite\\\/\",\"url\":\"https:\\\/\\\/lassiseouest.fr\\\/index.php\\\/produit\\\/assise-clematite\\\/\",\"name\":\"Coussin de chaise \u201cCl\u00e9matite\u201d - Chic et sobre | L\u2019Assise Ouest\",\"isPartOf\":{\"@id\":\"https:\\\/\\\/lassiseouest.fr\\\/#website\"},\"primaryImageOfPage\":{\"@id\":\"https:\\\/\\\/lassiseouest.fr\\\/index.php\\\/produit\\\/assise-clematite\\\/#primaryimage\"},\"image\":{\"@id\":\"https:\\\/\\\/lassiseouest.fr\\\/index.php\\\/produit\\\/assise-clematite\\\/#primaryimage\"},\"thumbnailUrl\":\"https:\\\/\\\/lassiseouest.fr\\\/wp-content\\\/uploads\\\/2025\\\/03\\\/CLEMATITE.jpg\",\"datePublished\":\"2025-04-25T11:56:31+00:00\",\"dateModified\":\"2026-03-30T07:58:11+00:00\",\"description\":\"Cl\u00e9matite, c\u2019est la d\u00e9licatesse par excellence. Une assise de chaise discr\u00e8te, toute en finesse avec sa couleur naturelle pour un int\u00e9rieur de charme\",\"breadcrumb\":{\"@id\":\"https:\\\/\\\/lassiseouest.fr\\\/index.php\\\/produit\\\/assise-clematite\\\/#breadcrumb\"},\"inLanguage\":\"fr-FR\",\"potentialAction\":[{\"@type\":\"ReadAction\",\"target\":[\"https:\\\/\\\/lassiseouest.fr\\\/index.php\\\/produit\\\/assise-clematite\\\/\"]}]},{\"@type\":\"ImageObject\",\"inLanguage\":\"fr-FR\",\"@id\":\"https:\\\/\\\/lassiseouest.fr\\\/index.php\\\/produit\\\/assise-clematite\\\/#primaryimage\",\"url\":\"https:\\\/\\\/lassiseouest.fr\\\/wp-content\\\/uploads\\\/2025\\\/03\\\/CLEMATITE.jpg\",\"contentUrl\":\"https:\\\/\\\/lassiseouest.fr\\\/wp-content\\\/uploads\\\/2025\\\/03\\\/CLEMATITE.jpg\",\"width\":578,\"height\":600},{\"@type\":\"BreadcrumbList\",\"@id\":\"https:\\\/\\\/lassiseouest.fr\\\/index.php\\\/produit\\\/assise-clematite\\\/#breadcrumb\",\"itemListElement\":[{\"@type\":\"ListItem\",\"position\":1,\"name\":\"Accueil\",\"item\":\"https:\\\/\\\/lassiseouest.fr\\\/\"},{\"@type\":\"ListItem\",\"position\":2,\"name\":\"Boutique. livraison en point relais : 6,96\u20ac \\\/ A domicile : 13,20\u20ac. Fabrication en 24 \u00e0 48h.\",\"item\":\"https:\\\/\\\/lassiseouest.fr\\\/index.php\\\/boutique\\\/\"},{\"@type\":\"ListItem\",\"position\":3,\"name\":\"ASSISE CLEMATITE\"}]},{\"@type\":\"WebSite\",\"@id\":\"https:\\\/\\\/lassiseouest.fr\\\/#website\",\"url\":\"https:\\\/\\\/lassiseouest.fr\\\/\",\"name\":\"L'Assise Ouest\",\"description\":\"Nouvelle assise, Nouvelle chaise\",\"publisher\":{\"@id\":\"https:\\\/\\\/lassiseouest.fr\\\/#organization\"},\"potentialAction\":[{\"@type\":\"SearchAction\",\"target\":{\"@type\":\"EntryPoint\",\"urlTemplate\":\"https:\\\/\\\/lassiseouest.fr\\\/?s={search_term_string}\"},\"query-input\":{\"@type\":\"PropertyValueSpecification\",\"valueRequired\":true,\"valueName\":\"search_term_string\"}}],\"inLanguage\":\"fr-FR\"},{\"@type\":\"Organization\",\"@id\":\"https:\\\/\\\/lassiseouest.fr\\\/#organization\",\"name\":\"L'Assise Ouest\",\"url\":\"https:\\\/\\\/lassiseouest.fr\\\/\",\"logo\":{\"@type\":\"ImageObject\",\"inLanguage\":\"fr-FR\",\"@id\":\"https:\\\/\\\/lassiseouest.fr\\\/#\\\/schema\\\/logo\\\/image\\\/\",\"url\":\"https:\\\/\\\/lassiseouest.fr\\\/wp-content\\\/uploads\\\/2016\\\/09\\\/Logo-Assisse-de-lOuest-transparent-150x150-1.png\",\"contentUrl\":\"https:\\\/\\\/lassiseouest.fr\\\/wp-content\\\/uploads\\\/2016\\\/09\\\/Logo-Assisse-de-lOuest-transparent-150x150-1.png\",\"width\":150,\"height\":150,\"caption\":\"L'Assise Ouest\"},\"image\":{\"@id\":\"https:\\\/\\\/lassiseouest.fr\\\/#\\\/schema\\\/logo\\\/image\\\/\"},\"sameAs\":[\"https:\\\/\\\/www.facebook.com\\\/profile.php?id=100067985598745\",\"https:\\\/\\\/www.youtube.com\\\/channel\\\/UCQVzhUN8EGkq4yFk3oQ8YxA\",\"https:\\\/\\\/www.pinterest.fr\\\/lassiseouest\\\/pins\\\/\"]}]}<\/script>\n<!-- \/ Yoast SEO plugin. -->","yoast_head_json":{"title":"Coussin de chaise \u201cCl\u00e9matite\u201d - Chic et sobre | L\u2019Assise Ouest","description":"Cl\u00e9matite, c\u2019est la d\u00e9licatesse par excellence. Une assise de chaise discr\u00e8te, toute en finesse avec sa couleur naturelle pour un int\u00e9rieur de charme","robots":{"index":"index","follow":"follow","max-snippet":"max-snippet:-1","max-image-preview":"max-image-preview:large","max-video-preview":"max-video-preview:-1"},"canonical":"https:\/\/lassiseouest.fr\/index.php\/produit\/assise-clematite\/","og_locale":"fr_FR","og_type":"article","og_title":"Coussin de chaise \u201cCl\u00e9matite\u201d - Chic et sobre | L\u2019Assise Ouest","og_description":"Cl\u00e9matite, c\u2019est la d\u00e9licatesse par excellence. Une assise de chaise discr\u00e8te, toute en finesse avec sa couleur naturelle pour un int\u00e9rieur de charme","og_url":"https:\/\/lassiseouest.fr\/index.php\/produit\/assise-clematite\/","og_site_name":"L&#039;Assise Ouest","article_publisher":"https:\/\/www.facebook.com\/profile.php?id=100067985598745","article_modified_time":"2026-03-30T07:58:11+00:00","og_image":[{"width":578,"height":600,"url":"https:\/\/lassiseouest.fr\/wp-content\/uploads\/2025\/03\/CLEMATITE.jpg","type":"image\/jpeg"}],"twitter_card":"summary_large_image","twitter_misc":{"Dur\u00e9e de lecture estim\u00e9e":"3 minutes"},"schema":{"@context":"https:\/\/schema.org","@graph":[{"@type":"WebPage","@id":"https:\/\/lassiseouest.fr\/index.php\/produit\/assise-clematite\/","url":"https:\/\/lassiseouest.fr\/index.php\/produit\/assise-clematite\/","name":"Coussin de chaise \u201cCl\u00e9matite\u201d - Chic et sobre | L\u2019Assise Ouest","isPartOf":{"@id":"https:\/\/lassiseouest.fr\/#website"},"primaryImageOfPage":{"@id":"https:\/\/lassiseouest.fr\/index.php\/produit\/assise-clematite\/#primaryimage"},"image":{"@id":"https:\/\/lassiseouest.fr\/index.php\/produit\/assise-clematite\/#primaryimage"},"thumbnailUrl":"https:\/\/lassiseouest.fr\/wp-content\/uploads\/2025\/03\/CLEMATITE.jpg","datePublished":"2025-04-25T11:56:31+00:00","dateModified":"2026-03-30T07:58:11+00:00","description":"Cl\u00e9matite, c\u2019est la d\u00e9licatesse par excellence. Une assise de chaise discr\u00e8te, toute en finesse avec sa couleur naturelle pour un int\u00e9rieur de charme","breadcrumb":{"@id":"https:\/\/lassiseouest.fr\/index.php\/produit\/assise-clematite\/#breadcrumb"},"inLanguage":"fr-FR","potentialAction":[{"@type":"ReadAction","target":["https:\/\/lassiseouest.fr\/index.php\/produit\/assise-clematite\/"]}]},{"@type":"ImageObject","inLanguage":"fr-FR","@id":"https:\/\/lassiseouest.fr\/index.php\/produit\/assise-clematite\/#primaryimage","url":"https:\/\/lassiseouest.fr\/wp-content\/uploads\/2025\/03\/CLEMATITE.jpg","contentUrl":"https:\/\/lassiseouest.fr\/wp-content\/uploads\/2025\/03\/CLEMATITE.jpg","width":578,"height":600},{"@type":"BreadcrumbList","@id":"https:\/\/lassiseouest.fr\/index.php\/produit\/assise-clematite\/#breadcrumb","itemListElement":[{"@type":"ListItem","position":1,"name":"Accueil","item":"https:\/\/lassiseouest.fr\/"},{"@type":"ListItem","position":2,"name":"Boutique. livraison en point relais : 6,96\u20ac \/ A domicile : 13,20\u20ac. Fabrication en 24 \u00e0 48h.","item":"https:\/\/lassiseouest.fr\/index.php\/boutique\/"},{"@type":"ListItem","position":3,"name":"ASSISE CLEMATITE"}]},{"@type":"WebSite","@id":"https:\/\/lassiseouest.fr\/#website","url":"https:\/\/lassiseouest.fr\/","name":"L'Assise Ouest","description":"Nouvelle assise, Nouvelle chaise","publisher":{"@id":"https:\/\/lassiseouest.fr\/#organization"},"potentialAction":[{"@type":"SearchAction","target":{"@type":"EntryPoint","urlTemplate":"https:\/\/lassiseouest.fr\/?s={search_term_string}"},"query-input":{"@type":"PropertyValueSpecification","valueRequired":true,"valueName":"search_term_string"}}],"inLanguage":"fr-FR"},{"@type":"Organization","@id":"https:\/\/lassiseouest.fr\/#organization","name":"L'Assise Ouest","url":"https:\/\/lassiseouest.fr\/","logo":{"@type":"ImageObject","inLanguage":"fr-FR","@id":"https:\/\/lassiseouest.fr\/#\/schema\/logo\/image\/","url":"https:\/\/lassiseouest.fr\/wp-content\/uploads\/2016\/09\/Logo-Assisse-de-lOuest-transparent-150x150-1.png","contentUrl":"https:\/\/lassiseouest.fr\/wp-content\/uploads\/2016\/09\/Logo-Assisse-de-lOuest-transparent-150x150-1.png","width":150,"height":150,"caption":"L'Assise Ouest"},"image":{"@id":"https:\/\/lassiseouest.fr\/#\/schema\/logo\/image\/"},"sameAs":["https:\/\/www.facebook.com\/profile.php?id=100067985598745","https:\/\/www.youtube.com\/channel\/UCQVzhUN8EGkq4yFk3oQ8YxA","https:\/\/www.pinterest.fr\/lassiseouest\/pins\/"]}]}},"_links":{"self":[{"href":"https:\/\/lassiseouest.fr\/index.php\/wp-json\/wp\/v2\/product\/10453","targetHints":{"allow":["GET"]}}],"collection":[{"href":"https:\/\/lassiseouest.fr\/index.php\/wp-json\/wp\/v2\/product"}],"about":[{"href":"https:\/\/lassiseouest.fr\/index.php\/wp-json\/wp\/v2\/types\/product"}],"wp:featuredmedia":[{"embeddable":true,"href":"https:\/\/lassiseouest.fr\/index.php\/wp-json\/wp\/v2\/media\/10381"}],"wp:attachment":[{"href":"https:\/\/lassiseouest.fr\/index.php\/wp-json\/wp\/v2\/media?parent=10453"}],"wp:term":[{"taxonomy":"product_brand","embeddable":true,"href":"https:\/\/lassiseouest.fr\/index.php\/wp-json\/wp\/v2\/product_brand?post=10453"},{"taxonomy":"product_cat","embeddable":true,"href":"https:\/\/lassiseouest.fr\/index.php\/wp-json\/wp\/v2\/product_cat?post=10453"},{"taxonomy":"product_tag","embeddable":true,"href":"https:\/\/lassiseouest.fr\/index.php\/wp-json\/wp\/v2\/product_tag?post=10453"}],"curies":[{"name":"wp","href":"https:\/\/api.w.org\/{rel}","templated":true}]}}