{"id":10437,"date":"2025-04-15T10:59:53","date_gmt":"2025-04-15T08:59:53","guid":{"rendered":"https:\/\/lassiseouest.fr\/?post_type=product&#038;p=10437"},"modified":"2026-03-22T20:52:58","modified_gmt":"2026-03-22T19:52:58","slug":"assise-bochin","status":"publish","type":"product","link":"https:\/\/lassiseouest.fr\/index.php\/produit\/assise-bochin\/","title":{"rendered":"ASSISE BOCHIN"},"content":{"rendered":"<h3>Galette de chaise Ann\u00e9es 70<\/h3>\n<p>Une explosion de couleurs pour une touche de bonne humeur dans votre int\u00e9rieur ! \u00c7a rime et \u00e7a fait sourire, comme ces galettes de chaise \u00e0 rabats tendance ann\u00e9es 70. Osez l\u2019originalit\u00e9 sans faute de go\u00fbt avec ce tr\u00e8s beau tissu et offrez une seconde jeunesse \u00e0 vos chaises en paille.<br \/>\nVous pr\u00e9f\u00e9rez jouer la carte de la sobri\u00e9t\u00e9 ? D\u00e9couvrez nos <a href=\"https:\/\/lassiseouest.fr\/index.php\/categorie-produit\/theme\/unis\/page\/2\/\">galettes de chaises \u00e0 rabats unies<\/a>.<\/p>\n<h3>Une galette de chaise \u00e0 rabats pour un maintien unique<\/h3>\n<p>Nos assises sont confectionn\u00e9es avec notre <a href=\"https:\/\/lassiseouest.fr\/index.php\/concept\/\">syst\u00e8me d&rsquo;attache brevet\u00e9<\/a> : des scratchs situ\u00e9s en dessous de la housse viennent se fixer \u00e0 votre chaise existante et assurent un excellent maintien. Leur largeur de 10cm permet d&rsquo;adapter la housse \u00e0 la taille de votre assise.<\/p>\n<h3>Relooking d&rsquo;une chaise en paille<\/h3>\n<p>Nos galettes de chaise \u00e0 scratch sont la solution facile et rapide pour r\u00e9nover vos chaises. Nos housses d&rsquo;assise trap\u00e9zo\u00efdales recouvrent vos assises de chaise en paille ou en bois en toute simplicit\u00e9 et offrent une seconde jeunesse \u00e0 vos assises.<\/p>\n<p>D\u00e9couvrez nos nombreux tissus aux styles, couleurs et motifs vari\u00e9s et trouvez celui qui compl\u00e9tera votre d\u00e9co.<br \/>\nVous h\u00e9sitez sur le motif de votre assise ? Craquez sur plusieurs tissus et changez de d\u00e9co au gr\u00e9 des saisons et de vos envies !<\/p>\n<h3>Entretien de votre housse<\/h3>\n<p>Si vous optez pour la version non d\u00e9houssable, nous vous recommandons un lavage \u00e0 la main, car la mousse de l&rsquo;assise ne supportera pas l&rsquo;essorage et la temp\u00e9rature. Trempez l&rsquo;assise dans une baignoire ou une large bassine pour \u00e9viter les aur\u00e9oles, nettoyez avec du savon de Marseille, rincez puis \u00e9tendez sur un fil.<\/p>\n<h3>Composition<\/h3>\n<p>Composition tissu 100% coton &#8211; tissu imprim\u00e9 mi-\u00e9pais<\/p>\n<p>Doublure 50% coton &#8211; 50% polyester<\/p>\n<p>Garniture mousse poly\u00e9ther (21kg\/m<sup>3<\/sup>)<\/p>\n<p><img loading=\"lazy\" decoding=\"async\" class=\"alignnone size-medium wp-image-305\" src=\"https:\/\/lassiseouest.fr\/wp-content\/uploads\/2017\/01\/Tableau-rep\u00e8res-3-300x97.png\" alt=\"\" width=\"300\" height=\"97\" srcset=\"https:\/\/lassiseouest.fr\/wp-content\/uploads\/2017\/01\/Tableau-rep\u00e8res-3-300x97.png 300w, https:\/\/lassiseouest.fr\/wp-content\/uploads\/2017\/01\/Tableau-rep\u00e8res-3-600x194.png 600w, https:\/\/lassiseouest.fr\/wp-content\/uploads\/2017\/01\/Tableau-rep\u00e8res-3-768x248.png 768w, https:\/\/lassiseouest.fr\/wp-content\/uploads\/2017\/01\/Tableau-rep\u00e8res-3-1024x331.png 1024w, https:\/\/lassiseouest.fr\/wp-content\/uploads\/2017\/01\/Tableau-rep\u00e8res-3.png 1412w\" sizes=\"auto, (max-width: 300px) 100vw, 300px\" \/><img loading=\"lazy\" decoding=\"async\" class=\"alignnone size-medium wp-image-10076\" src=\"https:\/\/lassiseouest.fr\/wp-content\/uploads\/2024\/06\/chaise-schema-1-300x238.jpg\" alt=\"\" width=\"300\" height=\"238\" srcset=\"https:\/\/lassiseouest.fr\/wp-content\/uploads\/2024\/06\/chaise-schema-1-300x238.jpg 300w, https:\/\/lassiseouest.fr\/wp-content\/uploads\/2024\/06\/chaise-schema-1.jpg 354w\" sizes=\"auto, (max-width: 300px) 100vw, 300px\" \/><\/p>\n","protected":false},"excerpt":{"rendered":"<p>Jouer la carte de l\u2019originalit\u00e9 dans votre int\u00e9rieur avec les housses d\u2019assise Bochin. Le syst\u00e8me d\u2019attache \u00e0 rabats leur offre un excellent maintien.<\/p>\n<p>Composition tissu 100% coton \u2013 tissu imprim\u00e9 mi-\u00e9pais<\/p>\n<p><a href=\"https:\/\/lassiseouest.fr\/wp-content\/uploads\/2017\/01\/Fermeture_%C3%A9clair.jpg\" target=\"_blank\" rel=\"noopener\">D\u00e9houssable (en option)<\/a><\/p>\n<p><a href=\"https:\/\/lassiseouest.fr\/wp-content\/uploads\/2017\/01\/Tableau-rep%C3%A8res-3.png\" target=\"_blank\" rel=\"noopener\">Guide des tailles<\/a><\/p>\n<p><img loading=\"lazy\" decoding=\"async\" class=\"alignnone size-medium wp-image-10076\" src=\"https:\/\/lassiseouest.fr\/wp-content\/uploads\/2024\/06\/chaise-schema-1-300x238.jpg\" alt=\"\" width=\"300\" height=\"238\" srcset=\"https:\/\/lassiseouest.fr\/wp-content\/uploads\/2024\/06\/chaise-schema-1-300x238.jpg 300w, https:\/\/lassiseouest.fr\/wp-content\/uploads\/2024\/06\/chaise-schema-1.jpg 354w\" sizes=\"auto, (max-width: 300px) 100vw, 300px\" \/><\/p>\n","protected":false},"featured_media":10380,"template":"","meta":{"_exactmetrics_skip_tracking":false,"_exactmetrics_sitenote_active":false,"_exactmetrics_sitenote_note":"","_exactmetrics_sitenote_category":0},"product_brand":[],"product_cat":[25,63],"product_tag":[],"class_list":{"0":"post-10437","1":"product","2":"type-product","3":"status-publish","4":"has-post-thumbnail","6":"product_cat-bleu","7":"product_cat-dehoussable","8":"pa_dehoussable-non","9":"pa_dehoussable-oui-3-e","10":"pa_taille-cuisine","11":"pa_taille-standard","13":"first","14":"instock","15":"shipping-taxable","16":"purchasable","17":"product-type-variable"},"yoast_head":"<!-- This site is optimized with the Yoast SEO plugin v27.2 - https:\/\/yoast.com\/product\/yoast-seo-wordpress\/ -->\n<title>Galette de chaise \u00e0 rabats - &quot;Bochin\u201d | L\u2019Assise Ouest<\/title>\n<meta name=\"description\" content=\"Faites souffler un vent de folie dans votre int\u00e9rieur avec les galettes de chaise \u00e0 rabats Bochin ! Fabriqu\u00e9es en France.\" \/>\n<meta name=\"robots\" content=\"index, follow, max-snippet:-1, max-image-preview:large, max-video-preview:-1\" \/>\n<link rel=\"canonical\" href=\"https:\/\/lassiseouest.fr\/index.php\/produit\/assise-bochin\/\" \/>\n<meta property=\"og:locale\" content=\"fr_FR\" \/>\n<meta property=\"og:type\" content=\"article\" \/>\n<meta property=\"og:title\" content=\"Galette de chaise \u00e0 rabats - &quot;Bochin\u201d | L\u2019Assise Ouest\" \/>\n<meta property=\"og:description\" content=\"Faites souffler un vent de folie dans votre int\u00e9rieur avec les galettes de chaise \u00e0 rabats Bochin ! Fabriqu\u00e9es en France.\" \/>\n<meta property=\"og:url\" content=\"https:\/\/lassiseouest.fr\/index.php\/produit\/assise-bochin\/\" \/>\n<meta property=\"og:site_name\" content=\"L&#039;Assise Ouest\" \/>\n<meta property=\"article:publisher\" content=\"https:\/\/www.facebook.com\/profile.php?id=100067985598745\" \/>\n<meta property=\"article:modified_time\" content=\"2026-03-22T19:52:58+00:00\" \/>\n<meta property=\"og:image\" content=\"https:\/\/lassiseouest.fr\/wp-content\/uploads\/2025\/03\/BOCHIN.jpg\" \/>\n\t<meta property=\"og:image:width\" content=\"548\" \/>\n\t<meta property=\"og:image:height\" content=\"600\" \/>\n\t<meta property=\"og:image:type\" content=\"image\/jpeg\" \/>\n<meta name=\"twitter:card\" content=\"summary_large_image\" \/>\n<meta name=\"twitter:label1\" content=\"Dur\u00e9e de lecture estim\u00e9e\" \/>\n\t<meta name=\"twitter:data1\" content=\"3 minutes\" \/>\n<script type=\"application\/ld+json\" class=\"yoast-schema-graph\">{\"@context\":\"https:\/\/schema.org\",\"@graph\":[{\"@type\":\"WebPage\",\"@id\":\"https:\/\/lassiseouest.fr\/index.php\/produit\/assise-bochin\/\",\"url\":\"https:\/\/lassiseouest.fr\/index.php\/produit\/assise-bochin\/\",\"name\":\"Galette de chaise \u00e0 rabats - \\\"Bochin\u201d | L\u2019Assise Ouest\",\"isPartOf\":{\"@id\":\"https:\/\/lassiseouest.fr\/#website\"},\"primaryImageOfPage\":{\"@id\":\"https:\/\/lassiseouest.fr\/index.php\/produit\/assise-bochin\/#primaryimage\"},\"image\":{\"@id\":\"https:\/\/lassiseouest.fr\/index.php\/produit\/assise-bochin\/#primaryimage\"},\"thumbnailUrl\":\"https:\/\/lassiseouest.fr\/wp-content\/uploads\/2025\/03\/BOCHIN.jpg\",\"datePublished\":\"2025-04-15T08:59:53+00:00\",\"dateModified\":\"2026-03-22T19:52:58+00:00\",\"description\":\"Faites souffler un vent de folie dans votre int\u00e9rieur avec les galettes de chaise \u00e0 rabats Bochin ! Fabriqu\u00e9es en France.\",\"breadcrumb\":{\"@id\":\"https:\/\/lassiseouest.fr\/index.php\/produit\/assise-bochin\/#breadcrumb\"},\"inLanguage\":\"fr-FR\",\"potentialAction\":[{\"@type\":\"ReadAction\",\"target\":[\"https:\/\/lassiseouest.fr\/index.php\/produit\/assise-bochin\/\"]}]},{\"@type\":\"ImageObject\",\"inLanguage\":\"fr-FR\",\"@id\":\"https:\/\/lassiseouest.fr\/index.php\/produit\/assise-bochin\/#primaryimage\",\"url\":\"https:\/\/lassiseouest.fr\/wp-content\/uploads\/2025\/03\/BOCHIN.jpg\",\"contentUrl\":\"https:\/\/lassiseouest.fr\/wp-content\/uploads\/2025\/03\/BOCHIN.jpg\",\"width\":548,\"height\":600},{\"@type\":\"BreadcrumbList\",\"@id\":\"https:\/\/lassiseouest.fr\/index.php\/produit\/assise-bochin\/#breadcrumb\",\"itemListElement\":[{\"@type\":\"ListItem\",\"position\":1,\"name\":\"Accueil\",\"item\":\"https:\/\/lassiseouest.fr\/\"},{\"@type\":\"ListItem\",\"position\":2,\"name\":\"Boutique. livraison en point relais : 6,96\u20ac \/ A domicile : 13,20\u20ac. Fabrication en 24 \u00e0 48h.\",\"item\":\"https:\/\/lassiseouest.fr\/index.php\/boutique\/\"},{\"@type\":\"ListItem\",\"position\":3,\"name\":\"ASSISE BOCHIN\"}]},{\"@type\":\"WebSite\",\"@id\":\"https:\/\/lassiseouest.fr\/#website\",\"url\":\"https:\/\/lassiseouest.fr\/\",\"name\":\"L'Assise Ouest\",\"description\":\"Nouvelle assise, Nouvelle chaise\",\"publisher\":{\"@id\":\"https:\/\/lassiseouest.fr\/#organization\"},\"potentialAction\":[{\"@type\":\"SearchAction\",\"target\":{\"@type\":\"EntryPoint\",\"urlTemplate\":\"https:\/\/lassiseouest.fr\/?s={search_term_string}\"},\"query-input\":{\"@type\":\"PropertyValueSpecification\",\"valueRequired\":true,\"valueName\":\"search_term_string\"}}],\"inLanguage\":\"fr-FR\"},{\"@type\":\"Organization\",\"@id\":\"https:\/\/lassiseouest.fr\/#organization\",\"name\":\"L'Assise Ouest\",\"url\":\"https:\/\/lassiseouest.fr\/\",\"logo\":{\"@type\":\"ImageObject\",\"inLanguage\":\"fr-FR\",\"@id\":\"https:\/\/lassiseouest.fr\/#\/schema\/logo\/image\/\",\"url\":\"https:\/\/lassiseouest.fr\/wp-content\/uploads\/2016\/09\/Logo-Assisse-de-lOuest-transparent-150x150-1.png\",\"contentUrl\":\"https:\/\/lassiseouest.fr\/wp-content\/uploads\/2016\/09\/Logo-Assisse-de-lOuest-transparent-150x150-1.png\",\"width\":150,\"height\":150,\"caption\":\"L'Assise Ouest\"},\"image\":{\"@id\":\"https:\/\/lassiseouest.fr\/#\/schema\/logo\/image\/\"},\"sameAs\":[\"https:\/\/www.facebook.com\/profile.php?id=100067985598745\",\"https:\/\/www.youtube.com\/channel\/UCQVzhUN8EGkq4yFk3oQ8YxA\",\"https:\/\/www.pinterest.fr\/lassiseouest\/pins\/\"]}]}<\/script>\n<!-- \/ Yoast SEO plugin. -->","yoast_head_json":{"title":"Galette de chaise \u00e0 rabats - \"Bochin\u201d | L\u2019Assise Ouest","description":"Faites souffler un vent de folie dans votre int\u00e9rieur avec les galettes de chaise \u00e0 rabats Bochin ! Fabriqu\u00e9es en France.","robots":{"index":"index","follow":"follow","max-snippet":"max-snippet:-1","max-image-preview":"max-image-preview:large","max-video-preview":"max-video-preview:-1"},"canonical":"https:\/\/lassiseouest.fr\/index.php\/produit\/assise-bochin\/","og_locale":"fr_FR","og_type":"article","og_title":"Galette de chaise \u00e0 rabats - \"Bochin\u201d | L\u2019Assise Ouest","og_description":"Faites souffler un vent de folie dans votre int\u00e9rieur avec les galettes de chaise \u00e0 rabats Bochin ! Fabriqu\u00e9es en France.","og_url":"https:\/\/lassiseouest.fr\/index.php\/produit\/assise-bochin\/","og_site_name":"L&#039;Assise Ouest","article_publisher":"https:\/\/www.facebook.com\/profile.php?id=100067985598745","article_modified_time":"2026-03-22T19:52:58+00:00","og_image":[{"width":548,"height":600,"url":"https:\/\/lassiseouest.fr\/wp-content\/uploads\/2025\/03\/BOCHIN.jpg","type":"image\/jpeg"}],"twitter_card":"summary_large_image","twitter_misc":{"Dur\u00e9e de lecture estim\u00e9e":"3 minutes"},"schema":{"@context":"https:\/\/schema.org","@graph":[{"@type":"WebPage","@id":"https:\/\/lassiseouest.fr\/index.php\/produit\/assise-bochin\/","url":"https:\/\/lassiseouest.fr\/index.php\/produit\/assise-bochin\/","name":"Galette de chaise \u00e0 rabats - \"Bochin\u201d | L\u2019Assise Ouest","isPartOf":{"@id":"https:\/\/lassiseouest.fr\/#website"},"primaryImageOfPage":{"@id":"https:\/\/lassiseouest.fr\/index.php\/produit\/assise-bochin\/#primaryimage"},"image":{"@id":"https:\/\/lassiseouest.fr\/index.php\/produit\/assise-bochin\/#primaryimage"},"thumbnailUrl":"https:\/\/lassiseouest.fr\/wp-content\/uploads\/2025\/03\/BOCHIN.jpg","datePublished":"2025-04-15T08:59:53+00:00","dateModified":"2026-03-22T19:52:58+00:00","description":"Faites souffler un vent de folie dans votre int\u00e9rieur avec les galettes de chaise \u00e0 rabats Bochin ! Fabriqu\u00e9es en France.","breadcrumb":{"@id":"https:\/\/lassiseouest.fr\/index.php\/produit\/assise-bochin\/#breadcrumb"},"inLanguage":"fr-FR","potentialAction":[{"@type":"ReadAction","target":["https:\/\/lassiseouest.fr\/index.php\/produit\/assise-bochin\/"]}]},{"@type":"ImageObject","inLanguage":"fr-FR","@id":"https:\/\/lassiseouest.fr\/index.php\/produit\/assise-bochin\/#primaryimage","url":"https:\/\/lassiseouest.fr\/wp-content\/uploads\/2025\/03\/BOCHIN.jpg","contentUrl":"https:\/\/lassiseouest.fr\/wp-content\/uploads\/2025\/03\/BOCHIN.jpg","width":548,"height":600},{"@type":"BreadcrumbList","@id":"https:\/\/lassiseouest.fr\/index.php\/produit\/assise-bochin\/#breadcrumb","itemListElement":[{"@type":"ListItem","position":1,"name":"Accueil","item":"https:\/\/lassiseouest.fr\/"},{"@type":"ListItem","position":2,"name":"Boutique. livraison en point relais : 6,96\u20ac \/ A domicile : 13,20\u20ac. Fabrication en 24 \u00e0 48h.","item":"https:\/\/lassiseouest.fr\/index.php\/boutique\/"},{"@type":"ListItem","position":3,"name":"ASSISE BOCHIN"}]},{"@type":"WebSite","@id":"https:\/\/lassiseouest.fr\/#website","url":"https:\/\/lassiseouest.fr\/","name":"L'Assise Ouest","description":"Nouvelle assise, Nouvelle chaise","publisher":{"@id":"https:\/\/lassiseouest.fr\/#organization"},"potentialAction":[{"@type":"SearchAction","target":{"@type":"EntryPoint","urlTemplate":"https:\/\/lassiseouest.fr\/?s={search_term_string}"},"query-input":{"@type":"PropertyValueSpecification","valueRequired":true,"valueName":"search_term_string"}}],"inLanguage":"fr-FR"},{"@type":"Organization","@id":"https:\/\/lassiseouest.fr\/#organization","name":"L'Assise Ouest","url":"https:\/\/lassiseouest.fr\/","logo":{"@type":"ImageObject","inLanguage":"fr-FR","@id":"https:\/\/lassiseouest.fr\/#\/schema\/logo\/image\/","url":"https:\/\/lassiseouest.fr\/wp-content\/uploads\/2016\/09\/Logo-Assisse-de-lOuest-transparent-150x150-1.png","contentUrl":"https:\/\/lassiseouest.fr\/wp-content\/uploads\/2016\/09\/Logo-Assisse-de-lOuest-transparent-150x150-1.png","width":150,"height":150,"caption":"L'Assise Ouest"},"image":{"@id":"https:\/\/lassiseouest.fr\/#\/schema\/logo\/image\/"},"sameAs":["https:\/\/www.facebook.com\/profile.php?id=100067985598745","https:\/\/www.youtube.com\/channel\/UCQVzhUN8EGkq4yFk3oQ8YxA","https:\/\/www.pinterest.fr\/lassiseouest\/pins\/"]}]}},"_links":{"self":[{"href":"https:\/\/lassiseouest.fr\/index.php\/wp-json\/wp\/v2\/product\/10437","targetHints":{"allow":["GET"]}}],"collection":[{"href":"https:\/\/lassiseouest.fr\/index.php\/wp-json\/wp\/v2\/product"}],"about":[{"href":"https:\/\/lassiseouest.fr\/index.php\/wp-json\/wp\/v2\/types\/product"}],"wp:featuredmedia":[{"embeddable":true,"href":"https:\/\/lassiseouest.fr\/index.php\/wp-json\/wp\/v2\/media\/10380"}],"wp:attachment":[{"href":"https:\/\/lassiseouest.fr\/index.php\/wp-json\/wp\/v2\/media?parent=10437"}],"wp:term":[{"taxonomy":"product_brand","embeddable":true,"href":"https:\/\/lassiseouest.fr\/index.php\/wp-json\/wp\/v2\/product_brand?post=10437"},{"taxonomy":"product_cat","embeddable":true,"href":"https:\/\/lassiseouest.fr\/index.php\/wp-json\/wp\/v2\/product_cat?post=10437"},{"taxonomy":"product_tag","embeddable":true,"href":"https:\/\/lassiseouest.fr\/index.php\/wp-json\/wp\/v2\/product_tag?post=10437"}],"curies":[{"name":"wp","href":"https:\/\/api.w.org\/{rel}","templated":true}]}}