{"id":7233,"date":"2021-01-26T20:50:23","date_gmt":"2021-01-26T19:50:23","guid":{"rendered":"https:\/\/lassiseouest.fr\/?page_id=7233"},"modified":"2021-01-26T21:10:44","modified_gmt":"2021-01-26T20:10:44","slug":"donnees-personnelles-cookies","status":"publish","type":"page","link":"https:\/\/lassiseouest.fr\/index.php\/donnees-personnelles-cookies\/","title":{"rendered":"Donn\u00e9es personnelles \/ COOKIES"},"content":{"rendered":"<div class=\"cli_pg_page_contaner\">\n<h1>L&rsquo;ASSISE OUEST &#8211; Politique de Protection des Donn\u00e9es Personnelles et Cookies<\/h1>\n<p>Nous nous engageons \u00e0 prot\u00e9ger la vie priv\u00e9e des utilisateurs et clients du site web lassiseouest.fr et de l&rsquo;entreprise L&rsquo;ASSISE OUEST \u00a9 marque d\u00e9pos\u00e9e, repr\u00e9sent\u00e9e par M QUENOUILLERE JULIEN.<\/p>\n<p>Nous veillons \u00e0 ce que les informations que vous nous fournissez ou que nous collectons par le biais de nos \u00e9changes soient uniquement utilis\u00e9es aux fins indiqu\u00e9es dans la pr\u00e9sente politique.<\/p>\n<p>Cette Politique de Protection des Donn\u00e9es Personnelles a pour but de vous informer des types de donn\u00e9es \u00e0 caract\u00e8re personnel que nous collectons aupr\u00e8s de nos prospects et clients, des finalit\u00e9s pour lesquelles nous utilisons les donn\u00e9es et de la mani\u00e8re dont elles sont trait\u00e9es. Elle nous permet \u00e9galement de satisfaire \u00e0 l\u2019obligation de transparence issue du RGPD R\u00e8glement G\u00e9n\u00e9ral sur la Protection des Donn\u00e9es de l\u2019Union Europ\u00e9enne et de la l\u00e9gislation fran\u00e7aise du RGPD.<\/p>\n<h3>Droits sur les informations personnelles collect\u00e9es<\/h3>\n<p>Concernant les informations \u00e0 caract\u00e8re personnel que nous d\u00e9tenons \u00e0 votre sujet, les d\u00e9tails de vos droits et sur la mani\u00e8re de les exercer sont :<\/p>\n<ul>\n<li>droit d\u2019acc\u00e8s : copie des informations \u00e0 caract\u00e8re personnel que nous d\u00e9tenons \u00e0 votre sujet.<\/li>\n<li>droit de rectification ou de compl\u00e9ment : rectification, mise \u00e0 jour ou compl\u00e9ment des informations \u00e0 caract\u00e8re personnel que nous d\u00e9tenons \u00e0 votre sujet.<\/li>\n<li>droit \u00e0 l\u2019effacement et droit d\u2019opposition au traitement ou \u00e0 la limitation du traitement<\/li>\n<li>droit \u00e0 la portabilit\u00e9 des donn\u00e9es : le droit de recevoir vos informations \u00e0 caract\u00e8re personnel que nous d\u00e9tenons \u00e0 votre sujet.<\/li>\n<\/ul>\n<p><strong>Vous avez acc\u00e8s \u00e0 tout moment \u00e0 vos informations personnelles en consultant votre compte client sur lassiseouest.fr, vous pouvez v\u00e9rifier, actualiser, modifier vos coordonn\u00e9es personnelles<\/strong> \u00e0 l\u2019aide de votre mot de passe et identifiant (adresse mail). Si vous perdez votre mot de passe, vous pouvez demander son renouvellement et le modifier \u00e0 tout moment.<\/p>\n<p><strong>Pour supprimer votre compte, contactez-nous<\/strong> par mail \u00e0 contact@lassiseouest.fr ou par courrier : L&rsquo;ASSISE OUEST 7BIS rue du Bac 44640 SAINT JEAN DE BOISEAU. Nous vous demanderons de justifier votre identit\u00e9 avant de pouvoir donner suite \u00e0 votre demande de suppression de compte, merci de nous pr\u00e9ciser vos nom, pr\u00e9nom et adresse mail.<\/p>\n<h3>Donn\u00e9es personnelles collect\u00e9es et stock\u00e9es<\/h3>\n<p>Nous collectons et stockons les donn\u00e9es \u00e0 caract\u00e8re personnel que vous avez renseign\u00e9es lors de votre inscription sur notre site \u00e0 et les informations li\u00e9es aux devis ou commandes que vous passez sur notre site.<\/p>\n<p>Ces informations sont recueillies lors de votre commande et autres \u00e9changes (e-mail, appel, prospection) et surtout par le biais du formulaire de contact du site lassiseouest.fr.<\/p>\n<p>Notre base de donn\u00e9es clients contient les informations suivantes :<\/p>\n<ul>\n<li><strong>titre (M.\/Mme),<\/strong><\/li>\n<li><strong>nom, pr\u00e9nom,<\/strong><\/li>\n<li><strong>soci\u00e9t\u00e9, le cas \u00e9ch\u00e9ant<\/strong><\/li>\n<li><strong>date de naissance, si communiqu\u00e9e<\/strong><\/li>\n<li><strong>adresse e-mail,<\/strong><\/li>\n<li><strong>adresse postale (et adresse de livraison si diff\u00e9rente),<\/strong><\/li>\n<li><strong>num\u00e9ro de t\u00e9l\u00e9phone<\/strong><\/li>\n<\/ul>\n<p>Nous collectons de m\u00eame les informations relatives \u00e0 vos modes de paiement, en dehors des num\u00e9ros et informations de carte bancaire, trait\u00e9e par l\u2019interm\u00e9diaire d\u2019un prestataire de paiement s\u00e9curis\u00e9, qui a seul acc\u00e8s \u00e0 ces donn\u00e9es. Nous travaillons avec les services de paiement de Paypal et acceptons les paiements par PayPal. Lors du traitement des transactions, certaines donn\u00e9es seront transmises aux organismes bancaires cit\u00e9s, incluant l\u2019information obligatoires \u00e0 l\u2019ex\u00e9cution du paiement, tel que le montant total ou les informations de facturation.<\/p>\n<p><br \/><a href=\"https:\/\/www.paypal.com\/FR\/webapps\/mpp\/ua\/cookie-full\" target=\"_blank\" rel=\"noopener\">Politique de confidentialit\u00e9 Paypal<\/a><\/p>\n<p>Le site lassiseouest.fr est r\u00e9alis\u00e9 sous l\u2019application WordPress, le nom de domaine est d\u00e9pos\u00e9 et h\u00e9berg\u00e9 chez le prestataire web OVH, ces prestataires ont acc\u00e8s aux donn\u00e9es techniques du site et analyses.<\/p>\n<p><a href=\"https:\/\/automattic.com\/fr\/privacy\/\" target=\"_blank\" rel=\"noopener\">Politique de confidentialit\u00e9 WordPress<\/a><br \/><a href=\"https:\/\/www.ovh.com\/fr\/protection-donnees-personnelles\/\">Politique de confidentialit\u00e9 OVH<\/a><\/p>\n<h3>Utilisation des donn\u00e9es personnelles<\/h3>\n<p>Nous utilisons vos informations \u00e0 caract\u00e8re personnel \u00e0 des fins commerciales l\u00e9gitimes :<\/p>\n<ul>\n<li>pour la cr\u00e9ation de votre compte client sur lassiseouest.fr<\/li>\n<li>pour communiquer sur les nouveaut\u00e9s, les produits, les promotions ou les actualit\u00e9s<\/li>\n<li>pour r\u00e9pondre \u00e0 vos demandes de renseignements ou de services apr\u00e8s-ventes<\/li>\n<li>pour satisfaire aux obligations contractuelles (Lien vers les Conditions G\u00e9n\u00e9rales de Ventes)<\/li>\n<li>pour l\u2019envoi de vos commandes : lors du traitement des livraisons, certaines donn\u00e9es soit l\u2019adresse de livraison incluant votre nom-pr\u00e9nom, le num\u00e9ro de t\u00e9l\u00e9phone ou les informations de facturation seront transmises \u00e0 La Poste ou autre transporteur le cas \u00e9chant<\/li>\n<li>dans le cadre de nos obligations l\u00e9gales, lors de nos \u00e9changes avec les organismes de r\u00e9glementation ou charg\u00e9s de l\u2019application de la loi<\/li>\n<\/ul>\n<p>Pendant votre visite sur notre site, nous pouvons suivre :<\/p>\n<ul>\n<li>les produits que vous avez vu, nous les utilisons, par exemple, pour afficher des produits que vous avez r\u00e9cemment vu;<\/li>\n<li>votre localisation, adresse IP et type de navigateur : nous les utilisons pour l\u2019estimation des taxes et le contr\u00f4le du paiement;<\/li>\n<li>votre adresse de livraison : nous vous demanderons de la saisir pour estimer les frais de livraison avant que vous passiez commande, et pour vous envoyer la commande.<\/li>\n<\/ul>\n<p>Nous pouvons utiliser des cookies pour suivre les contenus du panier pendant que vous naviguez sur notre site.<\/p>\n<h3>Avis ou Commentaires<\/h3>\n<p>Quand vous d\u00e9posez un commentaire sur notre site web (un avis sur une fiche produit), les donn\u00e9es inscrites dans le formulaire de commentaire (titre, nom\/pseudo, texte), mais aussi votre adresse IP et l\u2019agent utilisateur de votre navigateur sont collect\u00e9s pour nous aider \u00e0 la d\u00e9tection des commentaires ind\u00e9sirables.<\/p>\n<h3><strong>Cookies utilis\u00e9s<\/strong><\/h3>\n<p>Lors de votre visite sur notre site, lassiseouest.fr utilise des cookies qui stockent un identifiant ou des instructions permettant de g\u00e9rer la navigation de l\u2019utilisateur.<\/p>\n<p>Si vous avez un compte et que vous vous connectez sur le site, un cookie temporaire sera cr\u00e9\u00e9 afin de d\u00e9terminer si votre navigateur accepte les cookies. Il ne contient pas de donn\u00e9es personnelles et sera supprim\u00e9 automatiquement \u00e0 la fermeture de votre navigateur.<\/p>\n<p>Si vous interagissez sur notre site (ex. d\u00e9posez un commentaire), il vous sera propos\u00e9 d\u2019enregistrer votre nom, adresse de messagerie et site web dans des cookies. C\u2019est uniquement pour votre confort afin de ne pas avoir \u00e0 saisir ces informations de nouveau. Ces cookies expirent au bout d\u2019un an.<\/p>\n<p>Lorsque vous vous connecterez, nous mettrons en place un certain nombre de cookies pour enregistrer vos informations de connexion et vos pr\u00e9f\u00e9rences d\u2019\u00e9cran. La dur\u00e9e de vie d\u2019un cookie de connexion est de deux jours, celle d\u2019un cookie d\u2019option d\u2019\u00e9cran est d\u2019un an. Si vous cochez \u00ab Se souvenir de moi \u00bb, votre cookie de connexion sera conserv\u00e9 pendant deux semaines. Si vous vous d\u00e9connectez de votre compte, le cookie de connexion sera effac\u00e9.<\/p>\n<p>Nous collectons des cookies par le biais de notre prestataire Google Analytics \u00e0 des fins de mesure d&rsquo;audience, d\u2019analyses pour d\u00e9terminer le contenu le plus utile pour nos visiteurs.<\/p>\n<p><a href=\"https:\/\/policies.google.com\/privacy?hl=fr-CA\">Conditions de confidentialit\u00e9 Google Analytics<\/a><\/p>\n<p>Certains cookies sont indispensables pour le bon fonctionnement de ce site (cookies de s\u00e9curit\u00e9). En continuant votre navigation sur le site de lassiseouest.fr, vous acceptez notre politique d\u2019utilisation des cookies.\u00a0 \u00a0<\/p>\n<h3>Qu\u2019est-ce qu\u2019un cookie ?<\/h3>\n<p>Un cookie est un fichier de texte qui est stock\u00e9 dans le r\u00e9pertoire ou dans les sous-dossiers de donn\u00e9es de programme du navigateur de votre ordinateur, smartphone ou tablette. Les cookies sont cr\u00e9\u00e9s lorsque vous utilisez votre navigateur pour consulter un site web qui utilise des cookies comme aide pour suivre vos mouvements sur le site, pour reprendre l\u00e0 o\u00f9 vous vous \u00eates arr\u00eat\u00e9 en quittant le site, pour se souvenir de vos identifiants de connexion, de la s\u00e9lection du th\u00e8me, de vos pr\u00e9f\u00e9rences, de vos habitudes de navigation ou de son \u00e9quipement et d\u2019autres fonctions de personnalisation, puis, en fonction de ces informations, de le reconna\u00eetre. Les donn\u00e9es obtenues concernent uniquement le nombre de pages visit\u00e9es, la ville o\u00f9 est localis\u00e9e l\u2019adresse IP de connexion au site web, la fr\u00e9quence et la r\u00e9currence des visites, la dur\u00e9e de la visite, le navigateur, l\u2019op\u00e9rateur ou le type de terminal \u00e0 partir duquel la visite est effectu\u00e9e. Des donn\u00e9es telles que le nom, le pr\u00e9nom de l\u2019utilisateur ou l&rsquo;adresse postale de connexion ne sont, en aucun cas, obtenues.<\/p>\n<h3>Comment bloquer ou supprimer les cookies ?<\/h3>\n<p>Vous avez la possibilit\u00e9 d\u2019\u00eatre inform\u00e9 par votre navigateur d\u00e8s qu\u2019un cookie est d\u00e9pos\u00e9 ou de d\u00e9sactiver compl\u00e8tement les cookies. Rendez-vous sur le(s) lien(s) ci-dessous en suivant les instructions pour activer ou d\u00e9sactiver les cookies sur les diff\u00e9rents navigateurs suivants : Chrome \/ Firefox \/ Safari \/ Internet Explorer. Si vous utilisez un autre navigateur ou une version diff\u00e9rente, v\u00e9rifiez si l\u2019information est disponible dans la section \u00ab Aide \u00bb de votre navigateur.<br \/>Vous pouvez \u00e0 tout moment, r\u00e9voquer votre consentement pr\u00e9alablement donn\u00e9 pour l\u2019installation de cookies, en supprimant les cookies install\u00e9s sur votre \u00e9quipement via la configuration des options du navigateur.<\/p>\n<p>Si vous d\u00e9sactivez compl\u00e8tement les cookies, vous n\u2019aurez plus acc\u00e8s \u00e0 de nombreuses fonctionnalit\u00e9s du site lassiseouest.fr destin\u00e9es \u00e0 faciliter votre exp\u00e9rience et certains services ne fonctionneront plus correctement.<\/p>\n<p>Le site de la CNIL propose une large gamme d\u2019outils permettant de limiter la tra\u00e7abilit\u00e9 de votre navigation internet.<\/p>\n<h3>Bases juridiques de l\u2019utilisation de vos donn\u00e9es personnelles<\/h3>\n<p>En vertu du RGPD, les motifs principaux invoqu\u00e9s pour traiter les informations \u00e0 caract\u00e8re personnel des clients sont les suivants :<br \/>&#8211; le traitement est n\u00e9cessaire \u00e0 la conclusion ou \u00e0 l\u2019ex\u00e9cution d\u2019un contrat ;<br \/>&#8211; le traitement est n\u00e9cessaire au respect d\u2019une obligation l\u00e9gale ;<br \/>&#8211; le traitement est n\u00e9cessaire aux fins des int\u00e9r\u00eats l\u00e9gitimes : vos donn\u00e9es \u00e0 caract\u00e8re personnel pourront faire l&rsquo;objet de traitement par nous-m\u00eame ou par des tiers, \u00e0 des fins d&rsquo;int\u00e9r\u00eats l\u00e9gitimes poursuivis par nous ou par des tiers, apr\u00e8s avoir \u00e9tabli que vos droits et libert\u00e9s ne pr\u00e9valent pas sur ces int\u00e9r\u00eats, y compris votre droit \u00e0 la protection de vos donn\u00e9es \u00e0 caract\u00e8re personnel.<\/p>\n<h3>Partage des donn\u00e9es personnelles<\/h3>\n<p>En aucun cas nous ne partageons vos coordonn\u00e9es avec des tiers qui pourraient les employer afin de vous solliciter directement.<\/p>\n<p>Nous partageons certaines de vos donn\u00e9es avec des tiers qui nous aident \u00e0 vous fournir nos produits et services tel que l\u2019h\u00e9bergement de nos bases de donn\u00e9es, envois d&rsquo;e-mails, transport, gestion comptable, maintenance technique du site. Ces tiers ne sont pas autoris\u00e9s \u00e0 s&rsquo;approprier ces donn\u00e9es.<br \/>Nous mettons tout en oeuvre pour vous fournir un environnement s\u00e9curis\u00e9 en r\u00e9servant l\u2019acc\u00e8s de notre base de donn\u00e9es aux utilisateurs l\u00e9gitimes.<\/p>\n<p>Nouveaux propri\u00e9taires d\u2019entreprise. Si nous fusionnons avec une autre activit\u00e9 ou vendons notre entreprise, nous partagerons vos informations \u00e0 caract\u00e8re personnel avec les nouveaux propri\u00e9taires de l\u2019activit\u00e9 ou de l\u2019entreprise et leurs conseillers. Si cela se produit, vous recevrez une notification.\u00a0<\/p>\n<h3>Dur\u00e9e de conservation de vos informations \u00e0 caract\u00e8re personnel<\/h3>\n<p>La p\u00e9riode durant laquelle nous conservons ou stockons vos informations \u00e0 caract\u00e8re personnel d\u00e9pend des services que nous effectuons pour vous et de la p\u00e9riode durant laquelle vous avez besoin de ces services.<\/p>\n<p>Pour les utilisateurs et utilisatrices qui s\u2019enregistrent sur le site lassiseouest.fr, nous stockons \u00e9galement les donn\u00e9es personnelles indiqu\u00e9es dans leur compte. Tous les utilisateurs et utilisatrices peuvent voir, modifier ou supprimer leurs informations personnelles \u00e0 tout moment.<\/p>\n<\/div>\n\n\n<p><\/p>\n","protected":false},"excerpt":{"rendered":"<p>L&rsquo;ASSISE OUEST &#8211; Politique de Protection des Donn\u00e9es Personnelles et Cookies Nous nous engageons \u00e0 prot\u00e9ger la vie priv\u00e9e des utilisateurs et clients du site web lassiseouest.fr et de l&rsquo;entreprise L&rsquo;ASSISE OUEST \u00a9 marque d\u00e9pos\u00e9e, repr\u00e9sent\u00e9e par M QUENOUILLERE JULIEN. Nous veillons \u00e0 ce que les informations que vous nous fournissez ou que nous collectons [&hellip;]<\/p>\n","protected":false},"author":1,"featured_media":0,"parent":0,"menu_order":0,"comment_status":"closed","ping_status":"closed","template":"","meta":{"_exactmetrics_skip_tracking":false,"_exactmetrics_sitenote_active":false,"_exactmetrics_sitenote_note":"","_exactmetrics_sitenote_category":0,"footnotes":""},"class_list":["post-7233","page","type-page","status-publish","hentry"],"yoast_head":"<!-- This site is optimized with the Yoast SEO plugin v27.3 - https:\/\/yoast.com\/product\/yoast-seo-wordpress\/ -->\n<title>Donn\u00e9es personnelles \/ COOKIES - L&#039;Assise Ouest<\/title>\n<meta name=\"robots\" content=\"index, follow, max-snippet:-1, max-image-preview:large, max-video-preview:-1\" \/>\n<link rel=\"canonical\" href=\"https:\/\/lassiseouest.fr\/index.php\/donnees-personnelles-cookies\/\" \/>\n<meta property=\"og:locale\" content=\"fr_FR\" \/>\n<meta property=\"og:type\" content=\"article\" \/>\n<meta property=\"og:title\" content=\"Donn\u00e9es personnelles \/ COOKIES - L&#039;Assise Ouest\" \/>\n<meta property=\"og:description\" content=\"L&rsquo;ASSISE OUEST &#8211; Politique de Protection des Donn\u00e9es Personnelles et Cookies Nous nous engageons \u00e0 prot\u00e9ger la vie priv\u00e9e des utilisateurs et clients du site web lassiseouest.fr et de l&rsquo;entreprise L&rsquo;ASSISE OUEST \u00a9 marque d\u00e9pos\u00e9e, repr\u00e9sent\u00e9e par M QUENOUILLERE JULIEN. Nous veillons \u00e0 ce que les informations que vous nous fournissez ou que nous collectons [&hellip;]\" \/>\n<meta property=\"og:url\" content=\"https:\/\/lassiseouest.fr\/index.php\/donnees-personnelles-cookies\/\" \/>\n<meta property=\"og:site_name\" content=\"L&#039;Assise Ouest\" \/>\n<meta property=\"article:publisher\" content=\"https:\/\/www.facebook.com\/profile.php?id=100067985598745\" \/>\n<meta property=\"article:modified_time\" content=\"2021-01-26T20:10:44+00:00\" \/>\n<meta name=\"twitter:card\" content=\"summary_large_image\" \/>\n<meta name=\"twitter:label1\" content=\"Dur\u00e9e de lecture estim\u00e9e\" \/>\n\t<meta name=\"twitter:data1\" content=\"8 minutes\" \/>\n<script type=\"application\/ld+json\" class=\"yoast-schema-graph\">{\"@context\":\"https:\\\/\\\/schema.org\",\"@graph\":[{\"@type\":\"WebPage\",\"@id\":\"https:\\\/\\\/lassiseouest.fr\\\/index.php\\\/donnees-personnelles-cookies\\\/\",\"url\":\"https:\\\/\\\/lassiseouest.fr\\\/index.php\\\/donnees-personnelles-cookies\\\/\",\"name\":\"Donn\u00e9es personnelles \\\/ COOKIES - L&#039;Assise Ouest\",\"isPartOf\":{\"@id\":\"https:\\\/\\\/lassiseouest.fr\\\/#website\"},\"datePublished\":\"2021-01-26T19:50:23+00:00\",\"dateModified\":\"2021-01-26T20:10:44+00:00\",\"breadcrumb\":{\"@id\":\"https:\\\/\\\/lassiseouest.fr\\\/index.php\\\/donnees-personnelles-cookies\\\/#breadcrumb\"},\"inLanguage\":\"fr-FR\",\"potentialAction\":[{\"@type\":\"ReadAction\",\"target\":[\"https:\\\/\\\/lassiseouest.fr\\\/index.php\\\/donnees-personnelles-cookies\\\/\"]}]},{\"@type\":\"BreadcrumbList\",\"@id\":\"https:\\\/\\\/lassiseouest.fr\\\/index.php\\\/donnees-personnelles-cookies\\\/#breadcrumb\",\"itemListElement\":[{\"@type\":\"ListItem\",\"position\":1,\"name\":\"Accueil\",\"item\":\"https:\\\/\\\/lassiseouest.fr\\\/\"},{\"@type\":\"ListItem\",\"position\":2,\"name\":\"Donn\u00e9es personnelles \\\/ COOKIES\"}]},{\"@type\":\"WebSite\",\"@id\":\"https:\\\/\\\/lassiseouest.fr\\\/#website\",\"url\":\"https:\\\/\\\/lassiseouest.fr\\\/\",\"name\":\"L'Assise Ouest\",\"description\":\"Nouvelle assise, Nouvelle chaise\",\"publisher\":{\"@id\":\"https:\\\/\\\/lassiseouest.fr\\\/#organization\"},\"potentialAction\":[{\"@type\":\"SearchAction\",\"target\":{\"@type\":\"EntryPoint\",\"urlTemplate\":\"https:\\\/\\\/lassiseouest.fr\\\/?s={search_term_string}\"},\"query-input\":{\"@type\":\"PropertyValueSpecification\",\"valueRequired\":true,\"valueName\":\"search_term_string\"}}],\"inLanguage\":\"fr-FR\"},{\"@type\":\"Organization\",\"@id\":\"https:\\\/\\\/lassiseouest.fr\\\/#organization\",\"name\":\"L'Assise Ouest\",\"url\":\"https:\\\/\\\/lassiseouest.fr\\\/\",\"logo\":{\"@type\":\"ImageObject\",\"inLanguage\":\"fr-FR\",\"@id\":\"https:\\\/\\\/lassiseouest.fr\\\/#\\\/schema\\\/logo\\\/image\\\/\",\"url\":\"https:\\\/\\\/lassiseouest.fr\\\/wp-content\\\/uploads\\\/2016\\\/09\\\/Logo-Assisse-de-lOuest-transparent-150x150-1.png\",\"contentUrl\":\"https:\\\/\\\/lassiseouest.fr\\\/wp-content\\\/uploads\\\/2016\\\/09\\\/Logo-Assisse-de-lOuest-transparent-150x150-1.png\",\"width\":150,\"height\":150,\"caption\":\"L'Assise Ouest\"},\"image\":{\"@id\":\"https:\\\/\\\/lassiseouest.fr\\\/#\\\/schema\\\/logo\\\/image\\\/\"},\"sameAs\":[\"https:\\\/\\\/www.facebook.com\\\/profile.php?id=100067985598745\",\"https:\\\/\\\/www.youtube.com\\\/channel\\\/UCQVzhUN8EGkq4yFk3oQ8YxA\",\"https:\\\/\\\/www.pinterest.fr\\\/lassiseouest\\\/pins\\\/\"]}]}<\/script>\n<!-- \/ Yoast SEO plugin. -->","yoast_head_json":{"title":"Donn\u00e9es personnelles \/ COOKIES - L&#039;Assise Ouest","robots":{"index":"index","follow":"follow","max-snippet":"max-snippet:-1","max-image-preview":"max-image-preview:large","max-video-preview":"max-video-preview:-1"},"canonical":"https:\/\/lassiseouest.fr\/index.php\/donnees-personnelles-cookies\/","og_locale":"fr_FR","og_type":"article","og_title":"Donn\u00e9es personnelles \/ COOKIES - L&#039;Assise Ouest","og_description":"L&rsquo;ASSISE OUEST &#8211; Politique de Protection des Donn\u00e9es Personnelles et Cookies Nous nous engageons \u00e0 prot\u00e9ger la vie priv\u00e9e des utilisateurs et clients du site web lassiseouest.fr et de l&rsquo;entreprise L&rsquo;ASSISE OUEST \u00a9 marque d\u00e9pos\u00e9e, repr\u00e9sent\u00e9e par M QUENOUILLERE JULIEN. Nous veillons \u00e0 ce que les informations que vous nous fournissez ou que nous collectons [&hellip;]","og_url":"https:\/\/lassiseouest.fr\/index.php\/donnees-personnelles-cookies\/","og_site_name":"L&#039;Assise Ouest","article_publisher":"https:\/\/www.facebook.com\/profile.php?id=100067985598745","article_modified_time":"2021-01-26T20:10:44+00:00","twitter_card":"summary_large_image","twitter_misc":{"Dur\u00e9e de lecture estim\u00e9e":"8 minutes"},"schema":{"@context":"https:\/\/schema.org","@graph":[{"@type":"WebPage","@id":"https:\/\/lassiseouest.fr\/index.php\/donnees-personnelles-cookies\/","url":"https:\/\/lassiseouest.fr\/index.php\/donnees-personnelles-cookies\/","name":"Donn\u00e9es personnelles \/ COOKIES - L&#039;Assise Ouest","isPartOf":{"@id":"https:\/\/lassiseouest.fr\/#website"},"datePublished":"2021-01-26T19:50:23+00:00","dateModified":"2021-01-26T20:10:44+00:00","breadcrumb":{"@id":"https:\/\/lassiseouest.fr\/index.php\/donnees-personnelles-cookies\/#breadcrumb"},"inLanguage":"fr-FR","potentialAction":[{"@type":"ReadAction","target":["https:\/\/lassiseouest.fr\/index.php\/donnees-personnelles-cookies\/"]}]},{"@type":"BreadcrumbList","@id":"https:\/\/lassiseouest.fr\/index.php\/donnees-personnelles-cookies\/#breadcrumb","itemListElement":[{"@type":"ListItem","position":1,"name":"Accueil","item":"https:\/\/lassiseouest.fr\/"},{"@type":"ListItem","position":2,"name":"Donn\u00e9es personnelles \/ COOKIES"}]},{"@type":"WebSite","@id":"https:\/\/lassiseouest.fr\/#website","url":"https:\/\/lassiseouest.fr\/","name":"L'Assise Ouest","description":"Nouvelle assise, Nouvelle chaise","publisher":{"@id":"https:\/\/lassiseouest.fr\/#organization"},"potentialAction":[{"@type":"SearchAction","target":{"@type":"EntryPoint","urlTemplate":"https:\/\/lassiseouest.fr\/?s={search_term_string}"},"query-input":{"@type":"PropertyValueSpecification","valueRequired":true,"valueName":"search_term_string"}}],"inLanguage":"fr-FR"},{"@type":"Organization","@id":"https:\/\/lassiseouest.fr\/#organization","name":"L'Assise Ouest","url":"https:\/\/lassiseouest.fr\/","logo":{"@type":"ImageObject","inLanguage":"fr-FR","@id":"https:\/\/lassiseouest.fr\/#\/schema\/logo\/image\/","url":"https:\/\/lassiseouest.fr\/wp-content\/uploads\/2016\/09\/Logo-Assisse-de-lOuest-transparent-150x150-1.png","contentUrl":"https:\/\/lassiseouest.fr\/wp-content\/uploads\/2016\/09\/Logo-Assisse-de-lOuest-transparent-150x150-1.png","width":150,"height":150,"caption":"L'Assise Ouest"},"image":{"@id":"https:\/\/lassiseouest.fr\/#\/schema\/logo\/image\/"},"sameAs":["https:\/\/www.facebook.com\/profile.php?id=100067985598745","https:\/\/www.youtube.com\/channel\/UCQVzhUN8EGkq4yFk3oQ8YxA","https:\/\/www.pinterest.fr\/lassiseouest\/pins\/"]}]}},"_links":{"self":[{"href":"https:\/\/lassiseouest.fr\/index.php\/wp-json\/wp\/v2\/pages\/7233","targetHints":{"allow":["GET"]}}],"collection":[{"href":"https:\/\/lassiseouest.fr\/index.php\/wp-json\/wp\/v2\/pages"}],"about":[{"href":"https:\/\/lassiseouest.fr\/index.php\/wp-json\/wp\/v2\/types\/page"}],"author":[{"embeddable":true,"href":"https:\/\/lassiseouest.fr\/index.php\/wp-json\/wp\/v2\/users\/1"}],"replies":[{"embeddable":true,"href":"https:\/\/lassiseouest.fr\/index.php\/wp-json\/wp\/v2\/comments?post=7233"}],"version-history":[{"count":3,"href":"https:\/\/lassiseouest.fr\/index.php\/wp-json\/wp\/v2\/pages\/7233\/revisions"}],"predecessor-version":[{"id":7240,"href":"https:\/\/lassiseouest.fr\/index.php\/wp-json\/wp\/v2\/pages\/7233\/revisions\/7240"}],"wp:attachment":[{"href":"https:\/\/lassiseouest.fr\/index.php\/wp-json\/wp\/v2\/media?parent=7233"}],"curies":[{"name":"wp","href":"https:\/\/api.w.org\/{rel}","templated":true}]}}