{"id":26,"date":"2016-09-15T12:03:05","date_gmt":"2016-09-15T10:03:05","guid":{"rendered":"http:\/\/lassiseouest.fr\/?page_id=26"},"modified":"2024-06-17T14:06:12","modified_gmt":"2024-06-17T12:06:12","slug":"concept","status":"publish","type":"page","link":"https:\/\/lassiseouest.fr\/index.php\/concept\/","title":{"rendered":"L&rsquo;ATELIER"},"content":{"rendered":"<p style=\"text-align: center;\">L&rsquo;Assise Ouest fabrique toutes ses galettes de chaise dans son atelier situ\u00e9 en Loire-Atlantique sur la commune de Saint Jean de Boiseau. Son syst\u00e8me \u00e0 scratch et ses rabats en tissu sur les 4 c\u00f4t\u00e9s offrent un excellent maintien sur la chaise et une grande solidit\u00e9. A l&rsquo;inverse, des syst\u00e8mes \u00e0 filins fragiles, nos galettes de chaise ne se d\u00e9chirent pas et pr\u00e9sentent une tr\u00e8s bonne dur\u00e9e de vie.<\/p>\n<p><strong>Les \u00e9tapes de fabrication des galettes de chaise \u00e0 scratch :<\/strong><\/p>\n<p><strong>La coupe<\/strong> : Les tissus sont d\u00e9roul\u00e9s en plusieurs couches, le patron est dessin\u00e9 sur le tissu du dessus puis coup\u00e9 \u00e0 l&rsquo;aide d&rsquo;un ciseau de coupe vertical.<\/p>\n<p><iframe loading=\"lazy\" title=\"Coupe matelas de tissus\" width=\"870\" height=\"489\" src=\"https:\/\/www.youtube.com\/embed\/Q6eBc6XyIz4?feature=oembed\" frameborder=\"0\" allow=\"accelerometer; autoplay; clipboard-write; encrypted-media; gyroscope; picture-in-picture; web-share\" allowfullscreen><\/iframe><\/p>\n<p><strong>La confection : <\/strong>Une fois d\u00e9coup\u00e9 les tissus sont assembl\u00e9s puis retourn\u00e9s afin d&rsquo;ins\u00e9rer la mousse de confort puis surpiqu\u00e9 autour et ferm\u00e9<\/p>\n<p><iframe loading=\"lazy\" title=\"Surpiq\u00fbre autour de la mousse\" width=\"870\" height=\"489\" src=\"https:\/\/www.youtube.com\/embed\/C8m6nDgE7p8?feature=oembed\" frameborder=\"0\" allow=\"accelerometer; autoplay; clipboard-write; encrypted-media; gyroscope; picture-in-picture; web-share\" allowfullscreen><\/iframe><\/p>\n<p><strong>Syst\u00e8me d&rsquo;attache:<\/strong><br \/>Son syst\u00e8me brevet\u00e9 \u00e0 Scratch est unique et assure un excellent maintien sur la chaise.<\/p>\n<p><iframe loading=\"lazy\" src=\"https:\/\/www.youtube.com\/embed\/aWyVMPB2W78?rel=0&amp;showinfo=0\" width=\"640\" height=\"360\" frameborder=\"0\" allowfullscreen=\"allowfullscreen\" data-mce-fragment=\"1\"><\/iframe><\/p>\n<p><strong>Composition :<\/strong><br \/>L&rsquo;assise est compos\u00e9e d&rsquo;un tissu sup\u00e9rieur (le dessus de la galette) et d&rsquo;une doublure (le dessous de la galette). Les rabats en tissu permettent de regarnir la chaise sur ses 4 c\u00f4t\u00e9s. La mousse int\u00e9rieur en poly\u00e9ther apporte du galbe, de la tenue et \u00e9videment du confort \u00e0 l&rsquo;assise. Son \u00e9paisseur est de 2,2 cm et sa densit\u00e9 est de 21 kg\/m3. Enfin ses larges scratch d&rsquo;environ 10 cm assure un excellent maintient et permettent d&rsquo;adapter l&rsquo;assise \u00e0 la chaise.<\/p>\n<p><strong>Lavage :<\/strong><br \/>L&rsquo;assise peut-\u00eatre lav\u00e9e \u00e0 la main. Les tissus ne craignent pas la machine mais la mousse ne supportera pas la temp\u00e9rature, l&rsquo;\u00e9crasement et l&rsquo;essorage. L&rsquo;id\u00e9al est de la tremper enti\u00e8rement dans une baignoire afin d&rsquo;\u00e9viter les aur\u00e9oles, de la nettoyer au savon de marseille puis de la rincer et de l&rsquo;\u00e9tendre sur un fil avec votre linge habituel.<\/p>\n<p><strong>Option :<\/strong><br \/>Une fermeture \u00e9clair peut-\u00eatre discr\u00e8tement ajout\u00e9e sur la doublure afin de rendre l&rsquo;assise <a href=\"https:\/\/lassiseouest.fr\/wp-content\/uploads\/2017\/01\/Fermeture_%C3%A9clair.jpg\" target=\"_blank\" rel=\"noopener\">d\u00e9houssable<\/a>.<\/p>\n<p><strong>Dimension :<\/strong><br \/>L&rsquo;assise est propos\u00e9e en 2 dimensions : standard et cuisine.<br \/><img loading=\"lazy\" decoding=\"async\" class=\"alignnone wp-image-305 size-large\" src=\"https:\/\/lassiseouest.fr\/wp-content\/uploads\/2017\/01\/Tableau-rep\u00e8res-3-1024x331.png\" width=\"870\" height=\"281\" srcset=\"https:\/\/lassiseouest.fr\/wp-content\/uploads\/2017\/01\/Tableau-rep\u00e8res-3-1024x331.png 1024w, https:\/\/lassiseouest.fr\/wp-content\/uploads\/2017\/01\/Tableau-rep\u00e8res-3-600x194.png 600w, https:\/\/lassiseouest.fr\/wp-content\/uploads\/2017\/01\/Tableau-rep\u00e8res-3-300x97.png 300w, https:\/\/lassiseouest.fr\/wp-content\/uploads\/2017\/01\/Tableau-rep\u00e8res-3-768x248.png 768w, https:\/\/lassiseouest.fr\/wp-content\/uploads\/2017\/01\/Tableau-rep\u00e8res-3.png 1412w\" sizes=\"auto, (max-width: 870px) 100vw, 870px\" \/><img loading=\"lazy\" decoding=\"async\" class=\"alignnone size-medium wp-image-10076\" src=\"https:\/\/lassiseouest.fr\/wp-content\/uploads\/2024\/06\/chaise-schema-1-300x238.jpg\" alt=\"\" width=\"300\" height=\"238\" srcset=\"https:\/\/lassiseouest.fr\/wp-content\/uploads\/2024\/06\/chaise-schema-1-300x238.jpg 300w, https:\/\/lassiseouest.fr\/wp-content\/uploads\/2024\/06\/chaise-schema-1.jpg 354w\" sizes=\"auto, (max-width: 300px) 100vw, 300px\" \/><\/p>\n<p>Les \u00ab\u00a0scratch\u00a0\u00bb mesurent environ 10cm et les rabats en tissu mesurent environ 8,5cm.<\/p>\n<p><strong>Tissu Outdoor\/ext\u00e9rieur\/antitaches<\/strong><\/p>\n<p><iframe loading=\"lazy\" title=\"coussin tissu outdoor summertime\" width=\"870\" height=\"489\" src=\"https:\/\/www.youtube.com\/embed\/bAUacyXJ6Hg?feature=oembed\" frameborder=\"0\" allow=\"accelerometer; autoplay; clipboard-write; encrypted-media; gyroscope; picture-in-picture; web-share\" allowfullscreen><\/iframe><\/p>\n<p><strong>D\u00e9houssable : Comment remettre la mousse ?<\/strong><\/p>\n<p><iframe loading=\"lazy\" title=\"Galette de chaise d\u00e9houssable : remettre la mousse | L&#039;Assise Ouest\" width=\"870\" height=\"489\" src=\"https:\/\/www.youtube.com\/embed\/RXeIaqWEZ5s?feature=oembed\" frameborder=\"0\" allow=\"accelerometer; autoplay; clipboard-write; encrypted-media; gyroscope; picture-in-picture; web-share\" allowfullscreen><\/iframe><\/p>\n\n\n<p><strong>L&rsquo;Assise Ouest est une r\u00e9ponse \u00e0 la r\u00e9novation d&rsquo;anciennes chaises :<\/strong><\/p>\n\n\n\n<p>Comment r\u00e9nover facilement l&rsquo;assise us\u00e9e de votre chaise ? Recouvrir d&rsquo;une galette de chaise avec des rabats et un syst\u00e8me de scratch solide<\/p>\n\n\n\n<p>Comment regarnir une chaise paill\u00e9e pour pas trop cher ? Recouvrir votre assise avec une galette de chaise \u00e0 scratch<\/p>\n\n\n\n<p>Comment moderniser une ancienne chaise ? La repeindre et la recouvrir d&rsquo;une galette de chaise \u00e0 rabats et scratch<\/p>\n\n\n\n<p>O\u00f9 trouver une galette de chaise solide et durable dans le temps ? Chez l&rsquo;un des derniers fabricants de galettes de chaise en France : L&rsquo;ASSISE OUEST<\/p>\n\n\n\n<p>Quelle est la galette de chaise la plus solide ? La galette avec des rabats et 4 scratch larges et solides<\/p>\n","protected":false},"excerpt":{"rendered":"<p>L&rsquo;Assise Ouest fabrique toutes ses galettes de chaise dans son atelier situ\u00e9 en Loire-Atlantique sur la commune de Saint Jean de Boiseau. Son syst\u00e8me \u00e0 scratch et ses rabats en tissu sur les 4 c\u00f4t\u00e9s offrent un excellent maintien sur la chaise et une grande solidit\u00e9. A l&rsquo;inverse, des syst\u00e8mes \u00e0 filins fragiles, nos galettes [&hellip;]<\/p>\n","protected":false},"author":1,"featured_media":0,"parent":0,"menu_order":0,"comment_status":"closed","ping_status":"closed","template":"","meta":{"_exactmetrics_skip_tracking":false,"_exactmetrics_sitenote_active":false,"_exactmetrics_sitenote_note":"","_exactmetrics_sitenote_category":0,"footnotes":""},"class_list":["post-26","page","type-page","status-publish","hentry"],"yoast_head":"<!-- This site is optimized with the Yoast SEO plugin v27.2 - https:\/\/yoast.com\/product\/yoast-seo-wordpress\/ -->\n<title>Presentation du concept des galettes de chaise de l&#039;assise ouest<\/title>\n<meta name=\"description\" content=\"Descriptif des tailles des assises de chaise et video presentant l&#039;installation du coussin sur une chaise.\" \/>\n<meta name=\"robots\" content=\"index, follow, max-snippet:-1, max-image-preview:large, max-video-preview:-1\" \/>\n<link rel=\"canonical\" href=\"https:\/\/lassiseouest.fr\/index.php\/concept\/\" \/>\n<meta property=\"og:locale\" content=\"fr_FR\" \/>\n<meta property=\"og:type\" content=\"article\" \/>\n<meta property=\"og:title\" content=\"Presentation du concept des galettes de chaise de l&#039;assise ouest\" \/>\n<meta property=\"og:description\" content=\"Descriptif des tailles des assises de chaise et video presentant l&#039;installation du coussin sur une chaise.\" \/>\n<meta property=\"og:url\" content=\"https:\/\/lassiseouest.fr\/index.php\/concept\/\" \/>\n<meta property=\"og:site_name\" content=\"L&#039;Assise Ouest\" \/>\n<meta property=\"article:publisher\" content=\"https:\/\/www.facebook.com\/profile.php?id=100067985598745\" \/>\n<meta property=\"article:modified_time\" content=\"2024-06-17T12:06:12+00:00\" \/>\n<meta property=\"og:image\" content=\"https:\/\/lassiseouest.fr\/wp-content\/uploads\/2024\/06\/chaise-schema-1-300x238.jpg\" \/>\n<meta name=\"twitter:card\" content=\"summary_large_image\" \/>\n<meta name=\"twitter:label1\" content=\"Dur\u00e9e de lecture estim\u00e9e\" \/>\n\t<meta name=\"twitter:data1\" content=\"3 minutes\" \/>\n<script type=\"application\/ld+json\" class=\"yoast-schema-graph\">{\"@context\":\"https:\/\/schema.org\",\"@graph\":[{\"@type\":\"WebPage\",\"@id\":\"https:\/\/lassiseouest.fr\/index.php\/concept\/\",\"url\":\"https:\/\/lassiseouest.fr\/index.php\/concept\/\",\"name\":\"Presentation du concept des galettes de chaise de l'assise ouest\",\"isPartOf\":{\"@id\":\"https:\/\/lassiseouest.fr\/#website\"},\"primaryImageOfPage\":{\"@id\":\"https:\/\/lassiseouest.fr\/index.php\/concept\/#primaryimage\"},\"image\":{\"@id\":\"https:\/\/lassiseouest.fr\/index.php\/concept\/#primaryimage\"},\"thumbnailUrl\":\"https:\/\/lassiseouest.fr\/wp-content\/uploads\/2024\/06\/chaise-schema-1-300x238.jpg\",\"datePublished\":\"2016-09-15T10:03:05+00:00\",\"dateModified\":\"2024-06-17T12:06:12+00:00\",\"description\":\"Descriptif des tailles des assises de chaise et video presentant l'installation du coussin sur une chaise.\",\"breadcrumb\":{\"@id\":\"https:\/\/lassiseouest.fr\/index.php\/concept\/#breadcrumb\"},\"inLanguage\":\"fr-FR\",\"potentialAction\":[{\"@type\":\"ReadAction\",\"target\":[\"https:\/\/lassiseouest.fr\/index.php\/concept\/\"]}]},{\"@type\":\"ImageObject\",\"inLanguage\":\"fr-FR\",\"@id\":\"https:\/\/lassiseouest.fr\/index.php\/concept\/#primaryimage\",\"url\":\"https:\/\/lassiseouest.fr\/wp-content\/uploads\/2024\/06\/chaise-schema-1.jpg\",\"contentUrl\":\"https:\/\/lassiseouest.fr\/wp-content\/uploads\/2024\/06\/chaise-schema-1.jpg\",\"width\":354,\"height\":281},{\"@type\":\"BreadcrumbList\",\"@id\":\"https:\/\/lassiseouest.fr\/index.php\/concept\/#breadcrumb\",\"itemListElement\":[{\"@type\":\"ListItem\",\"position\":1,\"name\":\"Accueil\",\"item\":\"https:\/\/lassiseouest.fr\/\"},{\"@type\":\"ListItem\",\"position\":2,\"name\":\"L&#8217;ATELIER\"}]},{\"@type\":\"WebSite\",\"@id\":\"https:\/\/lassiseouest.fr\/#website\",\"url\":\"https:\/\/lassiseouest.fr\/\",\"name\":\"L'Assise Ouest\",\"description\":\"Nouvelle assise, Nouvelle chaise\",\"publisher\":{\"@id\":\"https:\/\/lassiseouest.fr\/#organization\"},\"potentialAction\":[{\"@type\":\"SearchAction\",\"target\":{\"@type\":\"EntryPoint\",\"urlTemplate\":\"https:\/\/lassiseouest.fr\/?s={search_term_string}\"},\"query-input\":{\"@type\":\"PropertyValueSpecification\",\"valueRequired\":true,\"valueName\":\"search_term_string\"}}],\"inLanguage\":\"fr-FR\"},{\"@type\":\"Organization\",\"@id\":\"https:\/\/lassiseouest.fr\/#organization\",\"name\":\"L'Assise Ouest\",\"url\":\"https:\/\/lassiseouest.fr\/\",\"logo\":{\"@type\":\"ImageObject\",\"inLanguage\":\"fr-FR\",\"@id\":\"https:\/\/lassiseouest.fr\/#\/schema\/logo\/image\/\",\"url\":\"https:\/\/lassiseouest.fr\/wp-content\/uploads\/2016\/09\/Logo-Assisse-de-lOuest-transparent-150x150-1.png\",\"contentUrl\":\"https:\/\/lassiseouest.fr\/wp-content\/uploads\/2016\/09\/Logo-Assisse-de-lOuest-transparent-150x150-1.png\",\"width\":150,\"height\":150,\"caption\":\"L'Assise Ouest\"},\"image\":{\"@id\":\"https:\/\/lassiseouest.fr\/#\/schema\/logo\/image\/\"},\"sameAs\":[\"https:\/\/www.facebook.com\/profile.php?id=100067985598745\",\"https:\/\/www.youtube.com\/channel\/UCQVzhUN8EGkq4yFk3oQ8YxA\",\"https:\/\/www.pinterest.fr\/lassiseouest\/pins\/\"]}]}<\/script>\n<!-- \/ Yoast SEO plugin. -->","yoast_head_json":{"title":"Presentation du concept des galettes de chaise de l'assise ouest","description":"Descriptif des tailles des assises de chaise et video presentant l'installation du coussin sur une chaise.","robots":{"index":"index","follow":"follow","max-snippet":"max-snippet:-1","max-image-preview":"max-image-preview:large","max-video-preview":"max-video-preview:-1"},"canonical":"https:\/\/lassiseouest.fr\/index.php\/concept\/","og_locale":"fr_FR","og_type":"article","og_title":"Presentation du concept des galettes de chaise de l'assise ouest","og_description":"Descriptif des tailles des assises de chaise et video presentant l'installation du coussin sur une chaise.","og_url":"https:\/\/lassiseouest.fr\/index.php\/concept\/","og_site_name":"L&#039;Assise Ouest","article_publisher":"https:\/\/www.facebook.com\/profile.php?id=100067985598745","article_modified_time":"2024-06-17T12:06:12+00:00","og_image":[{"url":"https:\/\/lassiseouest.fr\/wp-content\/uploads\/2024\/06\/chaise-schema-1-300x238.jpg","type":"","width":"","height":""}],"twitter_card":"summary_large_image","twitter_misc":{"Dur\u00e9e de lecture estim\u00e9e":"3 minutes"},"schema":{"@context":"https:\/\/schema.org","@graph":[{"@type":"WebPage","@id":"https:\/\/lassiseouest.fr\/index.php\/concept\/","url":"https:\/\/lassiseouest.fr\/index.php\/concept\/","name":"Presentation du concept des galettes de chaise de l'assise ouest","isPartOf":{"@id":"https:\/\/lassiseouest.fr\/#website"},"primaryImageOfPage":{"@id":"https:\/\/lassiseouest.fr\/index.php\/concept\/#primaryimage"},"image":{"@id":"https:\/\/lassiseouest.fr\/index.php\/concept\/#primaryimage"},"thumbnailUrl":"https:\/\/lassiseouest.fr\/wp-content\/uploads\/2024\/06\/chaise-schema-1-300x238.jpg","datePublished":"2016-09-15T10:03:05+00:00","dateModified":"2024-06-17T12:06:12+00:00","description":"Descriptif des tailles des assises de chaise et video presentant l'installation du coussin sur une chaise.","breadcrumb":{"@id":"https:\/\/lassiseouest.fr\/index.php\/concept\/#breadcrumb"},"inLanguage":"fr-FR","potentialAction":[{"@type":"ReadAction","target":["https:\/\/lassiseouest.fr\/index.php\/concept\/"]}]},{"@type":"ImageObject","inLanguage":"fr-FR","@id":"https:\/\/lassiseouest.fr\/index.php\/concept\/#primaryimage","url":"https:\/\/lassiseouest.fr\/wp-content\/uploads\/2024\/06\/chaise-schema-1.jpg","contentUrl":"https:\/\/lassiseouest.fr\/wp-content\/uploads\/2024\/06\/chaise-schema-1.jpg","width":354,"height":281},{"@type":"BreadcrumbList","@id":"https:\/\/lassiseouest.fr\/index.php\/concept\/#breadcrumb","itemListElement":[{"@type":"ListItem","position":1,"name":"Accueil","item":"https:\/\/lassiseouest.fr\/"},{"@type":"ListItem","position":2,"name":"L&#8217;ATELIER"}]},{"@type":"WebSite","@id":"https:\/\/lassiseouest.fr\/#website","url":"https:\/\/lassiseouest.fr\/","name":"L'Assise Ouest","description":"Nouvelle assise, Nouvelle chaise","publisher":{"@id":"https:\/\/lassiseouest.fr\/#organization"},"potentialAction":[{"@type":"SearchAction","target":{"@type":"EntryPoint","urlTemplate":"https:\/\/lassiseouest.fr\/?s={search_term_string}"},"query-input":{"@type":"PropertyValueSpecification","valueRequired":true,"valueName":"search_term_string"}}],"inLanguage":"fr-FR"},{"@type":"Organization","@id":"https:\/\/lassiseouest.fr\/#organization","name":"L'Assise Ouest","url":"https:\/\/lassiseouest.fr\/","logo":{"@type":"ImageObject","inLanguage":"fr-FR","@id":"https:\/\/lassiseouest.fr\/#\/schema\/logo\/image\/","url":"https:\/\/lassiseouest.fr\/wp-content\/uploads\/2016\/09\/Logo-Assisse-de-lOuest-transparent-150x150-1.png","contentUrl":"https:\/\/lassiseouest.fr\/wp-content\/uploads\/2016\/09\/Logo-Assisse-de-lOuest-transparent-150x150-1.png","width":150,"height":150,"caption":"L'Assise Ouest"},"image":{"@id":"https:\/\/lassiseouest.fr\/#\/schema\/logo\/image\/"},"sameAs":["https:\/\/www.facebook.com\/profile.php?id=100067985598745","https:\/\/www.youtube.com\/channel\/UCQVzhUN8EGkq4yFk3oQ8YxA","https:\/\/www.pinterest.fr\/lassiseouest\/pins\/"]}]}},"_links":{"self":[{"href":"https:\/\/lassiseouest.fr\/index.php\/wp-json\/wp\/v2\/pages\/26","targetHints":{"allow":["GET"]}}],"collection":[{"href":"https:\/\/lassiseouest.fr\/index.php\/wp-json\/wp\/v2\/pages"}],"about":[{"href":"https:\/\/lassiseouest.fr\/index.php\/wp-json\/wp\/v2\/types\/page"}],"author":[{"embeddable":true,"href":"https:\/\/lassiseouest.fr\/index.php\/wp-json\/wp\/v2\/users\/1"}],"replies":[{"embeddable":true,"href":"https:\/\/lassiseouest.fr\/index.php\/wp-json\/wp\/v2\/comments?post=26"}],"version-history":[{"count":56,"href":"https:\/\/lassiseouest.fr\/index.php\/wp-json\/wp\/v2\/pages\/26\/revisions"}],"predecessor-version":[{"id":10077,"href":"https:\/\/lassiseouest.fr\/index.php\/wp-json\/wp\/v2\/pages\/26\/revisions\/10077"}],"wp:attachment":[{"href":"https:\/\/lassiseouest.fr\/index.php\/wp-json\/wp\/v2\/media?parent=26"}],"curies":[{"name":"wp","href":"https:\/\/api.w.org\/{rel}","templated":true}]}}