{"id":10585,"date":"2025-06-30T15:30:07","date_gmt":"2025-06-30T13:30:07","guid":{"rendered":"https:\/\/lassiseouest.fr\/?page_id=10585"},"modified":"2026-02-04T12:13:13","modified_gmt":"2026-02-04T11:13:13","slug":"remerciements-des-clients","status":"publish","type":"page","link":"https:\/\/lassiseouest.fr\/index.php\/remerciements-des-clients\/","title":{"rendered":"Avis clients"},"content":{"rendered":"\n<p><strong>Le 03 f\u00e9vrier 2026 :<\/strong><\/p>\n\n\n\n<p>Bonsoir pour info l\u2019assise 2 est parfaite \u00e7a sera notre mod\u00e8le.<br>Bonne soir\u00e9e<br>L Nicolas<\/p>\n\n\n\n<p><strong>Le 03 d\u00e9cembre 2025 :<\/strong><\/p>\n\n\n\n<p>Bonsoir madame ou monsieur&nbsp;<\/p>\n\n\n\n<p>Je suis barr\u00e9e ravie et satisfaite de votre travail et votre professionnalisme scratch rabat bien emball\u00e9 bien r\u00e9ceptionn\u00e9 dans les d\u00e9lais previs et informer sur <img decoding=\"async\" alt=\"&#x261d;&#xfe0f;\" src=\"https:\/\/fonts.gstatic.com\/s\/e\/notoemoji\/16.0\/261d_fe0f\/32.png\"> votre site internet.<\/p>\n\n\n\n<p>Alors mercis je f\u00e9licite et J encourage le savoir faire fran\u00e7ais avec toutes ces entreprises qui se d\u00e9localisent \u2026\u2026 merci <img decoding=\"async\" alt=\"&#x263a;&#xfe0f;\" src=\"https:\/\/fonts.gstatic.com\/s\/e\/notoemoji\/16.0\/263a_fe0f\/32.png\"> pr votre travail et votre engagement. Je vous souhaite de bonnes f\u00eates de fin d\u2019ann\u00e9e. Une bonne continuation dans cette p\u00e9riode difficile <img decoding=\"async\" alt=\"&#x1f61e;\" src=\"https:\/\/fonts.gstatic.com\/s\/e\/notoemoji\/16.0\/1f61e\/32.png\"> et je vous souhaite beaucoup d\u2019\u00e9nergie positive et de travail acharn\u00e9 un travail <img decoding=\"async\" alt=\"&#x261d;&#xfe0f;\" src=\"https:\/\/fonts.gstatic.com\/s\/e\/notoemoji\/16.0\/261d_fe0f\/32.png\"> sur mesure&nbsp;<\/p>\n\n\n\n<p>Cordialement.<\/p>\n\n\n\n<p>Me D .V&nbsp;<\/p>\n\n\n\n<p><strong>Le 29 novembre 2025 :<\/strong><\/p>\n\n\n\n<p>Bonjour Monsieur&nbsp;<\/p>\n\n\n\n<p>J ai bien re\u00e7u les galettes<\/p>\n\n\n\n<p>Elles sont parfaites&nbsp;<\/p>\n\n\n\n<p>Merci&nbsp;<\/p>\n\n\n\n<p>Katia M<\/p>\n\n\n\n<p><strong>Le 24 novembre 2025 :<\/strong><\/p>\n\n\n\n<p>Bonjour,<br>Tr\u00e8s satisfaite de ma commande, le tissu est tout \u00e0 fait ce que je souhaitais et la confection soign\u00e9e. La taille des galettes de chaise correspond parfaitement \u00e0 mes chaises Merci pour la rapidit\u00e9 de la livraison. Je n&rsquo;h\u00e9siterai pas \u00e0 commander \u00e0 nouveau.<br>Cordialement,<br>Isabelle J<\/p>\n\n\n\n<p><strong>Le 17 novembre 2025 :<\/strong><\/p>\n\n\n\n<p>Bonjour,<\/p>\n\n\n\n<p>Nous avons bien re\u00e7u nos six galettes de chaise lundi dernier et sous souhaitions vous f\u00e9liciter pour votre bon travail. Pour un travail \u00e0 distance, c&rsquo;est tr\u00e8s r\u00e9ussi! Les galettes sont parfaites et tr\u00e8s confortables.&nbsp;<\/p>\n\n\n\n<p>Ci joint deux photos.<\/p>\n\n\n\n<p>En vous remerciant,<\/p>\n\n\n\n<p>Bien cordialement,<\/p>\n\n\n\n<p>Mireille C<\/p>\n\n\n\n<p><strong>Le 05 novembre 2025 :<\/strong><\/p>\n\n\n\n<p>Bonjour,<\/p>\n\n\n\n<p>Ravie de ma r\u00e9cente commande chez vous d egalettes de chaises, j\u2019aurai \u00e9t\u00e9 ravie de d\u00e9poser un \u00ab\u00a0avis clients \u00bb, mais comment peut-on proc\u00e9der? Je ne trouve ce moyen nulle part\u2026<\/p>\n\n\n\n<p>Personnellement j\u2019ai \u00e9t\u00e9 convaincue de mon achat par les quelques avis qui figurent sur votre site, par les d\u00e9tails techniques pr\u00e9cis, l\u2019originalit\u00e9 des motifs, et la fabrication en r\u00e9gion ouest. D\u2019autres acheteurs seraient sans doute contents de trouver un avis sur l\u2019article que j\u2019ai achet\u00e9\u2026<\/p>\n\n\n\n<p>Merci,<\/p>\n\n\n\n<p>Cordialement<\/p>\n\n\n\n<p>Fran\u00e7oise B<\/p>\n\n\n\n<p><strong>Le 14 octobre 2025 :<\/strong><\/p>\n\n\n\n<p>Bonjour M. Quenouill\u00e8re,<\/p>\n\n\n\n<p>J&rsquo;ai bien re\u00e7u la commande en <strong><u>UNI Fa\u00e7on Lin Naturel<\/u><\/strong>&nbsp;(4 assises Cuisine + Nappe sur mesures), c&rsquo;est parfait.<img decoding=\"async\" src=\"https:\/\/ci3.googleusercontent.com\/meips\/ADKq_NY-33MoQ34L6ZeN1SNFWplLLHyEHW8gBadhSzPxEXp4PKtSm3V3r1nReza-dSmXAXZoxU2U34zHW4HyGRz26aZTVKQUEBkqqdSN7qxBjWpLF9wShbjULOXov0ORK2DfxBQK8seeLYpTpQAf=s0-d-e1-ft#https:\/\/mailimg-ssl.bbox.fr\/webmail\/images\/\/bbox\/fr\/include\/default\/smileys\/happy.gif\"><\/p>\n\n\n\n<p>Du coup je vous ai rapasser une autre commande de <strong>4 ASSISES UNI Fa\u00e7on Lin Naturel<\/strong> mais dans le <strong><u>FORMAT STANDARD<\/u><\/strong> cette fois ci:&nbsp;<\/p>\n\n\n\n<p>Cordialement,<\/p>\n\n\n\n<p>Catherine M<\/p>\n\n\n\n<p><strong>Le 05 octobre 2025 :<\/strong><\/p>\n\n\n\n<p>bonjour&nbsp;<\/p>\n\n\n\n<p>merci j ai bien re\u00e7u ma commande qui correspond a&nbsp;mon attente MERCI<\/p>\n\n\n\n<p>salutations&nbsp;<\/p>\n\n\n\n<p>m. marianne&nbsp;<\/p>\n\n\n\n<p><strong>Le 24 juin 2025 : <\/strong><\/p>\n\n\n\n<p>Tout bien re\u00e7u et parfait !<\/p>\n\n\n\n<p>Merci sabine&nbsp;<\/p>\n\n\n\n<p><strong>Le 22 juin 2025 : <\/strong><\/p>\n\n\n\n<p>Bonjour Monsieur,&nbsp;<\/p>\n\n\n\n<p>Je vous remercie pour votre suivi, j\u2019ai bien r\u00e9cup\u00e9r\u00e9 mon (splendide) colis ce jour.&nbsp;<\/p>\n\n\n\n<p>Cordialement,&nbsp;<\/p>\n\n\n\n<p>Pauline L<\/p>\n\n\n\n<p><strong>Le 19 juin 2025 : <\/strong><\/p>\n\n\n\n<p>Virement fait !<\/p>\n\n\n\n<p>Merci encore&nbsp;<\/p>\n\n\n\n<p><strong>Le 27 mai 2025 : <\/strong><\/p>\n\n\n\n<p>Bonsoir,&nbsp;<\/p>\n\n\n\n<p>Je suis absolument ravie de mes assises de chaises !!! MERCI !!&nbsp;<\/p>\n\n\n\n<p>Merci d&rsquo;avance !!&nbsp;<\/p>\n\n\n\n<p>Lucile B&nbsp;<\/p>\n\n\n\n<p><strong>Le 16 ao\u00fbt 2024 : <\/strong><\/p>\n\n\n\n<p>Bonsoir. Je viens de mettre en.olace les galettes des chaises. Impeccable. Merci pour la qualite de votre travail. Bien cordialement. Jacqueline S<\/p>\n\n\n\n<p><strong>Le 27 juillet 2024 : <\/strong><\/p>\n\n\n\n<p>Bonjour,<\/p>\n\n\n\n<p>Vos produits sont parfaits, m\u00eame pour des chaises \u00ab\u00a0coin du feu\u00a0\u00bb.<\/p>\n\n\n\n<p>Vous devriez faire plus de publicit\u00e9!<\/p>\n\n\n\n<p>Cordialement,<\/p>\n\n\n\n<p>N. M<\/p>\n\n\n\n<p><strong>Le 30 juin 2024 : <\/strong><\/p>\n\n\n\n<p>Super. C&rsquo;est parfait pour nous.&nbsp;<\/p>\n\n\n\n<p>On valide la commande et on fera un virement \u00e0 Romain avant fin juillet pour qu&rsquo;il puisse vous r\u00e9gler 150\u20ac en esp\u00e8ces.<\/p>\n\n\n\n<p>Bonne soir\u00e9e,<\/p>\n\n\n\n<p>H\u00e9l\u00e8ne et Anthony K<\/p>\n\n\n\n<p><strong>Le 01 juin 2024 :<\/strong><\/p>\n\n\n\n<p>Bonjour,<\/p>\n\n\n\n<p>Nous avons bien r\u00e9ceptionn\u00e9 le colis et sommes tr\u00e8s satisfaits du beau travail.<\/p>\n\n\n\n<p>Merci. Nous n\u2019h\u00e9siterons pas \u00e0 vous recommander aupr\u00e8s de nos amis.<\/p>\n\n\n\n<p>Bon WE \u00e0 vous,<\/p>\n\n\n\n<p>Betty B<\/p>\n\n\n\n<p><strong>Le 23 mai 2024 : <\/strong><\/p>\n\n\n\n<p>Bonjour !&nbsp;<\/p>\n\n\n\n<p>Merci beaucoup pour votre retour!<\/p>\n\n\n\n<p>Je vais commander un autre mod\u00e8le.&nbsp;<\/p>\n\n\n\n<p>Bonne journ\u00e9e, Adeline S<\/p>\n\n\n\n<p><strong>Le 2 mai 2024 : <\/strong><\/p>\n\n\n\n<p>Bonjour<br>Commande re\u00e7ue<br>assises en place<br>Top<\/p>\n\n\n\n<p>Merci<br>Rozenn H<\/p>\n\n\n\n<p><strong>Le 27 mars 2024 : <\/strong><\/p>\n\n\n\n<p>Bonjour,<\/p>\n\n\n\n<p>J&rsquo;ai bien re\u00e7u la commande, c&rsquo;est parfait!<\/p>\n\n\n\n<p>Merci beaucoup<\/p>\n\n\n\n<p>Audrey D M<\/p>\n\n\n\n<p><strong>Le 06 mars 2024 : <\/strong><\/p>\n\n\n\n<p>Bonjour&nbsp;<\/p>\n\n\n\n<p>J ai bien re\u00e7u les assises et je suis tr\u00e8s satisfaite du r\u00e9sultat ! Tr\u00e8s beau travail .<\/p>\n\n\n\n<p>Merci \u00e0 vous .Bonne continuation.&nbsp;<\/p>\n\n\n\n<p>Cordialement.&nbsp;<\/p>\n\n\n\n<p>Fabienne&nbsp;<\/p>\n\n\n\n<p><strong>Le 01 mars 2024 : <\/strong><\/p>\n\n\n\n<p>Bonsoir<\/p>\n\n\n\n<p>bien re\u00e7ue , tr\u00e8s jolie et bien confortable . \u00c0 une autre fois peut-\u00eatre.<\/p>\n\n\n\n<p>Cordialement&nbsp;<\/p>\n\n\n\n<p>G.T<\/p>\n\n\n\n<p><strong>Le 05 f\u00e9vrier 2024 : <\/strong><\/p>\n\n\n\n<p>Bonsoir Monsieur,<\/p>\n\n\n\n<p>Nous avons bien re\u00e7u le premier coussin de chaise. Nous sommes satisfaits et passons commande pour les 5 autres coussins&nbsp; m\u00eame coloris, m\u00eames dimensions et expedition au m\u00eame point relais Spar \u00e0 LEYME 46120.<\/p>\n\n\n\n<p>Nous vous adressons d\u00e9s demain un ch\u00e8que de 146,46\u20ac pour le paiement de notre commande et restons \u00e0 votre disposition pour des \u00e9l\u00e9ments suppl\u00e9mentaires si besoin.<\/p>\n\n\n\n<p>Tr\u00e8s cordialement<\/p>\n\n\n\n<p>C M<\/p>\n\n\n\n<p><strong>Le 02 f\u00e9vrier 2024 :<\/strong><\/p>\n\n\n\n<p>Bonjour.<br>J ai re\u00e7u les galettes hier. Je vous remercie pour votre savoir faire, les galettes sont impeccables et vont bien sur mes chaises.<br>Merci encore. <\/p>\n\n\n\n<p>Maryze B<\/p>\n\n\n\n<p><strong>Le 23 janvier 2024 :<\/strong><\/p>\n\n\n\n<p>Bonjour&nbsp;<\/p>\n\n\n\n<p>J&rsquo;ai re\u00e7u hier les galettes de chaise.<\/p>\n\n\n\n<p>Elles sont sinc\u00e8rement magnifiques, de qualit\u00e9 et correspondent parfaitement \u00e0 mes attentes.<\/p>\n\n\n\n<p>Les&nbsp;\u00e9chantillons ont \u00e9t\u00e9 choisis avec go\u00fbt et je tiens \u00e0 remercier particuli\u00e8rement celles et ceux&nbsp;qui ont pr\u00e9par\u00e9 la commande.<\/p>\n\n\n\n<p>Bonne continuation&nbsp;<\/p>\n\n\n\n<p>Bonne journ\u00e9e<\/p>\n\n\n\n<p>Brigitte C<\/p>\n\n\n\n<p><strong>Le 18 janvier 2024 :<\/strong><\/p>\n\n\n\n<p>Merci beaucoup pour votre travail de belle qualit\u00e9. Cependant une petite r\u00e9serve les couleurs paraissent plus&nbsp; claires sur le site qu&rsquo;en r\u00e9alit\u00e9.&nbsp;<\/p>\n\n\n\n<p>Ce sera peut-\u00eatre l&rsquo;occasion pour commander des assises d&rsquo;une autre couleur ! En tout cas je vous ferai de la publicit\u00e9&nbsp;<\/p>\n\n\n\n<p>Bien cordialement&nbsp;<\/p>\n\n\n\n<p>Karine D<\/p>\n\n\n\n<p><strong>Le 16 novembre 2023 :<\/strong><\/p>\n\n\n\n<p>Bonjour,&nbsp;<\/p>\n\n\n\n<p>J&rsquo;ai&nbsp; bien re\u00e7u les dessus de chaises mardi. Une fois install\u00e9&nbsp; cela va tr\u00e8s&nbsp; bien. Je vous envoie des photos pour vous rendre compte.<\/p>\n\n\n\n<p>Merci pour votre bienveillance.<\/p>\n\n\n\n<p>Cordialement. Bernard&nbsp;<\/p>\n\n\n\n<p><strong>Le 02 octobre 2023 :<\/strong><\/p>\n\n\n\n<p>Bonjour Monsieur Quenouill\u00e8re,<\/p>\n\n\n\n<p>J&rsquo;ai bien r\u00e9ceptionn\u00e9 les assises. Elles sont tr\u00e8s bien. Je vous ai fait retour ce soir des 1\u00e8res re\u00e7ues.<\/p>\n\n\n\n<p>Merci pour l&rsquo;assise suppl\u00e9mentaire. Le coloris est tr\u00e8s sympa \u00e9galement.&nbsp;<\/p>\n\n\n\n<p>La carte m&rsquo;a fait plaisir.&nbsp;<\/p>\n\n\n\n<p>Bonne continuation \u00e0 vous. Cordialement,&nbsp;Marie-Claire B<\/p>\n\n\n\n<p><strong>Le 18 et 25 septembre 2023 :<\/strong><\/p>\n\n\n\n<p>Pas de probl\u00e8me.<br>C&rsquo;est d\u00e9j\u00e0 superbe.<br>D\u00e8s que j&rsquo;ai les \u00e9chantillons de bois de la table, je vous recontacte pour la commande globale.<br>Bonne soir\u00e9e.<\/p>\n\n\n\n<p>Bonsoir,<\/p>\n\n\n\n<p>Merci beaucoup.<\/p>\n\n\n\n<p>Quelle efficacit\u00e9&nbsp;!<\/p>\n\n\n\n<p>Je viens de faire le virement sur votre compte Banque Populaire.<\/p>\n\n\n\n<p>Bien cordialement. Agn\u00e8s C<\/p>\n\n\n\n<p><strong>Le 01 septembre 2023 :<\/strong><\/p>\n\n\n\n<p>Bonsoir,<\/p>\n\n\n\n<p>&nbsp;Je viens de r\u00e9cup\u00e9rer mon colis. Je suis tr\u00e8s satisfaite.&nbsp;<\/p>\n\n\n\n<p>Je vous souhaite un bon weekend.<\/p>\n\n\n\n<p>Cordialement.<\/p>\n\n\n\n<p>Christel PERROCHON&nbsp;<\/p>\n\n\n\n<p><strong>Le 20 avril 2023 :<\/strong><\/p>\n\n\n\n<p>Bonsoir le dessus de chaise est arriv\u00e9&nbsp; aujourd&rsquo;hui j<\/p>\n\n\n\n<p>Je vais vous repasser une commande et vous poster un ch\u00e8que&nbsp;<\/p>\n\n\n\n<p>L Gilberte<\/p>\n\n\n\n<p><strong>Le 11 mars 2023 :<\/strong><\/p>\n\n\n\n<p>Bonjour monsieur Quenouill\u00e8re,<\/p>\n\n\n\n<p>Les assises sont bien arriv\u00e9es.<\/p>\n\n\n\n<p>C&rsquo;est parfait.<\/p>\n\n\n\n<p>Merci encore.<\/p>\n\n\n\n<p>Cordialement<\/p>\n\n\n\n<p>J\u00e9r\u00f4me L R<\/p>\n\n\n\n<p><strong>Le 09 f\u00e9vrier 2023 :<\/strong><\/p>\n\n\n\n<p>J\u2019ai bien re\u00e7u le coussin<br>Et je suis agr\u00e9ablement surprise car il convient \u00e0 la chaise<br>Je vois avec mon mari pour savoir si on vous envoie qu\u2019en m\u00eame la chaise<br>Il y avait un bout de tissu avec c\u2019est pour voir la trame du tissu ? Tissu fin ?<br>Je vous tiens au courant le plus vite<br>Cordialement<\/p>\n\n\n\n<p>Mme c<\/p>\n\n\n\n<p><strong>Le 01 d\u00e9cembre 2022 :<\/strong><\/p>\n\n\n\n<p>bonjour;<\/p>\n\n\n\n<p>Re\u00e7u ce matin les coussins de chaises.<\/p>\n\n\n\n<p>Rendu splendide. est-il possible d&rsquo;avoir du tissu au m\u00e8tre pour faire une nappe ronde. Largeur 160 minimum voire 180 de pr\u00e9f\u00e9rence Coloris naturel assorti au coussins. Merci pour votre savoir faire et votre accueil. Dani\u00e8le L<\/p>\n\n\n\n<p><strong>Le 19 novembre 2022 :<\/strong><\/p>\n\n\n\n<p>Bonsoir,<br>Merci pour vos conseils et l&rsquo;envoi rapide des galettes qui me paraissent de qualit\u00e9. Je les ai fix\u00e9es ce soir, \u00e7a me convient tout \u00e0 fait m\u00eame si les dimensions de l&rsquo;assisse des mes chaises diff\u00e8re l\u00e9g\u00e8rement. Mes chaises sont r\u00e9nov\u00e9es \u00e0 moindre co\u00fbt, \u00e0 voir d\u00e9sormais au quotidien. De plus, vos galettes restent bien stables sur les chaises.<br><br>Cordialement,<br>MH M<\/p>\n\n\n\n<p><strong>Le 26 mai 2022 :<\/strong><\/p>\n\n\n\n<p>Bonjour. Colis bien re\u00e7u hier pile le jour de mon anniversaire. Je suis ravie des mes commandes chez vous (la galette orange notamment est magnifique) et vous remercie \u00e0 nouveau pour votre gentillesse r\u00e9activit\u00e9 et souplesse.<\/p>\n\n\n\n<p>Au plaisir de vous commander de nouvelles galettes.<\/p>\n\n\n\n<p>Comment est il possible de vous faire la pub hormis l&rsquo;avis Google et le partage de votre site su Facebook?<\/p>\n\n\n\n<p>Sophie S<\/p>\n\n\n\n<p><strong>Le 21 d\u00e9cembre 2021 :<\/strong><\/p>\n\n\n\n<p>bonjour,<\/p>\n\n\n\n<p>On vient juste de r\u00e9cup\u00e9rer le colis et nous sommes tr\u00e8s satisfait des dessus de chaises. Merci pour votre rapidit\u00e9 et nous ne manquerons pas de partager notre satisfaction avec nos amis.<\/p>\n\n\n\n<p>Joyeuses f\u00eates de No\u00ebl,<\/p>\n\n\n\n<p><strong>Jacqueline et Patrick M<\/strong><\/p>\n\n\n\n<p><\/p>\n\n\n\n<p><\/p>\n\n\n\n<p>Le 30\/08\/2025<\/p>\n\n\n\n<p><\/p>\n","protected":false},"excerpt":{"rendered":"<p>Le 03 f\u00e9vrier 2026 : Bonsoir pour info l\u2019assise 2 est parfaite \u00e7a sera notre mod\u00e8le.Bonne soir\u00e9eL Nicolas Le 03 d\u00e9cembre 2025 : Bonsoir madame ou monsieur&nbsp; Je suis barr\u00e9e ravie et satisfaite de votre travail et votre professionnalisme scratch rabat bien emball\u00e9 bien r\u00e9ceptionn\u00e9 dans les d\u00e9lais previs et informer sur votre site internet. [&hellip;]<\/p>\n","protected":false},"author":1,"featured_media":0,"parent":0,"menu_order":0,"comment_status":"closed","ping_status":"closed","template":"","meta":{"_exactmetrics_skip_tracking":false,"_exactmetrics_sitenote_active":false,"_exactmetrics_sitenote_note":"","_exactmetrics_sitenote_category":0,"footnotes":""},"class_list":["post-10585","page","type-page","status-publish","hentry"],"yoast_head":"<!-- This site is optimized with the Yoast SEO plugin v27.3 - https:\/\/yoast.com\/product\/yoast-seo-wordpress\/ -->\n<title>Avis clients - L&#039;Assise Ouest<\/title>\n<meta name=\"robots\" content=\"index, follow, max-snippet:-1, max-image-preview:large, max-video-preview:-1\" \/>\n<link rel=\"canonical\" href=\"https:\/\/lassiseouest.fr\/index.php\/remerciements-des-clients\/\" \/>\n<meta property=\"og:locale\" content=\"fr_FR\" \/>\n<meta property=\"og:type\" content=\"article\" \/>\n<meta property=\"og:title\" content=\"Avis clients - L&#039;Assise Ouest\" \/>\n<meta property=\"og:description\" content=\"Le 03 f\u00e9vrier 2026 : Bonsoir pour info l\u2019assise 2 est parfaite \u00e7a sera notre mod\u00e8le.Bonne soir\u00e9eL Nicolas Le 03 d\u00e9cembre 2025 : Bonsoir madame ou monsieur&nbsp; Je suis barr\u00e9e ravie et satisfaite de votre travail et votre professionnalisme scratch rabat bien emball\u00e9 bien r\u00e9ceptionn\u00e9 dans les d\u00e9lais previs et informer sur votre site internet. [&hellip;]\" \/>\n<meta property=\"og:url\" content=\"https:\/\/lassiseouest.fr\/index.php\/remerciements-des-clients\/\" \/>\n<meta property=\"og:site_name\" content=\"L&#039;Assise Ouest\" \/>\n<meta property=\"article:publisher\" content=\"https:\/\/www.facebook.com\/profile.php?id=100067985598745\" \/>\n<meta property=\"article:modified_time\" content=\"2026-02-04T11:13:13+00:00\" \/>\n<meta property=\"og:image\" content=\"https:\/\/fonts.gstatic.com\/s\/e\/notoemoji\/16.0\/261d_fe0f\/32.png\" \/>\n<meta name=\"twitter:card\" content=\"summary_large_image\" \/>\n<meta name=\"twitter:label1\" content=\"Dur\u00e9e de lecture estim\u00e9e\" \/>\n\t<meta name=\"twitter:data1\" content=\"9 minutes\" \/>\n<script type=\"application\/ld+json\" class=\"yoast-schema-graph\">{\"@context\":\"https:\\\/\\\/schema.org\",\"@graph\":[{\"@type\":\"WebPage\",\"@id\":\"https:\\\/\\\/lassiseouest.fr\\\/index.php\\\/remerciements-des-clients\\\/\",\"url\":\"https:\\\/\\\/lassiseouest.fr\\\/index.php\\\/remerciements-des-clients\\\/\",\"name\":\"Avis clients - L&#039;Assise Ouest\",\"isPartOf\":{\"@id\":\"https:\\\/\\\/lassiseouest.fr\\\/#website\"},\"primaryImageOfPage\":{\"@id\":\"https:\\\/\\\/lassiseouest.fr\\\/index.php\\\/remerciements-des-clients\\\/#primaryimage\"},\"image\":{\"@id\":\"https:\\\/\\\/lassiseouest.fr\\\/index.php\\\/remerciements-des-clients\\\/#primaryimage\"},\"thumbnailUrl\":\"https:\\\/\\\/fonts.gstatic.com\\\/s\\\/e\\\/notoemoji\\\/16.0\\\/261d_fe0f\\\/32.png\",\"datePublished\":\"2025-06-30T13:30:07+00:00\",\"dateModified\":\"2026-02-04T11:13:13+00:00\",\"breadcrumb\":{\"@id\":\"https:\\\/\\\/lassiseouest.fr\\\/index.php\\\/remerciements-des-clients\\\/#breadcrumb\"},\"inLanguage\":\"fr-FR\",\"potentialAction\":[{\"@type\":\"ReadAction\",\"target\":[\"https:\\\/\\\/lassiseouest.fr\\\/index.php\\\/remerciements-des-clients\\\/\"]}]},{\"@type\":\"ImageObject\",\"inLanguage\":\"fr-FR\",\"@id\":\"https:\\\/\\\/lassiseouest.fr\\\/index.php\\\/remerciements-des-clients\\\/#primaryimage\",\"url\":\"https:\\\/\\\/fonts.gstatic.com\\\/s\\\/e\\\/notoemoji\\\/16.0\\\/261d_fe0f\\\/32.png\",\"contentUrl\":\"https:\\\/\\\/fonts.gstatic.com\\\/s\\\/e\\\/notoemoji\\\/16.0\\\/261d_fe0f\\\/32.png\"},{\"@type\":\"BreadcrumbList\",\"@id\":\"https:\\\/\\\/lassiseouest.fr\\\/index.php\\\/remerciements-des-clients\\\/#breadcrumb\",\"itemListElement\":[{\"@type\":\"ListItem\",\"position\":1,\"name\":\"Accueil\",\"item\":\"https:\\\/\\\/lassiseouest.fr\\\/\"},{\"@type\":\"ListItem\",\"position\":2,\"name\":\"Avis clients\"}]},{\"@type\":\"WebSite\",\"@id\":\"https:\\\/\\\/lassiseouest.fr\\\/#website\",\"url\":\"https:\\\/\\\/lassiseouest.fr\\\/\",\"name\":\"L'Assise Ouest\",\"description\":\"Nouvelle assise, Nouvelle chaise\",\"publisher\":{\"@id\":\"https:\\\/\\\/lassiseouest.fr\\\/#organization\"},\"potentialAction\":[{\"@type\":\"SearchAction\",\"target\":{\"@type\":\"EntryPoint\",\"urlTemplate\":\"https:\\\/\\\/lassiseouest.fr\\\/?s={search_term_string}\"},\"query-input\":{\"@type\":\"PropertyValueSpecification\",\"valueRequired\":true,\"valueName\":\"search_term_string\"}}],\"inLanguage\":\"fr-FR\"},{\"@type\":\"Organization\",\"@id\":\"https:\\\/\\\/lassiseouest.fr\\\/#organization\",\"name\":\"L'Assise Ouest\",\"url\":\"https:\\\/\\\/lassiseouest.fr\\\/\",\"logo\":{\"@type\":\"ImageObject\",\"inLanguage\":\"fr-FR\",\"@id\":\"https:\\\/\\\/lassiseouest.fr\\\/#\\\/schema\\\/logo\\\/image\\\/\",\"url\":\"https:\\\/\\\/lassiseouest.fr\\\/wp-content\\\/uploads\\\/2016\\\/09\\\/Logo-Assisse-de-lOuest-transparent-150x150-1.png\",\"contentUrl\":\"https:\\\/\\\/lassiseouest.fr\\\/wp-content\\\/uploads\\\/2016\\\/09\\\/Logo-Assisse-de-lOuest-transparent-150x150-1.png\",\"width\":150,\"height\":150,\"caption\":\"L'Assise Ouest\"},\"image\":{\"@id\":\"https:\\\/\\\/lassiseouest.fr\\\/#\\\/schema\\\/logo\\\/image\\\/\"},\"sameAs\":[\"https:\\\/\\\/www.facebook.com\\\/profile.php?id=100067985598745\",\"https:\\\/\\\/www.youtube.com\\\/channel\\\/UCQVzhUN8EGkq4yFk3oQ8YxA\",\"https:\\\/\\\/www.pinterest.fr\\\/lassiseouest\\\/pins\\\/\"]}]}<\/script>\n<!-- \/ Yoast SEO plugin. -->","yoast_head_json":{"title":"Avis clients - L&#039;Assise Ouest","robots":{"index":"index","follow":"follow","max-snippet":"max-snippet:-1","max-image-preview":"max-image-preview:large","max-video-preview":"max-video-preview:-1"},"canonical":"https:\/\/lassiseouest.fr\/index.php\/remerciements-des-clients\/","og_locale":"fr_FR","og_type":"article","og_title":"Avis clients - L&#039;Assise Ouest","og_description":"Le 03 f\u00e9vrier 2026 : Bonsoir pour info l\u2019assise 2 est parfaite \u00e7a sera notre mod\u00e8le.Bonne soir\u00e9eL Nicolas Le 03 d\u00e9cembre 2025 : Bonsoir madame ou monsieur&nbsp; Je suis barr\u00e9e ravie et satisfaite de votre travail et votre professionnalisme scratch rabat bien emball\u00e9 bien r\u00e9ceptionn\u00e9 dans les d\u00e9lais previs et informer sur votre site internet. [&hellip;]","og_url":"https:\/\/lassiseouest.fr\/index.php\/remerciements-des-clients\/","og_site_name":"L&#039;Assise Ouest","article_publisher":"https:\/\/www.facebook.com\/profile.php?id=100067985598745","article_modified_time":"2026-02-04T11:13:13+00:00","og_image":[{"url":"https:\/\/fonts.gstatic.com\/s\/e\/notoemoji\/16.0\/261d_fe0f\/32.png","type":"","width":"","height":""}],"twitter_card":"summary_large_image","twitter_misc":{"Dur\u00e9e de lecture estim\u00e9e":"9 minutes"},"schema":{"@context":"https:\/\/schema.org","@graph":[{"@type":"WebPage","@id":"https:\/\/lassiseouest.fr\/index.php\/remerciements-des-clients\/","url":"https:\/\/lassiseouest.fr\/index.php\/remerciements-des-clients\/","name":"Avis clients - L&#039;Assise Ouest","isPartOf":{"@id":"https:\/\/lassiseouest.fr\/#website"},"primaryImageOfPage":{"@id":"https:\/\/lassiseouest.fr\/index.php\/remerciements-des-clients\/#primaryimage"},"image":{"@id":"https:\/\/lassiseouest.fr\/index.php\/remerciements-des-clients\/#primaryimage"},"thumbnailUrl":"https:\/\/fonts.gstatic.com\/s\/e\/notoemoji\/16.0\/261d_fe0f\/32.png","datePublished":"2025-06-30T13:30:07+00:00","dateModified":"2026-02-04T11:13:13+00:00","breadcrumb":{"@id":"https:\/\/lassiseouest.fr\/index.php\/remerciements-des-clients\/#breadcrumb"},"inLanguage":"fr-FR","potentialAction":[{"@type":"ReadAction","target":["https:\/\/lassiseouest.fr\/index.php\/remerciements-des-clients\/"]}]},{"@type":"ImageObject","inLanguage":"fr-FR","@id":"https:\/\/lassiseouest.fr\/index.php\/remerciements-des-clients\/#primaryimage","url":"https:\/\/fonts.gstatic.com\/s\/e\/notoemoji\/16.0\/261d_fe0f\/32.png","contentUrl":"https:\/\/fonts.gstatic.com\/s\/e\/notoemoji\/16.0\/261d_fe0f\/32.png"},{"@type":"BreadcrumbList","@id":"https:\/\/lassiseouest.fr\/index.php\/remerciements-des-clients\/#breadcrumb","itemListElement":[{"@type":"ListItem","position":1,"name":"Accueil","item":"https:\/\/lassiseouest.fr\/"},{"@type":"ListItem","position":2,"name":"Avis clients"}]},{"@type":"WebSite","@id":"https:\/\/lassiseouest.fr\/#website","url":"https:\/\/lassiseouest.fr\/","name":"L'Assise Ouest","description":"Nouvelle assise, Nouvelle chaise","publisher":{"@id":"https:\/\/lassiseouest.fr\/#organization"},"potentialAction":[{"@type":"SearchAction","target":{"@type":"EntryPoint","urlTemplate":"https:\/\/lassiseouest.fr\/?s={search_term_string}"},"query-input":{"@type":"PropertyValueSpecification","valueRequired":true,"valueName":"search_term_string"}}],"inLanguage":"fr-FR"},{"@type":"Organization","@id":"https:\/\/lassiseouest.fr\/#organization","name":"L'Assise Ouest","url":"https:\/\/lassiseouest.fr\/","logo":{"@type":"ImageObject","inLanguage":"fr-FR","@id":"https:\/\/lassiseouest.fr\/#\/schema\/logo\/image\/","url":"https:\/\/lassiseouest.fr\/wp-content\/uploads\/2016\/09\/Logo-Assisse-de-lOuest-transparent-150x150-1.png","contentUrl":"https:\/\/lassiseouest.fr\/wp-content\/uploads\/2016\/09\/Logo-Assisse-de-lOuest-transparent-150x150-1.png","width":150,"height":150,"caption":"L'Assise Ouest"},"image":{"@id":"https:\/\/lassiseouest.fr\/#\/schema\/logo\/image\/"},"sameAs":["https:\/\/www.facebook.com\/profile.php?id=100067985598745","https:\/\/www.youtube.com\/channel\/UCQVzhUN8EGkq4yFk3oQ8YxA","https:\/\/www.pinterest.fr\/lassiseouest\/pins\/"]}]}},"_links":{"self":[{"href":"https:\/\/lassiseouest.fr\/index.php\/wp-json\/wp\/v2\/pages\/10585","targetHints":{"allow":["GET"]}}],"collection":[{"href":"https:\/\/lassiseouest.fr\/index.php\/wp-json\/wp\/v2\/pages"}],"about":[{"href":"https:\/\/lassiseouest.fr\/index.php\/wp-json\/wp\/v2\/types\/page"}],"author":[{"embeddable":true,"href":"https:\/\/lassiseouest.fr\/index.php\/wp-json\/wp\/v2\/users\/1"}],"replies":[{"embeddable":true,"href":"https:\/\/lassiseouest.fr\/index.php\/wp-json\/wp\/v2\/comments?post=10585"}],"version-history":[{"count":28,"href":"https:\/\/lassiseouest.fr\/index.php\/wp-json\/wp\/v2\/pages\/10585\/revisions"}],"predecessor-version":[{"id":10874,"href":"https:\/\/lassiseouest.fr\/index.php\/wp-json\/wp\/v2\/pages\/10585\/revisions\/10874"}],"wp:attachment":[{"href":"https:\/\/lassiseouest.fr\/index.php\/wp-json\/wp\/v2\/media?parent=10585"}],"curies":[{"name":"wp","href":"https:\/\/api.w.org\/{rel}","templated":true}]}}